{"id":8112,"date":"2017-09-01T00:29:16","date_gmt":"2017-08-31T22:29:16","guid":{"rendered":"https:\/\/www.bauxt.com\/register\/"},"modified":"2017-09-28T12:44:21","modified_gmt":"2017-09-28T10:44:21","slug":"sinscrire","status":"publish","type":"page","link":"https:\/\/www.bauxt.com\/fr\/sinscrire\/","title":{"rendered":"S&rsquo;inscrire"},"content":{"rendered":"<p><div class=\"fusion-fullwidth fullwidth-box fusion-builder-row-1 nonhundred-percent-fullwidth non-hundred-percent-height-scrolling\" style=\"--awb-border-radius-top-left:0px;--awb-border-radius-top-right:0px;--awb-border-radius-bottom-right:0px;--awb-border-radius-bottom-left:0px;--awb-padding-top:80px;--awb-padding-bottom:40px;--awb-margin-top:0px;--awb-margin-bottom:0px;--awb-background-color:#ffffff;--awb-flex-wrap:wrap;\" id=\"product-second-row\" ><div class=\"fusion-builder-row fusion-row\"><div class=\"fusion-layout-column fusion_builder_column fusion-builder-column-0 fusion_builder_column_1_1 1_1 fusion-one-full fusion-column-first fusion-column-last\" style=\"--awb-padding-top:0px;--awb-padding-bottom:0px;--awb-bg-size:cover;--awb-margin-bottom:0px;\"><div class=\"fusion-column-wrapper fusion-flex-column-wrapper-legacy\"><div class=\"fusion-title title fusion-title-1 fusion-sep-none fusion-title-text fusion-title-size-one\" style=\"--awb-margin-bottom:40px;--awb-margin-top-small:0px;--awb-margin-right-small:0px;--awb-margin-bottom-small:20px;--awb-margin-left-small:0px;\"><h1 class=\"fusion-title-heading title-heading-left\" style=\"margin:0;\"><p style=\"text-align: center;\">Inscription sur zone r\u00e9serv\u00e9e<\/p><\/h1><\/div><div class=\"fusion-clearfix\"><\/div><\/div><\/div><\/div><\/div><div class=\"fusion-fullwidth fullwidth-box fusion-builder-row-2 hundred-percent-fullwidth non-hundred-percent-height-scrolling\" style=\"--awb-border-radius-top-left:0px;--awb-border-radius-top-right:0px;--awb-border-radius-bottom-right:0px;--awb-border-radius-bottom-left:0px;--awb-padding-top:80px;--awb-padding-bottom:40px;--awb-margin-top:0px;--awb-margin-bottom:0px;--awb-background-color:#e3e5ea;--awb-flex-wrap:wrap;\" ><div class=\"fusion-builder-row fusion-row\"><div class=\"fusion-layout-column fusion_builder_column fusion-builder-column-1 fusion_builder_column_1_1 1_1 fusion-one-full fusion-column-first fusion-column-last\" style=\"--awb-bg-size:cover;\"><div class=\"fusion-column-wrapper fusion-flex-column-wrapper-legacy\"><div class=\"fusion-text fusion-text-1\">\r\n<div class=\"w3eden wpdm-auth-page\" id=\"wpdmregpage\">\r\n    <div class=\"wpdm-auth-split\" id=\"wpdmreg\">\r\n                    <div class=\"wpdm-auth-panel\">\r\n                <!-- Left Panel - Decorative -->\r\n                <div class=\"wpdm-auth-left\">\r\n                    <div class=\"wpdm-auth-grid\"><\/div>\r\n                    <div class=\"wpdm-auth-circles\">\r\n                        <div class=\"wpdm-auth-circle\"><\/div>\r\n                        <div class=\"wpdm-auth-circle\"><\/div>\r\n                        <div class=\"wpdm-auth-circle\"><\/div>\r\n                        <div class=\"wpdm-auth-circle\"><\/div>\r\n                    <\/div>\r\n\r\n                    <div class=\"wpdm-auth-brand\">\r\n                        <a href=\"https:\/\/www.bauxt.com\/fr\/\">\r\n                                                    <div class=\"wpdm-auth-brand-icon\">\r\n                                <svg viewBox=\"0 0 24 24\" fill=\"none\" stroke=\"currentColor\" stroke-width=\"2\"><circle cx=\"12\" cy=\"12\" r=\"10\"\/><path d=\"M12 16v-4\"\/><path d=\"M12 8h.01\"\/><\/svg>\r\n                            <\/div>\r\n                                                <span>Bauxt - Porte blindate Made in Italy<\/span>\r\n                        <\/a>\r\n                    <\/div>\r\n\r\n                    <div class=\"wpdm-auth-welcome\">\r\n                        <div class=\"wpdm-auth-welcome-sub\">Commencez votre aventure<\/div>\r\n                        <div class=\"wpdm-auth-welcome-title\">REJOIGNEZ-NOUS<\/div>\r\n                        <div class=\"wpdm-auth-welcome-line\"><\/div>\r\n                        <div class=\"wpdm-auth-welcome-text\">\r\n                            Cr\u00e9ez votre compte gratuit d\u00e8s aujourd\u2019hui pour acc\u00e9der \u00e0 des t\u00e9l\u00e9chargements exclusifs, g\u00e9rer vos fichiers et d\u00e9bloquer toutes les fonctionnalit\u00e9s.                        <\/div>\r\n                    <\/div>\r\n                <\/div>\r\n\r\n                <!-- Right Panel - Form -->\r\n                <div class=\"wpdm-auth-right wpdm-auth-right--scroll\">\r\n                    <div class=\"wpdm-auth-form-header wpdm-auth-form-header--compact\">\r\n                        <h1 class=\"wpdm-auth-form-title\">Cr\u00e9er un compte<\/h1>\r\n                        <p class=\"wpdm-auth-form-desc\">Remplissez vos coordonn\u00e9es ci-dessous pour commencer avec votre compte gratuit.<\/p>\r\n                    <\/div>\r\n\r\n                    <form method=\"post\" action=\"\" id=\"registerform\" name=\"registerform\">\r\n                        <input type=\"hidden\" id=\"wdpmregnonce\" name=\"wdpmregnonce\" value=\"90ab16da83\" \/><input type=\"hidden\" name=\"_wp_http_referer\" value=\"\/fr\/wp-json\/wp\/v2\/pages\/8112\" \/>\r\n                        <div id=\"__signup_msg\"><\/div>\r\n\r\n                                                    \r\n                            <input type='hidden' name='__phash' id='__phash' value='OkDTyRbJydm0H0ofOwkowmNlfSVy8YcQjoMgQepdKVgQ9t9SUDdskNSgStVZwcgYAbU-8TUPl5gvTkw9vRaPsPJUYCMGC6benDXDDbTFCQHKedK_57Udxm1w3HAYM1CZMuh_v5cj3K3Uz30qaahT50aWuNznF3UExVKHE7sWE67kFOoGHxHdSGrMHGvRrx6jfZl-o6uInL4igkGjxrsfcvvOAz4n0JwtwJ-esc4bGm8CZDBoqWAhfgV3h150Gl5P_Vn6LY5uKNrppXyoYSJt6hyLQBtMDZAm9FhAzvVR6K5Y'  \/><input type='hidden' name='__reg_nonce' id='__reg_nonce' value=''  \/><input type='hidden' name='loginurl' id='loginurl' value='https:\/\/www.bauxt.com\/login\/'  \/><input type='hidden' name='permalink' id='permalink' value='https:\/\/www.bauxt.com\/fr\/sinscrire\/'  \/><input type='hidden' name='reg_redirect' id='reg_redirect' value='https:\/\/www.bauxt.com\/login\/'  \/><div class='row' id='row_name'><div class='form-group col-md-6 col-sm-12' id='row_0'><div class='input-wrapper text-input-wrapper' id='row_0_wrapper'><label form='0'>Pr\u00e9nom<\/label><input type='text' name='wpdm_reg[first_name]' id='first_name' placeholder='Votre pr\u00e9nom' required='required' class='form-control'  \/><\/div><\/div><div class='form-group col-md-6 col-sm-12' id='row_1'><div class='input-wrapper text-input-wrapper' id='row_1_wrapper'><label form='1'>Nom<\/label><input type='text' name='wpdm_reg[last_name]' id='last_name' placeholder='Votre Nom' required='required' class='form-control'  \/><\/div><\/div><\/div><div class='form-group ' id='row_username'><div class='input-wrapper text-input-wrapper' id='row_username_wrapper'><label form='username'>Identifiant<\/label><input type='text' name='wpdm_reg[user_login]' id='user_login' placeholder='ID de connexion utilisateur\/utilisatrice' required='required' validate='alphanum' class='form-control'  \/><\/div><\/div><div class='form-group ' id='row_email'><div class='input-wrapper email-input-wrapper' id='row_email_wrapper'><label form='email'>Courriel<\/label><input type='email' name='wpdm_reg[user_email]' id='user_email' placeholder='Votre adresse e-mail' required='required' class='form-control'  \/><\/div><\/div><div class='row' id='row_password'><div class='form-group col-md-6 col-sm-12' id='row_0'><div class='input-wrapper password-input-wrapper' id='row_0_wrapper'><label form='0'>Mot de passe<\/label><input type='password' name='wpdm_reg[user_pass]' id='reg_password' placeholder='Mot de passe' required='required' strength='0' class='form-control'  \/><\/div><\/div><div class='form-group col-md-6 col-sm-12' id='row_1'><div class='input-wrapper password-input-wrapper' id='row_1_wrapper'><label form='1'>Confirmation du mot de passe<\/label><input type='password' name='confirm_user_pass' data-match='#reg_password' id='reg_confirm_pass' placeholder='Confirmation du mot de passe' required='required' class='form-control'  \/><\/div><\/div><\/div>\r\n                            \r\n                                                        \r\n                            <button type=\"submit\" class=\"wpdm-auth-btn wpdm-auth-btn--margin-top\" id=\"registerform-submit\" name=\"wp-submit\">\r\n                                <span>Cr\u00e9er un compte<\/span>\r\n                            <\/button>\r\n                        \r\n                        <!-- Social Login -->\r\n                        \r\n                        <!-- Login Link -->\r\n                                                    <div class=\"wpdm-auth-link\">\r\n                                Vous avez d\u00e9j\u00e0 un compte\u00a0?                                <a href=\"https:\/\/www.bauxt.com\/login\/\">Connectez-vous<\/a>\r\n                            <\/div>\r\n                                            <\/form>\r\n                <\/div>\r\n            <\/div>\r\n            <\/div>\r\n<\/div>\r\n\r\n<script>\r\njQuery(function ($) {\r\n    $('#__reg_nonce').val('f473ec58d9');\r\n\r\n        var $btn = $('#registerform-submit');\r\n    var btnHtml = $btn.html();\r\n\r\n    $('#registerform').submit(function (e) {\r\n        e.preventDefault();\r\n\r\n        if ($('#reg_password').val() !== $('#reg_confirm_pass').val()) {\r\n            $('#reg_confirm_pass').parent('.input-wrapper').addClass('input-error');\r\n            showErr('Les mots de passe ne correspondent pas.');\r\n            return false;\r\n        } else {\r\n            $('#reg_confirm_pass').parent('.input-wrapper').removeClass('input-error');\r\n        }\r\n\r\n        $btn.html('<span class=\"wpdm-auth-spinner\"><\/span><span>Cr\u00e9ation en cours\u2026<\/span>').attr('disabled', 'disabled');\r\n\r\n        var form_data = $(this).serializeArray();\r\n\r\n        $(this).ajaxSubmit({\r\n            success: function (res) {\r\n                if (res.success == false) {\r\n                    showErr(res.message);\r\n                    $btn.html(btnHtml).removeAttr('disabled');\r\n                } else if (res.success == true) {\r\n                    WPDM.doAction(\"wpdm_new_signup\", form_data);\r\n                    $btn.html('<svg viewBox=\"0 0 24 24\" width=\"16\" height=\"16\" fill=\"none\" stroke=\"currentColor\" stroke-width=\"2\"><path d=\"M22 11.08V12a10 10 0 1 1-5.93-9.14\"\/><polyline points=\"22 4 12 14.01 9 11.01\"\/><\/svg><span>R\u00e9ussi\u00a0!<\/span>');\r\n                    setTimeout(function () {\r\n                        location.href = res.redirect_to;\r\n                    }, 1500);\r\n                } else {\r\n                    alert(res);\r\n                }\r\n            },\r\n            error: function() {\r\n                showErr('Une erreur s\u2019est produite. Veuillez r\u00e9essayer.');\r\n                $btn.html(btnHtml).removeAttr('disabled');\r\n            }\r\n        });\r\n\r\n        return false;\r\n    });\r\n    \r\n    function showErr(msg) {\r\n        $('#registerform .wpdm-auth-alert.error').remove();\r\n        var html = '<div class=\"wpdm-auth-alert error\">' +\r\n            '<svg viewBox=\"0 0 24 24\" fill=\"none\" stroke=\"currentColor\" stroke-width=\"2\"><circle cx=\"12\" cy=\"12\" r=\"10\"\/><line x1=\"15\" y1=\"9\" x2=\"9\" y2=\"15\"\/><line x1=\"9\" y1=\"9\" x2=\"15\" y2=\"15\"\/><\/svg>' +\r\n            '<span>' + msg + '<\/span><\/div>';\r\n        $('#__signup_msg').html(html);\r\n    }\r\n\r\n    $('body').on('click', '.wpdm-auth-alert.error', function() {\r\n        $(this).slideUp(150, function() { $(this).remove(); });\r\n    });\r\n\r\n    });\r\n<\/script>\r\n\n<\/div><div class=\"fusion-clearfix\"><\/div><\/div><\/div><\/div><\/div><\/p>\n","protected":false},"excerpt":{"rendered":"","protected":false},"author":1,"featured_media":0,"parent":0,"menu_order":0,"comment_status":"closed","ping_status":"closed","template":"100-width.php","meta":{"footnotes":""},"class_list":["post-8112","page","type-page","status-publish","hentry"],"yoast_head":"<!-- This site is optimized with the Yoast SEO plugin v27.5 - https:\/\/yoast.com\/product\/yoast-seo-wordpress\/ -->\n<title>Inscription - Portes blind\u00e9es Bauxt, fabriqu\u00e9 en Italie<\/title>\n<meta name=\"description\" content=\"Inscription sur zone r\u00e9serv\u00e9e - Portes blind\u00e9es Bauxt, fabriqu\u00e9 en Italie\" \/>\n<meta name=\"robots\" content=\"index, follow, max-snippet:-1, max-image-preview:large, max-video-preview:-1\" \/>\n<link rel=\"canonical\" href=\"https:\/\/www.bauxt.com\/fr\/sinscrire\/\" \/>\n<meta property=\"og:locale\" content=\"fr_FR\" \/>\n<meta property=\"og:type\" content=\"article\" \/>\n<meta property=\"og:title\" content=\"Inscription - Portes blind\u00e9es Bauxt, fabriqu\u00e9 en Italie\" \/>\n<meta property=\"og:description\" content=\"Inscription sur zone r\u00e9serv\u00e9e - Portes blind\u00e9es Bauxt, fabriqu\u00e9 en Italie\" \/>\n<meta property=\"og:url\" content=\"https:\/\/www.bauxt.com\/fr\/sinscrire\/\" \/>\n<meta property=\"og:site_name\" content=\"Bauxt - Porte blindate Made in Italy\" \/>\n<meta property=\"article:publisher\" content=\"https:\/\/www.facebook.com\/Bauxt.design\/\" \/>\n<meta property=\"article:modified_time\" content=\"2017-09-28T10:44:21+00:00\" \/>\n<meta name=\"twitter:card\" content=\"summary_large_image\" \/>\n<meta name=\"twitter:site\" content=\"@Bauxt_design\" \/>\n<meta name=\"twitter:label1\" content=\"Dur\u00e9e de lecture estim\u00e9e\" \/>\n\t<meta name=\"twitter:data1\" content=\"2 minutes\" \/>\n<script type=\"application\/ld+json\" class=\"yoast-schema-graph\">{\"@context\":\"https:\\\/\\\/schema.org\",\"@graph\":[{\"@type\":\"WebPage\",\"@id\":\"https:\\\/\\\/www.bauxt.com\\\/fr\\\/sinscrire\\\/\",\"url\":\"https:\\\/\\\/www.bauxt.com\\\/fr\\\/sinscrire\\\/\",\"name\":\"Inscription - Portes blind\u00e9es Bauxt, fabriqu\u00e9 en Italie\",\"isPartOf\":{\"@id\":\"https:\\\/\\\/www.bauxt.com\\\/#website\"},\"datePublished\":\"2017-08-31T22:29:16+00:00\",\"dateModified\":\"2017-09-28T10:44:21+00:00\",\"description\":\"Inscription sur zone r\u00e9serv\u00e9e - Portes blind\u00e9es Bauxt, fabriqu\u00e9 en Italie\",\"breadcrumb\":{\"@id\":\"https:\\\/\\\/www.bauxt.com\\\/fr\\\/sinscrire\\\/#breadcrumb\"},\"inLanguage\":\"fr-FR\",\"potentialAction\":[{\"@type\":\"ReadAction\",\"target\":[\"https:\\\/\\\/www.bauxt.com\\\/fr\\\/sinscrire\\\/\"]}]},{\"@type\":\"BreadcrumbList\",\"@id\":\"https:\\\/\\\/www.bauxt.com\\\/fr\\\/sinscrire\\\/#breadcrumb\",\"itemListElement\":[{\"@type\":\"ListItem\",\"position\":1,\"name\":\"Home\",\"item\":\"https:\\\/\\\/www.bauxt.com\\\/fr\\\/\"},{\"@type\":\"ListItem\",\"position\":2,\"name\":\"S&rsquo;inscrire\"}]},{\"@type\":\"WebSite\",\"@id\":\"https:\\\/\\\/www.bauxt.com\\\/#website\",\"url\":\"https:\\\/\\\/www.bauxt.com\\\/\",\"name\":\"Bauxt - Porte blindate Made in Italy\",\"description\":\"Bauxt tiene al sicuro ogni casa e chi la abita\",\"publisher\":{\"@id\":\"https:\\\/\\\/www.bauxt.com\\\/#organization\"},\"potentialAction\":[{\"@type\":\"SearchAction\",\"target\":{\"@type\":\"EntryPoint\",\"urlTemplate\":\"https:\\\/\\\/www.bauxt.com\\\/?s={search_term_string}\"},\"query-input\":{\"@type\":\"PropertyValueSpecification\",\"valueRequired\":true,\"valueName\":\"search_term_string\"}}],\"inLanguage\":\"fr-FR\"},{\"@type\":\"Organization\",\"@id\":\"https:\\\/\\\/www.bauxt.com\\\/#organization\",\"name\":\"Bauxt Spa\",\"url\":\"https:\\\/\\\/www.bauxt.com\\\/\",\"logo\":{\"@type\":\"ImageObject\",\"inLanguage\":\"fr-FR\",\"@id\":\"https:\\\/\\\/www.bauxt.com\\\/#\\\/schema\\\/logo\\\/image\\\/\",\"url\":\"https:\\\/\\\/www.bauxt.com\\\/wp-content\\\/uploads\\\/2017\\\/06\\\/bauxt-logo-retina.png\",\"contentUrl\":\"https:\\\/\\\/www.bauxt.com\\\/wp-content\\\/uploads\\\/2017\\\/06\\\/bauxt-logo-retina.png\",\"width\":288,\"height\":92,\"caption\":\"Bauxt Spa\"},\"image\":{\"@id\":\"https:\\\/\\\/www.bauxt.com\\\/#\\\/schema\\\/logo\\\/image\\\/\"},\"sameAs\":[\"https:\\\/\\\/www.facebook.com\\\/Bauxt.design\\\/\",\"https:\\\/\\\/x.com\\\/Bauxt_design\",\"https:\\\/\\\/www.instagram.com\\\/bauxt_design\\\/\",\"https:\\\/\\\/www.linkedin.com\\\/company-beta\\\/17979933\\\/\",\"https:\\\/\\\/it.pinterest.com\\\/bauxt_design\\\/\",\"https:\\\/\\\/www.youtube.com\\\/channel\\\/UCra8Ed-tqriJSnYFsmULimQ\"]}]}<\/script>\n<!-- \/ Yoast SEO plugin. -->","yoast_head_json":{"title":"Inscription - Portes blind\u00e9es Bauxt, fabriqu\u00e9 en Italie","description":"Inscription sur zone r\u00e9serv\u00e9e - Portes blind\u00e9es Bauxt, fabriqu\u00e9 en Italie","robots":{"index":"index","follow":"follow","max-snippet":"max-snippet:-1","max-image-preview":"max-image-preview:large","max-video-preview":"max-video-preview:-1"},"canonical":"https:\/\/www.bauxt.com\/fr\/sinscrire\/","og_locale":"fr_FR","og_type":"article","og_title":"Inscription - Portes blind\u00e9es Bauxt, fabriqu\u00e9 en Italie","og_description":"Inscription sur zone r\u00e9serv\u00e9e - Portes blind\u00e9es Bauxt, fabriqu\u00e9 en Italie","og_url":"https:\/\/www.bauxt.com\/fr\/sinscrire\/","og_site_name":"Bauxt - Porte blindate Made in Italy","article_publisher":"https:\/\/www.facebook.com\/Bauxt.design\/","article_modified_time":"2017-09-28T10:44:21+00:00","twitter_card":"summary_large_image","twitter_site":"@Bauxt_design","twitter_misc":{"Dur\u00e9e de lecture estim\u00e9e":"2 minutes"},"schema":{"@context":"https:\/\/schema.org","@graph":[{"@type":"WebPage","@id":"https:\/\/www.bauxt.com\/fr\/sinscrire\/","url":"https:\/\/www.bauxt.com\/fr\/sinscrire\/","name":"Inscription - Portes blind\u00e9es Bauxt, fabriqu\u00e9 en Italie","isPartOf":{"@id":"https:\/\/www.bauxt.com\/#website"},"datePublished":"2017-08-31T22:29:16+00:00","dateModified":"2017-09-28T10:44:21+00:00","description":"Inscription sur zone r\u00e9serv\u00e9e - Portes blind\u00e9es Bauxt, fabriqu\u00e9 en Italie","breadcrumb":{"@id":"https:\/\/www.bauxt.com\/fr\/sinscrire\/#breadcrumb"},"inLanguage":"fr-FR","potentialAction":[{"@type":"ReadAction","target":["https:\/\/www.bauxt.com\/fr\/sinscrire\/"]}]},{"@type":"BreadcrumbList","@id":"https:\/\/www.bauxt.com\/fr\/sinscrire\/#breadcrumb","itemListElement":[{"@type":"ListItem","position":1,"name":"Home","item":"https:\/\/www.bauxt.com\/fr\/"},{"@type":"ListItem","position":2,"name":"S&rsquo;inscrire"}]},{"@type":"WebSite","@id":"https:\/\/www.bauxt.com\/#website","url":"https:\/\/www.bauxt.com\/","name":"Bauxt - Porte blindate Made in Italy","description":"Bauxt tiene al sicuro ogni casa e chi la abita","publisher":{"@id":"https:\/\/www.bauxt.com\/#organization"},"potentialAction":[{"@type":"SearchAction","target":{"@type":"EntryPoint","urlTemplate":"https:\/\/www.bauxt.com\/?s={search_term_string}"},"query-input":{"@type":"PropertyValueSpecification","valueRequired":true,"valueName":"search_term_string"}}],"inLanguage":"fr-FR"},{"@type":"Organization","@id":"https:\/\/www.bauxt.com\/#organization","name":"Bauxt Spa","url":"https:\/\/www.bauxt.com\/","logo":{"@type":"ImageObject","inLanguage":"fr-FR","@id":"https:\/\/www.bauxt.com\/#\/schema\/logo\/image\/","url":"https:\/\/www.bauxt.com\/wp-content\/uploads\/2017\/06\/bauxt-logo-retina.png","contentUrl":"https:\/\/www.bauxt.com\/wp-content\/uploads\/2017\/06\/bauxt-logo-retina.png","width":288,"height":92,"caption":"Bauxt Spa"},"image":{"@id":"https:\/\/www.bauxt.com\/#\/schema\/logo\/image\/"},"sameAs":["https:\/\/www.facebook.com\/Bauxt.design\/","https:\/\/x.com\/Bauxt_design","https:\/\/www.instagram.com\/bauxt_design\/","https:\/\/www.linkedin.com\/company-beta\/17979933\/","https:\/\/it.pinterest.com\/bauxt_design\/","https:\/\/www.youtube.com\/channel\/UCra8Ed-tqriJSnYFsmULimQ"]}]}},"_links":{"self":[{"href":"https:\/\/www.bauxt.com\/fr\/wp-json\/wp\/v2\/pages\/8112","targetHints":{"allow":["GET"]}}],"collection":[{"href":"https:\/\/www.bauxt.com\/fr\/wp-json\/wp\/v2\/pages"}],"about":[{"href":"https:\/\/www.bauxt.com\/fr\/wp-json\/wp\/v2\/types\/page"}],"author":[{"embeddable":true,"href":"https:\/\/www.bauxt.com\/fr\/wp-json\/wp\/v2\/users\/1"}],"replies":[{"embeddable":true,"href":"https:\/\/www.bauxt.com\/fr\/wp-json\/wp\/v2\/comments?post=8112"}],"version-history":[{"count":2,"href":"https:\/\/www.bauxt.com\/fr\/wp-json\/wp\/v2\/pages\/8112\/revisions"}],"predecessor-version":[{"id":8114,"href":"https:\/\/www.bauxt.com\/fr\/wp-json\/wp\/v2\/pages\/8112\/revisions\/8114"}],"wp:attachment":[{"href":"https:\/\/www.bauxt.com\/fr\/wp-json\/wp\/v2\/media?parent=8112"}],"curies":[{"name":"wp","href":"https:\/\/api.w.org\/{rel}","templated":true}]}}