{"id":12206,"date":"2019-05-08T11:36:11","date_gmt":"2019-05-08T09:36:11","guid":{"rendered":"https:\/\/www.bauxt.com\/newsletter-information\/"},"modified":"2020-05-22T10:38:22","modified_gmt":"2020-05-22T08:38:22","slug":"newsletter-information","status":"publish","type":"page","link":"https:\/\/www.bauxt.com\/fr\/newsletter-information\/","title":{"rendered":"Newsletter Information"},"content":{"rendered":"<div class=\"fusion-fullwidth fullwidth-box fusion-builder-row-1 nonhundred-percent-fullwidth non-hundred-percent-height-scrolling\" style=\"--awb-border-radius-top-left:0px;--awb-border-radius-top-right:0px;--awb-border-radius-bottom-right:0px;--awb-border-radius-bottom-left:0px;--awb-flex-wrap:wrap;\" ><div class=\"fusion-builder-row fusion-row\"><div class=\"fusion-layout-column fusion_builder_column fusion-builder-column-0 fusion_builder_column_1_1 1_1 fusion-one-full fusion-column-first fusion-column-last\" style=\"--awb-bg-size:cover;\"><div class=\"fusion-column-wrapper fusion-flex-column-wrapper-legacy\"><div class=\"fusion-title title fusion-title-1 fusion-sep-none fusion-title-text fusion-title-size-one\" style=\"--awb-margin-top-small:0px;--awb-margin-right-small:0px;--awb-margin-bottom-small:20px;--awb-margin-left-small:0px;\"><h1 class=\"fusion-title-heading title-heading-left\" style=\"margin:0;\"><span style=\"color: #000000;\">Note d\u2019information Newsletter<\/span><\/h1><\/div><div class=\"fusion-title title fusion-title-2 sep-underline sep-solid fusion-title-text fusion-title-size-two\" style=\"--awb-margin-top-small:0px;--awb-margin-right-small:0px;--awb-margin-bottom-small:20px;--awb-margin-left-small:0px;\"><h2 class=\"fusion-title-heading title-heading-left\" style=\"margin:0;\">INFORMATIONS SUR LE TRAITEMENT DES DONN\u00c9ES \u00c0 CARACT\u00c8RE PERSONNEL<\/h2><\/div><div class=\"fusion-sep-clear\"><\/div><div class=\"fusion-separator fusion-full-width-sep\" style=\"margin-left: auto;margin-right: auto;margin-top:10px;margin-bottom:10px;width:100%;\"><\/div><div class=\"fusion-sep-clear\"><\/div><div class=\"fusion-text fusion-text-1\"><p class=\"p1\"><span class=\"s1\">Ces informations sont fournies, conform\u00e9ment \u00e0 l&rsquo;art. 13 du R\u00e8glement UE 2016\/679 (RGPD) aux utilisateurs qui interagissent avec le site Web de Bauxt S.r.l., accessible par voie \u00e9lectronique \u00e0 l&rsquo;adresse : <a href=\"https:\/\/www.bauxt.com\/\">https:\/\/www.bauxt.com\/<\/a>, correspondant \u00e0 la page d&rsquo;accueil du site.<br \/>\n<\/span>La pr\u00e9sente note d&rsquo;information d\u00e9crit les modalit\u00e9s de gestion et de fourniture des donn\u00e9es dans le cadre de l&rsquo;abonnement \u00e0 la newsletter du site officiel de l\u2019entreprise uniquement.<br \/>\n<span class=\"s1\">Des informations compl\u00e9mentaires peuvent \u00eatre fournies au sein des diff\u00e9rents canaux d&rsquo;acc\u00e8s, r\u00e9parties en fonction des th\u00e8mes trait\u00e9s. <\/span><span class=\"s2\">D&rsquo;autres informations peuvent \u00eatre fournies sur le Site en relation avec des services sp\u00e9cifiques.<\/span><\/p>\n<p class=\"p1\"><span class=\"s1\" style=\"color: #000000;\"><b>Responsable du traitement<\/b><\/span>: <span class=\"s1\">Bauxt S.r.l. Via G. Agnelli,15 &#8211; 33053 Latisana (UD) &#8211; Italie <\/span><span class=\"s1\">contact<\/span>: <a href=\"mailto:privacy@bauxt.com\">privacy@bauxt.com<\/a><\/p>\n<\/p>\n<div class=\"table-2\">\n<table width=\"100%\">\n<thead>\n<tr style=\"vertical-align: text-top;\">\n<th style=\"width: 40%;\" align=\"left\">\n<p class=\"p1\"><span class=\"s1\" style=\"color: #ffffff;\"><b>Finalit\u00e9s du traitement<\/b><\/span><\/p>\n<\/th>\n<th style=\"width: 30%;\" align=\"left\">\n<p class=\"p1\"><span class=\"s1\" style=\"color: #ffffff;\"><b>Base juridique du traitement<\/b><\/span><\/p>\n<\/th>\n<th style=\"width: 30%;\" align=\"left\">\n<p class=\"p1\"><span class=\"s1\" style=\"color: #ffffff;\"><b>Dur\u00e9e de conservation des donn\u00e9es<\/b><\/span><\/p>\n<\/th>\n<\/tr>\n<\/thead>\n<tbody>\n<tr style=\"vertical-align: text-top;\">\n<td style=\"width: 40%;\" align=\"left\">\n<p class=\"p1\"><span class=\"s1\">Envoyer, par e-mail, les communications informatives (\u00ab\u00a0<b>Newsletter<\/b>\u00a0\u00bb) de l&rsquo;entreprise \u00e0 ceux qui le demandent explicitement, en saisissant les donn\u00e9es demand\u00e9es dans le formulaire de collecte des donn\u00e9es correspondant. L&rsquo;inscription permettra au Responsable de g\u00e9rer les informations et de r\u00e9pondre \u00e0 toute demande, y compris la demande de suppression.<\/span><\/p>\n<\/td>\n<td style=\"width: 30%;\" align=\"left\">\n<p class=\"p1\"><span class=\"s1\">Ex\u00e9cution du contrat auquel la personne concern\u00e9e est partie.<\/span><\/p>\n<\/td>\n<td style=\"width: 30%;\" align=\"left\">\n<p class=\"p1\"><span class=\"s1\">Les donn\u00e9es collect\u00e9es seront conserv\u00e9es jusqu&rsquo;\u00e0 ce que vous demandiez \u00e0 vous d\u00e9sabonner du service de newsletter. Pass\u00e9 ce d\u00e9lai, vos donn\u00e9es seront d\u00e9truites ou rendues anonymes conform\u00e9ment aux proc\u00e9dures techniques de suppression et de sauvegarde.<\/span><\/p>\n<\/td>\n<\/tr>\n<\/tbody>\n<\/table>\n<\/div>\n<p>\n<p class=\"p1\"><span class=\"s1\" style=\"color: #000000;\"><b>Type de donn\u00e9es trait\u00e9es et modalit\u00e9s de collecte<\/b><\/span><\/p>\n<p class=\"p1\"><span class=\"s1\"><b><span style=\"color: #000000;\">Donn\u00e9es fournies volontairement par l&rsquo;utilisateur<\/span><br \/>\n<\/b><\/span>L&rsquo;envoi volontaire et explicite de courriels aux adresses indiqu\u00e9es dans les diff\u00e9rents canaux d&rsquo;acc\u00e8s de ce site implique l&rsquo;acquisition ult\u00e9rieure de l&rsquo;adresse et des donn\u00e9es de l&rsquo;exp\u00e9diteur\/utilisateur, n\u00e9cessaires pour fournir le service demand\u00e9. N\u00e9anmoins, nous vous assurons qu&rsquo;un tel traitement sera fond\u00e9 sur les principes d&rsquo;exactitude, de l\u00e9galit\u00e9, de transparence et de protection de la vie priv\u00e9e tels qu&rsquo;indiqu\u00e9s dans le RGPD.<\/p>\n<p class=\"p1\"><span class=\"s1\"><b><span style=\"color: #000000;\">Fourniture des donn\u00e9es<\/span><br \/>\n<\/b><\/span>La fourniture des donn\u00e9es \u00e0 caract\u00e8re personnel par la personne concern\u00e9e, aux fins d\u00e9crites au paragraphe pr\u00e9c\u00e9dent, est consid\u00e9r\u00e9e comme obligatoire. La non-communication de ces donn\u00e9es peut nous mettre dans l\u2019impossibilit\u00e9 de vous envoyer nos newsletters.<\/p>\n<p class=\"p1\"><span class=\"s1\"><b><span style=\"color: #000000;\">D\u00e9sabonnement au service<\/span><br \/>\n<\/b><\/span>Si vous ne souhaitez plus recevoir la newsletter, vous pouvez cliquer sur le bouton de d\u00e9sabonnement<span class=\"Apple-converted-space\">\u00a0 <\/span>au bas de page de chaque newsletter ou nous contacter \u00e0 tout moment \u00e0 l\u2019adresse <a href=\"mailto:privacy@bauxt.com\">privacy@bauxt.com<\/a><\/p>\n<p class=\"p1\"><span class=\"s1\"><b><span style=\"color: #000000;\">Communication et\/ou divulgation des donn\u00e9es<\/span><br \/>\n<\/b><\/span>Vos donn\u00e9es, soumises au traitement, ne seront pas divulgu\u00e9es mais pourront \u00eatre communiqu\u00e9es \u00e0 des soci\u00e9t\u00e9s li\u00e9es contractuellement \u00e0 l\u2019entreprise, conform\u00e9ment et dans les limites du RGPD. Les donn\u00e9es collect\u00e9es ne seront pas transf\u00e9r\u00e9es \u00e0 l&rsquo;\u00e9tranger. Les donn\u00e9es peuvent \u00eatre communiqu\u00e9es \u00e0 des tiers appartenant aux cat\u00e9gories suivantes\u00a0:<\/p>\n<p class=\"p1\"><span class=\"s1\">\u2013 sujets qui fournissent des services pour la gestion du syst\u00e8me d&rsquo;information utilis\u00e9 par l&rsquo;entreprise et des r\u00e9seaux de t\u00e9l\u00e9communications (y compris \u00e9ventuellement les entreprises qui offrent un service de courrier \u00e9lectronique)\u00a0;<\/span><\/p>\n<p class=\"p2\"><span class=\"s1\">\u2013 autorit\u00e9s comp\u00e9tentes pour remplir les obligations de lois et\/ou de dispositions \u00e9manant d&rsquo;organismes publics, sur demande.<\/span><\/p>\n<p class=\"p3\"><span class=\"s1\">Les sujets appartenant aux cat\u00e9gories ci-dessus sont responsables du traitement des donn\u00e9es ou op\u00e8rent en totale autonomie en tant que responsables distincts du traitement des donn\u00e9es. La liste des responsables du traitement des donn\u00e9es est constamment mise \u00e0 jour et disponible au si\u00e8ge de l&rsquo;entreprise. Toute communication ou diffusion ult\u00e9rieure n&rsquo;aura lieu qu&rsquo;avec votre consentement explicite.<\/span><\/p>\n<p class=\"p1\"><span class=\"s1\"><b><span style=\"color: #000000;\">Existence \u00e9ventuelle d&rsquo;un processus d\u00e9cisionnel automatis\u00e9<\/span><br \/>\n<\/b><\/span>Le responsable informe la personne concern\u00e9e que ce site ne pr\u00e9voit pas de processus d\u00e9cisionnel automatis\u00e9 et ne pr\u00e9voit donc pas, notamment, de syst\u00e8me de profilage.<\/p>\n<p class=\"p1\"><span class=\"s1\"><b><span style=\"color: #000000;\">Mineurs<\/span><br \/>\n<\/b><\/span>Ce Site et les Services du Responsable ne sont pas destin\u00e9s aux moins de 16 ans et le Responsable du traitement ne collecte pas intentionnellement des informations personnelles relatives aux mineurs. En cas d&rsquo;enregistrement non intentionnel d&rsquo;informations relatives \u00e0 des mineurs, le Responsable du traitement les supprimera imm\u00e9diatement, \u00e0 la demande des utilisateurs.<\/p>\n<p class=\"p1\"><span class=\"s1\"><b><span style=\"color: #000000;\">Droits de la personne concern\u00e9e<\/span><br \/>\n<\/b><\/span>Les personnes concern\u00e9es ont le droit de recevoir de I&rsquo;Entreprise des informations sur le traitement des donn\u00e9es personnelles par courrier \u00e9lectronique \u00e0 l&rsquo;adresse: <a href=\"mailto:privacy@bauxt.com\"><span class=\"s3\">privacy@bauxt.com<\/span><\/a><\/p>\n<ul>\n<li class=\"li1\"><span class=\"s2\"><span style=\"color: #000000;\"><b>Droit d&rsquo;acc\u00e8s: <\/b><\/span>nous sommes transparents quant aux donn\u00e9es que nous collectons et \u00e0 l&rsquo;utilisation que nous en faisons. Vous pouvez nous contacter \u00e0 tout moment en nous envoyant un email pour acc\u00e9der aux informations en notre possession.<\/span><\/li>\n<li class=\"li1\"><span class=\"s2\"><span style=\"color: #000000;\"><b>Droit de rectification:<\/b><\/span> vous avez le droit d&rsquo;obtenir la rectification de toute information inexacte ou incompl\u00e8te et de demander sa mise \u00e0 jour et\/ou sa modification.<\/span><\/li>\n<li class=\"li1\"><span class=\"s2\"><span style=\"color: #000000;\"><b>Droit d\u2019effacement: <\/b><\/span> envoyez-nous une demande d&rsquo;effacement de toutes les donn\u00e9es vous concernant et nous traiterons votre demande dans un d\u00e9lai de 30 jours.<\/span><\/li>\n<li class=\"li1\"><span class=\"s2\"><span style=\"color: #000000;\"><b>Droit de limitation:<\/b><\/span> vous avez le droit de demander au responsable du traitement de limiter le traitement de vos donn\u00e9es.<\/span><\/li>\n<li class=\"li1\"><span class=\"s2\"><span style=\"color: #000000;\"><b>Droit \u00e0 la portabilit\u00e9: <\/b><\/span>si vous en faites la demande, nous exporterons vos donn\u00e9es afin qu&rsquo;elles puissent \u00eatre transf\u00e9r\u00e9es \u00e0 des tiers dans un format structur\u00e9 et couramment utilis\u00e9 qui puisse \u00eatre lu par un terminal automatique.<\/span><\/li>\n<li class=\"li1\"><span class=\"s2\"><span style=\"color: #000000;\"><b>Droit d&rsquo;opposition: <\/b><\/span>vous pouvez vous d\u00e9sabonner \u00e0 tout moment de toutes les utilisations sp\u00e9cifiques que nous faisons de vos donn\u00e9es (newsletters, emails automatiques, etc.).<\/span><\/li>\n<li class=\"li1\"><span class=\"s2\"><span style=\"color: #000000;\"><b>Droit d\u2019introduire une r\u00e9clamation:<\/b><\/span> si vous estimez que vos droits n\u2019ont pas \u00e9t\u00e9 respect\u00e9s, vous pouvez introduire une r\u00e9clamation aupr\u00e8s de l\u2019autorit\u00e9 comp\u00e9tente selon les modalit\u00e9s publi\u00e9es sur le site <a href=\"http:\/\/www.garanteprivacy.it\"><span class=\"s4\">www.garanteprivacy.it<\/span><\/a> ou par e-mail \u00e0 <a href=\"mailto:urp@gpdp.it\">urp@gpdp.it<\/a><\/span><\/li>\n<\/ul>\n<\/div><div class=\"fusion-clearfix\"><\/div><\/div><\/div><\/div><\/div>\n","protected":false},"excerpt":{"rendered":"","protected":false},"author":1,"featured_media":0,"parent":0,"menu_order":0,"comment_status":"closed","ping_status":"closed","template":"","meta":{"footnotes":""},"class_list":["post-12206","page","type-page","status-publish","hentry"],"yoast_head":"<!-- This site is optimized with the Yoast SEO plugin v27.5 - https:\/\/yoast.com\/product\/yoast-seo-wordpress\/ -->\n<title>Newsletter information - Bauxt, armoured doors Made in Italy<\/title>\n<meta name=\"description\" content=\"Newsletter information - Bauxt, armoured doors Made in Italy\" \/>\n<meta name=\"robots\" content=\"index, follow, max-snippet:-1, max-image-preview:large, max-video-preview:-1\" \/>\n<link rel=\"canonical\" href=\"https:\/\/www.bauxt.com\/fr\/newsletter-information\/\" \/>\n<meta property=\"og:locale\" content=\"fr_FR\" \/>\n<meta property=\"og:type\" content=\"article\" \/>\n<meta property=\"og:title\" content=\"Newsletter information - Bauxt, armoured doors Made in Italy\" \/>\n<meta property=\"og:description\" content=\"Newsletter information - Bauxt, armoured doors Made in Italy\" \/>\n<meta property=\"og:url\" content=\"https:\/\/www.bauxt.com\/fr\/newsletter-information\/\" \/>\n<meta property=\"og:site_name\" content=\"Bauxt - Porte blindate Made in Italy\" \/>\n<meta property=\"article:publisher\" content=\"https:\/\/www.facebook.com\/Bauxt.design\/\" \/>\n<meta property=\"article:modified_time\" content=\"2020-05-22T08:38:22+00:00\" \/>\n<meta name=\"twitter:card\" content=\"summary_large_image\" \/>\n<meta name=\"twitter:site\" content=\"@Bauxt_design\" \/>\n<meta name=\"twitter:label1\" content=\"Dur\u00e9e de lecture estim\u00e9e\" \/>\n\t<meta name=\"twitter:data1\" content=\"7 minutes\" \/>\n<script type=\"application\/ld+json\" class=\"yoast-schema-graph\">{\"@context\":\"https:\\\/\\\/schema.org\",\"@graph\":[{\"@type\":\"WebPage\",\"@id\":\"https:\\\/\\\/www.bauxt.com\\\/fr\\\/newsletter-information\\\/\",\"url\":\"https:\\\/\\\/www.bauxt.com\\\/fr\\\/newsletter-information\\\/\",\"name\":\"Newsletter information - Bauxt, armoured doors Made in Italy\",\"isPartOf\":{\"@id\":\"https:\\\/\\\/www.bauxt.com\\\/#website\"},\"datePublished\":\"2019-05-08T09:36:11+00:00\",\"dateModified\":\"2020-05-22T08:38:22+00:00\",\"description\":\"Newsletter information - Bauxt, armoured doors Made in Italy\",\"breadcrumb\":{\"@id\":\"https:\\\/\\\/www.bauxt.com\\\/fr\\\/newsletter-information\\\/#breadcrumb\"},\"inLanguage\":\"fr-FR\",\"potentialAction\":[{\"@type\":\"ReadAction\",\"target\":[\"https:\\\/\\\/www.bauxt.com\\\/fr\\\/newsletter-information\\\/\"]}]},{\"@type\":\"BreadcrumbList\",\"@id\":\"https:\\\/\\\/www.bauxt.com\\\/fr\\\/newsletter-information\\\/#breadcrumb\",\"itemListElement\":[{\"@type\":\"ListItem\",\"position\":1,\"name\":\"Home\",\"item\":\"https:\\\/\\\/www.bauxt.com\\\/fr\\\/\"},{\"@type\":\"ListItem\",\"position\":2,\"name\":\"Newsletter Information\"}]},{\"@type\":\"WebSite\",\"@id\":\"https:\\\/\\\/www.bauxt.com\\\/#website\",\"url\":\"https:\\\/\\\/www.bauxt.com\\\/\",\"name\":\"Bauxt - Porte blindate Made in Italy\",\"description\":\"Bauxt tiene al sicuro ogni casa e chi la abita\",\"publisher\":{\"@id\":\"https:\\\/\\\/www.bauxt.com\\\/#organization\"},\"potentialAction\":[{\"@type\":\"SearchAction\",\"target\":{\"@type\":\"EntryPoint\",\"urlTemplate\":\"https:\\\/\\\/www.bauxt.com\\\/?s={search_term_string}\"},\"query-input\":{\"@type\":\"PropertyValueSpecification\",\"valueRequired\":true,\"valueName\":\"search_term_string\"}}],\"inLanguage\":\"fr-FR\"},{\"@type\":\"Organization\",\"@id\":\"https:\\\/\\\/www.bauxt.com\\\/#organization\",\"name\":\"Bauxt Spa\",\"url\":\"https:\\\/\\\/www.bauxt.com\\\/\",\"logo\":{\"@type\":\"ImageObject\",\"inLanguage\":\"fr-FR\",\"@id\":\"https:\\\/\\\/www.bauxt.com\\\/#\\\/schema\\\/logo\\\/image\\\/\",\"url\":\"https:\\\/\\\/www.bauxt.com\\\/wp-content\\\/uploads\\\/2017\\\/06\\\/bauxt-logo-retina.png\",\"contentUrl\":\"https:\\\/\\\/www.bauxt.com\\\/wp-content\\\/uploads\\\/2017\\\/06\\\/bauxt-logo-retina.png\",\"width\":288,\"height\":92,\"caption\":\"Bauxt Spa\"},\"image\":{\"@id\":\"https:\\\/\\\/www.bauxt.com\\\/#\\\/schema\\\/logo\\\/image\\\/\"},\"sameAs\":[\"https:\\\/\\\/www.facebook.com\\\/Bauxt.design\\\/\",\"https:\\\/\\\/x.com\\\/Bauxt_design\",\"https:\\\/\\\/www.instagram.com\\\/bauxt_design\\\/\",\"https:\\\/\\\/www.linkedin.com\\\/company-beta\\\/17979933\\\/\",\"https:\\\/\\\/it.pinterest.com\\\/bauxt_design\\\/\",\"https:\\\/\\\/www.youtube.com\\\/channel\\\/UCra8Ed-tqriJSnYFsmULimQ\"]}]}<\/script>\n<!-- \/ Yoast SEO plugin. -->","yoast_head_json":{"title":"Newsletter information - Bauxt, armoured doors Made in Italy","description":"Newsletter information - Bauxt, armoured doors Made in Italy","robots":{"index":"index","follow":"follow","max-snippet":"max-snippet:-1","max-image-preview":"max-image-preview:large","max-video-preview":"max-video-preview:-1"},"canonical":"https:\/\/www.bauxt.com\/fr\/newsletter-information\/","og_locale":"fr_FR","og_type":"article","og_title":"Newsletter information - Bauxt, armoured doors Made in Italy","og_description":"Newsletter information - Bauxt, armoured doors Made in Italy","og_url":"https:\/\/www.bauxt.com\/fr\/newsletter-information\/","og_site_name":"Bauxt - Porte blindate Made in Italy","article_publisher":"https:\/\/www.facebook.com\/Bauxt.design\/","article_modified_time":"2020-05-22T08:38:22+00:00","twitter_card":"summary_large_image","twitter_site":"@Bauxt_design","twitter_misc":{"Dur\u00e9e de lecture estim\u00e9e":"7 minutes"},"schema":{"@context":"https:\/\/schema.org","@graph":[{"@type":"WebPage","@id":"https:\/\/www.bauxt.com\/fr\/newsletter-information\/","url":"https:\/\/www.bauxt.com\/fr\/newsletter-information\/","name":"Newsletter information - Bauxt, armoured doors Made in Italy","isPartOf":{"@id":"https:\/\/www.bauxt.com\/#website"},"datePublished":"2019-05-08T09:36:11+00:00","dateModified":"2020-05-22T08:38:22+00:00","description":"Newsletter information - Bauxt, armoured doors Made in Italy","breadcrumb":{"@id":"https:\/\/www.bauxt.com\/fr\/newsletter-information\/#breadcrumb"},"inLanguage":"fr-FR","potentialAction":[{"@type":"ReadAction","target":["https:\/\/www.bauxt.com\/fr\/newsletter-information\/"]}]},{"@type":"BreadcrumbList","@id":"https:\/\/www.bauxt.com\/fr\/newsletter-information\/#breadcrumb","itemListElement":[{"@type":"ListItem","position":1,"name":"Home","item":"https:\/\/www.bauxt.com\/fr\/"},{"@type":"ListItem","position":2,"name":"Newsletter Information"}]},{"@type":"WebSite","@id":"https:\/\/www.bauxt.com\/#website","url":"https:\/\/www.bauxt.com\/","name":"Bauxt - Porte blindate Made in Italy","description":"Bauxt tiene al sicuro ogni casa e chi la abita","publisher":{"@id":"https:\/\/www.bauxt.com\/#organization"},"potentialAction":[{"@type":"SearchAction","target":{"@type":"EntryPoint","urlTemplate":"https:\/\/www.bauxt.com\/?s={search_term_string}"},"query-input":{"@type":"PropertyValueSpecification","valueRequired":true,"valueName":"search_term_string"}}],"inLanguage":"fr-FR"},{"@type":"Organization","@id":"https:\/\/www.bauxt.com\/#organization","name":"Bauxt Spa","url":"https:\/\/www.bauxt.com\/","logo":{"@type":"ImageObject","inLanguage":"fr-FR","@id":"https:\/\/www.bauxt.com\/#\/schema\/logo\/image\/","url":"https:\/\/www.bauxt.com\/wp-content\/uploads\/2017\/06\/bauxt-logo-retina.png","contentUrl":"https:\/\/www.bauxt.com\/wp-content\/uploads\/2017\/06\/bauxt-logo-retina.png","width":288,"height":92,"caption":"Bauxt Spa"},"image":{"@id":"https:\/\/www.bauxt.com\/#\/schema\/logo\/image\/"},"sameAs":["https:\/\/www.facebook.com\/Bauxt.design\/","https:\/\/x.com\/Bauxt_design","https:\/\/www.instagram.com\/bauxt_design\/","https:\/\/www.linkedin.com\/company-beta\/17979933\/","https:\/\/it.pinterest.com\/bauxt_design\/","https:\/\/www.youtube.com\/channel\/UCra8Ed-tqriJSnYFsmULimQ"]}]}},"_links":{"self":[{"href":"https:\/\/www.bauxt.com\/fr\/wp-json\/wp\/v2\/pages\/12206","targetHints":{"allow":["GET"]}}],"collection":[{"href":"https:\/\/www.bauxt.com\/fr\/wp-json\/wp\/v2\/pages"}],"about":[{"href":"https:\/\/www.bauxt.com\/fr\/wp-json\/wp\/v2\/types\/page"}],"author":[{"embeddable":true,"href":"https:\/\/www.bauxt.com\/fr\/wp-json\/wp\/v2\/users\/1"}],"replies":[{"embeddable":true,"href":"https:\/\/www.bauxt.com\/fr\/wp-json\/wp\/v2\/comments?post=12206"}],"version-history":[{"count":6,"href":"https:\/\/www.bauxt.com\/fr\/wp-json\/wp\/v2\/pages\/12206\/revisions"}],"predecessor-version":[{"id":14096,"href":"https:\/\/www.bauxt.com\/fr\/wp-json\/wp\/v2\/pages\/12206\/revisions\/14096"}],"wp:attachment":[{"href":"https:\/\/www.bauxt.com\/fr\/wp-json\/wp\/v2\/media?parent=12206"}],"curies":[{"name":"wp","href":"https:\/\/api.w.org\/{rel}","templated":true}]}}