{"id":11405,"date":"2019-01-18T16:56:53","date_gmt":"2019-01-18T15:56:53","guid":{"rendered":"https:\/\/www.bauxt.com\/cookie-policy\/"},"modified":"2020-05-22T11:03:28","modified_gmt":"2020-05-22T09:03:28","slug":"cookie-policy","status":"publish","type":"page","link":"https:\/\/www.bauxt.com\/fr\/cookie-policy\/","title":{"rendered":"Cookie policy"},"content":{"rendered":"<div class=\"fusion-fullwidth fullwidth-box fusion-builder-row-1 nonhundred-percent-fullwidth non-hundred-percent-height-scrolling\" style=\"--awb-border-radius-top-left:0px;--awb-border-radius-top-right:0px;--awb-border-radius-bottom-right:0px;--awb-border-radius-bottom-left:0px;--awb-flex-wrap:wrap;\" ><div class=\"fusion-builder-row fusion-row\"><div class=\"fusion-layout-column fusion_builder_column fusion-builder-column-0 fusion_builder_column_1_1 1_1 fusion-one-full fusion-column-first fusion-column-last\" style=\"--awb-bg-size:cover;\"><div class=\"fusion-column-wrapper fusion-flex-column-wrapper-legacy\"><div class=\"fusion-title title fusion-title-1 sep-underline sep-solid fusion-title-text fusion-title-size-one\" style=\"--awb-margin-top-small:0px;--awb-margin-right-small:0px;--awb-margin-bottom-small:20px;--awb-margin-left-small:0px;\"><h1 class=\"fusion-title-heading title-heading-left\" style=\"margin:0;\"><span style=\"color: #000000;\">Politique en mati\u00e8re de cookies<\/span><\/h1><\/div><div class=\"fusion-sep-clear\"><\/div><div class=\"fusion-separator fusion-full-width-sep\" style=\"margin-left: auto;margin-right: auto;margin-top:10px;margin-bottom:10px;width:100%;\"><\/div><div class=\"fusion-sep-clear\"><\/div><div class=\"fusion-text fusion-text-1\"><p class=\"p1\"><span class=\"s1\">Ce site Web utilise des cookies. Nous utilisons les cookies pour personnaliser les contenus et les annonces, pour fournir des fonctionnalit\u00e9s de m\u00e9dias sociaux et pour analyser notre trafic. Nous partageons \u00e9galement des informations sur la fa\u00e7on dont vous utilisez notre site avec nos partenaires en analyse Web, publicit\u00e9 et m\u00e9dias sociaux, qui peuvent les combiner avec d&rsquo;autres informations que vous leur avez fournies ou recueillies lors de votre utilisation de leurs services. En poursuivant votre navigation, vous acceptez l&rsquo;utilisation de cookies.<br \/>\n<\/span>Les cookies sont de petits fichiers texte qui peuvent \u00eatre utilis\u00e9s par les sites Web pour rendre l&rsquo;exp\u00e9rience utilisateur plus efficace.<br \/>\nLa loi stipule que nous pouvons d\u00e9poser des cookies sur votre terminal s&rsquo;ils sont strictement n\u00e9cessaires au fonctionnement de ce site. Pour tous les autres types de cookies, nous avons besoin de votre autorisation.<br \/>\nCe site utilise diff\u00e9rents types de cookies. Certains cookies sont d\u00e9pos\u00e9s par des services tiers qui apparaissent sur nos pages.<br \/>\nVous pouvez modifier ou r\u00e9voquer votre consentement \u00e0 tout moment \u00e0 partir de la d\u00e9claration de cookies sur notre site Web.<br \/>\nVotre consentement s&rsquo;applique aux sites Web suivants: <a href=\"https:\/\/www.bauxt.com\/\">https:\/\/www.bauxt.com\/<\/a><\/p>\n<p class=\"p1\"><span class=\"s1\">Bauxt S.r.l. prot\u00e8ge la vie priv\u00e9e des navigateurs de ce site selon le RGPD<\/span><span class=\"s2\"> UE 2016\/679. Nous demandons au navigateur du site de lire, avant de naviguer sur le site, cette page et tout ajout ult\u00e9rieur, concernant la protection des donn\u00e9es personnelles. <\/span><span class=\"s1\">Ce qui est indiqu\u00e9 ici se r\u00e9f\u00e8re au site <\/span><a href=\"https:\/\/www.bauxt.com\/\">https:\/\/www.bauxt.com\/<\/a>, <span class=\"s1\">pour toutes ressources externes accessibles par le navigateur \u00e0 travers des liens, nous renvoyons la comp\u00e9tence aux sites propos\u00e9s \u00e0 l&rsquo;utilisateur.<\/span><\/p>\n<p><span style=\"color: #000000;\"><b>1. NAVIGATION<\/b><\/span><br \/>\nLe site utilise un logiciel de collecte d&rsquo;analyses statistiques pour nous aider \u00e0 comprendre comment les utilisateurs utilisent le site, afin de nous permettre d&rsquo;am\u00e9liorer l&rsquo;interaction entre le site et les utilisateurs lors des mises \u00e0 jour ult\u00e9rieures du site\u00a0: les donn\u00e9es sont collect\u00e9es \u00e0 des fins statistiques, sous forme agr\u00e9g\u00e9e et anonyme. La navigation \u00ab\u00a0passive\u00a0\u00bb implique l&rsquo;utilisation de cookies (de session ou permanents), que l&rsquo;utilisateur peut \u00e9galement d\u00e9sactiver depuis son navigateur.<\/p>\n<p><strong><span style=\"color: #000000;\">2. COLLECTE D\u2019INFORMATIONS <\/span><\/strong><br \/>\nLa collecte d&rsquo;informations concerne la demande d&rsquo;informations, la possibilit\u00e9 de s&rsquo;abonner \u00e0 la newsletter de l&rsquo;entreprise.<\/p>\n<p><span style=\"color: #000000;\"><strong><em>Demande d&rsquo;informations<\/em><\/strong><\/span><br \/>\nL&#8217;email et les donn\u00e9es personnelles fournies lors de la demande d&rsquo;information ne sont utilis\u00e9es que pour faciliter le contact entre l&rsquo;entreprise et le navigateur, ou pour r\u00e9pondre \u00e0 vos demandes.<\/p>\n<p class=\"p1\"><span class=\"s1\"><b><span style=\"color: #000000;\">3. COOKIES<\/span><br \/>\n<\/b><\/span> Notre site utilise des cookies pour nous aider \u00e0 comprendre comment offrir aux visiteurs une meilleure exp\u00e9rience de navigation. Un cookie est un petit fichier texte contenant des caract\u00e8res alphanum\u00e9riques qui est stock\u00e9 dans la m\u00e9moire de votre navigateur \u00e0 moins que vous n&rsquo;y consentiez pas. Les cookies contiennent des informations qui sont transf\u00e9r\u00e9es, mais ce ne sont PAS des informations qui nous permettent de vous identifier, votre vie priv\u00e9e est garantie !<br \/>\nNous utilisons des cookies analytiques\/performants qui nous permettent de compter le nombre de visiteurs et de voir comment ils naviguent sur le site. Les donn\u00e9es sont agr\u00e9g\u00e9es et rendues anonymes, et non individuelles. Avec ces cookies, nous pouvons comprendre comment am\u00e9liorer le site ou comment aider les futurs utilisateurs \u00e0 trouver encore plus rapidement l&rsquo;information qu&rsquo;ils recherchent.<\/p>\n<\/p>\n<div class=\"table-2\">\n<table width=\"100%\">\n<thead>\n<tr style=\"vertical-align: text-top;\">\n<th align=\"left\">\n<p class=\"p1\"><span class=\"s1\" style=\"color: #ffffff;\"><b>Finalit\u00e9 du traitement<\/b><\/span><\/p>\n<\/th>\n<th align=\"left\">\n<p class=\"p1\"><span class=\"s1\" style=\"color: #ffffff;\"><b>Bases juridiques du traitement<\/b><\/span><\/p>\n<\/th>\n<th align=\"left\">\n<p class=\"p1\"><span class=\"s1\" style=\"color: #ffffff;\"><b>Dur\u00e9e de conservation des donn\u00e9es<\/b><\/span><\/p>\n<\/th>\n<\/tr>\n<\/thead>\n<tbody>\n<tr style=\"vertical-align: text-top;\">\n<td align=\"left\">\n<p class=\"p1\"><span class=\"s1\" style=\"color: #000000;\"><b>Cookies techniques de navigation et fonctionnels<\/b><\/span><\/p>\n<p class=\"p1\"><span class=\"s1\"> Le site utilise des cookies de premi\u00e8re partie, de session et persistants pour vous permettre de naviguer et d&rsquo;utiliser le site de mani\u00e8re s\u00fbre et efficace et pour am\u00e9liorer les services fournis par le site. Ces cookies, en vous reconnaissant lorsque vous revenez sur le site, vous \u00e9vitent d&rsquo;avoir \u00e0 saisir vos donn\u00e9es \u00e0 chaque fois. Enfin, les cookies fonctionnels am\u00e9liorent votre exp\u00e9rience de navigation. <\/span><\/p>\n<\/td>\n<td align=\"left\">\n<p class=\"p1\"><span class=\"s1\">Ex\u00e9cution d&rsquo;un contrat dont vous \u00eates partie &#8211; navigation et utilisation du site web<\/span><\/p>\n<\/td>\n<td align=\"left\">\n<p class=\"p1\"><span class=\"s1\">pendant toute la dur\u00e9e de la session de navigation sur le site et persistant m\u00eame \u00e0 la fin de celle-ci.<\/span><\/p>\n<\/td>\n<\/tr>\n<tr style=\"vertical-align: text-top;\">\n<td align=\"left\">\n<p class=\"p1\"><span class=\"s1\" style=\"color: #000000;\"><b>Cookies analytiques<\/b><\/span><\/p>\n<p class=\"p1\"><span class=\"s1\">Le site utilise Google Analytics pour collecter des informations sur l&rsquo;utilisation du site. Les param\u00e9trages de Google Analytics pr\u00e9voient le partage de donn\u00e9es avec Google afin d&rsquo;utiliser les services suivants\u00a0:<br \/>\n<b>a) <\/b>l&rsquo;analyse comparative, c&rsquo;est-\u00e0-dire la participation \u00e0 la collecte de donn\u00e9es anonymes qui nous aident \u00e0 mieux comprendre les tendances des donn\u00e9es,<br \/>\n<b>b)<\/b> le support technique, pour permettre \u00e0 Google de fournir de l&rsquo;aide, et<br \/>\n<b>c)<\/b> les experts du compte, pour permettre aux experts en marketing de Google de fournir des suggestions pour am\u00e9liorer la configuration et l\u2019analyse. <\/span><\/p>\n<p class=\"p1\"><span class=\"s1\">Pour plus de d\u00e9tails et d&rsquo;informations, veuillez consulter la page du fournisseur \u00e0 l&rsquo;adresse https:\/\/support.google.com\/analytics\/answer\/1011397. Par d\u00e9faut, les cookies analytiques utilisent l&rsquo;adresse IP compl\u00e8te des utilisateurs du site pour fournir des donn\u00e9es g\u00e9ographiques g\u00e9n\u00e9rales dans les rapports. Un<a href=\"https:\/\/tools.google.com\/dlpage\/gaoptout?hl=it\"><span class=\"s2\"> formulaire suppl\u00e9mentaire<\/span><\/a> vous permet de <b>d\u00e9sactiver<\/b> <b>Google Analytics<\/b><\/span><\/p>\n<\/td>\n<td align=\"left\">\n<p class=\"p1\"><span class=\"s1\">Int\u00e9r\u00eat l\u00e9gitime<\/span><\/p>\n<\/td>\n<td align=\"left\">\n<p class=\"p1\"><span class=\"s1\">pendant toute la dur\u00e9e de la session de navigation sur le site et persistant m\u00eame \u00e0 la fin de celle-ci.<\/span><\/p>\n<\/td>\n<\/tr>\n<tr style=\"vertical-align: text-top;\">\n<td align=\"left\">\n<p class=\"p1\"><span class=\"s1\" style=\"color: #000000;\"><b>Cookies sociaux<\/b><\/span><\/p>\n<p class=\"p1\"><span class=\"s1\">Les cookies de tiers sont utilis\u00e9s au sein du site pour permettre aux utilisateurs d&rsquo;interagir avec les r\u00e9seaux sociaux (Facebook, Twitter, &#8230;) et en particulier pour partager les contenus du site via ces r\u00e9seaux sociaux.<\/span><\/p>\n<\/td>\n<td align=\"left\">\n<p class=\"p1\">\n<\/td>\n<td align=\"left\"><\/td>\n<\/tr>\n<\/tbody>\n<\/table>\n<\/div>\n<p>\n<p class=\"p1\"><span class=\"s1\">Une fois les conditions de stockage susmentionn\u00e9es expir\u00e9es, vos donn\u00e9es personnelles seront d\u00e9truites, supprim\u00e9es ou rendues anonymes, conform\u00e9ment aux proc\u00e9dures techniques de suppression et de sauvegarde.<\/span><\/p>\n<p class=\"p1\"><span class=\"s1\"><b><span style=\"color: #000000;\">Fourniture de donn\u00e9es<\/span><br \/>\n<\/b><\/span>Lorsque vous acc\u00e9dez \u00e0 n&rsquo;importe quelle page du Site, vous remarquerez une banni\u00e8re contenant une br\u00e8ve d\u00e9claration. En fermant la banni\u00e8re ou en continuant \u00e0 naviguer sur le site, en acc\u00e9dant \u00e0 d&rsquo;autres zones du site ou en s\u00e9lectionnant un \u00e9l\u00e9ment du site (par exemple, une image ou un lien), vous consentez \u00e0 l&rsquo;utilisation des cookies. Le consentement \u00e0 l&rsquo;utilisation de cookies est enregistr\u00e9 \u00e0 l&rsquo;aide d&rsquo;un \u00ab\u00a0cookie technique\u00a0\u00bb.<\/p>\n<p class=\"p1\"><span class=\"s1\"><b><span style=\"color: #000000;\">4. APPLICATIONS TIERCES INT\u00c9GR\u00c9ES DANS NOTRE SITE<\/span><br \/>\n<\/b><\/span>Nous pouvons inclure sur notre site des applications informatiques tierces qui vous permettent de partager le contenu de notre site Web avec d&rsquo;autres personnes ou d&rsquo;informer ces autres personnes de votre consultation ou de votre opinion sur le contenu de notre site. C&rsquo;est notamment le cas des boutons tels que \u00ab\u00a0Partager\u00a0\u00bb, \u00ab\u00a0J&rsquo;aime\u00a0\u00bb, fournis par les r\u00e9seaux sociaux tels que \u00ab\u00a0Facebook\u00a0\u00bb, \u00ab\u00a0Twitter\u00a0\u00bb, \u00ab\u00a0LinkedIn\u00a0\u00bb, \u00ab\u00a0Google+\u00a0\u00bb, etc.<\/p>\n<p class=\"p1\"><span class=\"s1\">Le r\u00e9seau social qui poss\u00e8de l&rsquo;un de ces boutons peut vous identifier gr\u00e2ce \u00e0 ce bouton, m\u00eame s&rsquo;il n&rsquo;est pas utilis\u00e9 lorsque vous visitez notre site Web.<\/span><\/p>\n<p class=\"p1\"><span class=\"s1\">En effet, ce type de bouton peut permettre au r\u00e9seau social en question de tracer votre navigation sur notre site, simplement parce que votre compte du r\u00e9seau social en question a \u00e9t\u00e9 activ\u00e9 sur votre terminal (session ouverte) lors de votre visite sur notre site.<\/span><\/p>\n<p class=\"p1\"><span class=\"s1\">Nous n&rsquo;avons aucun contr\u00f4le sur le processus utilis\u00e9 par le r\u00e9seau social pour collecter des informations concernant votre navigation sur notre site et li\u00e9es aux donn\u00e9es personnelles dont il dispose. Nous vous invitons \u00e0 consulter les politiques de confidentialit\u00e9 de ces r\u00e9seaux sociaux pour conna\u00eetre le but de leur utilisation, y compris la publicit\u00e9, les informations de navigation qu&rsquo;ils peuvent collecter avec ces boutons d&rsquo;application. Ces politiques devraient notamment vous permettre d&rsquo;exercer vos choix sur ces r\u00e9seaux sociaux, \u00e0 travers le param\u00e9trage de vos comptes pour l&rsquo;utilisation de chacun d&rsquo;entre eux.<\/span><\/p>\n<p class=\"p1\"><span class=\"s1\" style=\"color: #000000;\"><b>Comment d\u00e9sactiver les cookies des services tiers\u00a0?<\/b><\/span><\/p>\n<ul>\n<li class=\"li1\"><span class=\"s1\"><a href=\"http:\/\/www.google.com\/ads\/preferences\/?hl=it\"><span class=\"s2\">Services de Google<\/span><\/a><\/span><\/li>\n<li class=\"li1\"><span class=\"s1\"><a href=\"https:\/\/www.facebook.com\/help\/cookies?ref_type=sitefooter\"><span class=\"s2\">Facebook<\/span><\/a><\/span><\/li>\n<li class=\"li1\"><span class=\"s1\"><a href=\"https:\/\/support.twitter.com\/articles\/20170519-uso-dei-cookie-e-di-altre-tecnologie-simili-da-parte-di-twitter\"><span class=\"s2\">Twitter<\/span><\/a><\/span><\/li>\n<\/ul>\n<p class=\"p1\"><span class=\"s1\"><b><span style=\"color: #000000;\">5. VOS CHOIX CONCERNANT LES COOKIES<\/span><br \/>\n<\/b><\/span>Vous disposez de plusieurs options pour g\u00e9rer les cookies. L&rsquo;ensemble des param\u00e8tres que vous pouvez configurer peut entra\u00eener des modifications de vos habitudes de navigation sur Internet et de vos conditions d&rsquo;acc\u00e8s \u00e0 certains services qui n\u00e9cessitent l&rsquo;utilisation de cookies.<br \/>\nVous pouvez choisir \u00e0 tout moment d&rsquo;exprimer et de modifier vos choix concernant les cookies de la mani\u00e8re d\u00e9crite ci-dessous.<\/p>\n<p class=\"p1\"><span class=\"s1\"><b><i><span style=\"color: #000000;\">Choix offerts par votre navigateur<\/span><br \/>\n<\/i><\/b><\/span>Vous pouvez configurer votre navigateur de mani\u00e8re \u00e0 ce que les cookies soient enregistr\u00e9s sur votre terminal ou, au contraire, refus\u00e9s, soit syst\u00e9matiquement, soit selon l&rsquo;\u00e9metteur. Vous pouvez \u00e9galement configurer votre navigateur pour qu&rsquo;il vous demande d&rsquo;accepter ou de refuser les cookies en temps utile, avant qu&rsquo;un cookie ne soit susceptible d&rsquo;\u00eatre enregistr\u00e9 sur votre terminal. Pour plus d&rsquo;informations, voir \u00ab\u00a0Comment exercer votre choix, en fonction du navigateur que vous utilisez\u00a0?\u00a0\u00bb<\/p>\n<p class=\"p1\"><span class=\"s1\" style=\"color: #000000;\"><b><i>&#8211; <\/i><\/b><\/span><b><i><span style=\"color: #000000;\">Le Consentement aux cookies<\/span><br \/>\n<\/i><\/b>L&rsquo;enregistrement d&rsquo;un cookie dans un terminal est essentiellement soumis \u00e0 la volont\u00e9 de l&rsquo;utilisateur qui peut \u00eatre exprim\u00e9e et modifi\u00e9e \u00e0 tout moment et gratuitement gr\u00e2ce aux options offertes par le navigateur. Si vous avez accept\u00e9 l&rsquo;enregistrement de cookies dans votre terminal via votre navigateur, les cookies int\u00e9gr\u00e9s dans les pages et les contenus que vous avez consult\u00e9s peuvent \u00eatre temporairement stock\u00e9s dans une zone d\u00e9di\u00e9e de votre terminal. Celles-ci ne seront lisibles que par l&rsquo;\u00e9metteur.<\/p>\n<p class=\"p1\"><span class=\"s1\" style=\"color: #000000;\"><b><i>&#8211; <\/i><\/b><\/span><b><i><span style=\"color: #000000;\">Le refus des cookies<\/span><br \/>\n<\/i><\/b>Si vous refusez les cookies dans votre terminal, ou si vous supprimez ceux qui sont stock\u00e9s, vous ne pourrez peut-\u00eatre pas utiliser toutes nos fonctions interactives. Ce sera le cas si vous essayez d&rsquo;acc\u00e9der \u00e0 nos contenus ou \u00e0 nos services qui n\u00e9cessitent une identification. Il en va de m\u00eame si nous ou nos fournisseurs ne pouvons pas reconna\u00eetre, pour des raisons de compatibilit\u00e9 technique, le type de navigateur qui utilise votre appareil, la langue et les param\u00e8tres d&rsquo;affichage ou le pays \u00e0 partir duquel le terminal est connect\u00e9 \u00e0 Internet. Dans de tels cas, nous ne sommes pas responsables des cons\u00e9quences du dysfonctionnement de nos services caus\u00e9 par l&rsquo;impossibilit\u00e9 pour nous d&rsquo;enregistrer ou de lire les cookies n\u00e9cessaires au fonctionnement et que vous avez refus\u00e9 ou supprim\u00e9.<\/p>\n<p class=\"p1\"><span class=\"s1\" style=\"color: #000000;\"><b><i>&#8211; <\/i><\/b><\/span><b><i><span style=\"color: #000000;\">Comment exercer votre choix, en fonction du navigateur que vous utilisez?<\/span><br \/>\n<\/i><\/b>Pour la gestion des cookies et de vos choix, la configuration de chaque navigateur est diff\u00e9rente. Elle est d\u00e9crite dans le menu d&rsquo;aide de votre navigateur, qui vous permettra de savoir comment modifier vos choix concernant les cookies.<\/p>\n<p class=\"p2\"><span class=\"s2\">Internet Explorer\u2122\u00a0: <span class=\"s3\"><a href=\"http:\/\/windows.microsoft.com\/it-it\/internet-explorer\/delete-manage-cookies#ie=ie-11\">http:\/\/windows.microsoft.com\/it-it\/internet-explorer\/delete-manage-cookies#ie=ie-11<\/a><br \/>\n<\/span><\/span>Safari\u2122\u00a0:\u00a0<span class=\"s3\"><a href=\"https:\/\/support.apple.com\/it-it\/HT201265\">https:\/\/support.apple.com\/it-it\/HT201265<\/a><br \/>\n<\/span>Chrome\u2122\u00a0: <span class=\"s3\"><a href=\"https:\/\/support.google.com\/accounts\/answer\/61416?hl=it\">https:\/\/support.google.com\/accounts\/answer\/61416?hl=it<\/a><br \/>\n<\/span>Firefox\u2122 :<span class=\"s3\"><a href=\"http:\/\/support.mozilla.org\/it\/kb\/Attivare%2520e%2520disattivare%2520i%2520cookie\">http:\/\/support.mozilla.org\/it\/kb\/Attivare%20e%20disattivare%20i%20cookie<\/a><br \/>\n<\/span>Opera\u2122 :<a href=\"http:\/\/help.opera.com\/Windows\/10.20\/it\/cookies.html\"><span class=\"s3\">http:\/\/help.opera.com\/Windows\/10.20\/it\/cookies.html<\/span><\/a><\/p>\n<p class=\"p1\"><span class=\"s1\">etc.<br \/>\n<\/span>Si vous ne souhaitez pas consentir \u00e0 l&rsquo;enregistrement de cookies dans votre terminal (y compris \u00e0 des fins publicitaires), vous pouvez le configurer dans ce sens en utilisant la fonctionnalit\u00e9 correspondante dans votre navigateur.<\/p>\n<\/div><div class=\"fusion-clearfix\"><\/div><\/div><\/div><\/div><\/div>\n","protected":false},"excerpt":{"rendered":"","protected":false},"author":1,"featured_media":0,"parent":0,"menu_order":0,"comment_status":"closed","ping_status":"closed","template":"","meta":{"footnotes":""},"class_list":["post-11405","page","type-page","status-publish","hentry"],"yoast_head":"<!-- This site is optimized with the Yoast SEO plugin v27.5 - https:\/\/yoast.com\/product\/yoast-seo-wordpress\/ -->\n<title>Cookie policy - Bauxt - Porte blindate Made in Italy<\/title>\n<meta name=\"robots\" content=\"index, follow, max-snippet:-1, max-image-preview:large, max-video-preview:-1\" \/>\n<link rel=\"canonical\" href=\"https:\/\/www.bauxt.com\/fr\/cookie-policy\/\" \/>\n<meta property=\"og:locale\" content=\"fr_FR\" \/>\n<meta property=\"og:type\" content=\"article\" \/>\n<meta property=\"og:title\" content=\"Cookie policy - Bauxt - Porte blindate Made in Italy\" \/>\n<meta property=\"og:url\" content=\"https:\/\/www.bauxt.com\/fr\/cookie-policy\/\" \/>\n<meta property=\"og:site_name\" content=\"Bauxt - Porte blindate Made in Italy\" \/>\n<meta property=\"article:publisher\" content=\"https:\/\/www.facebook.com\/Bauxt.design\/\" \/>\n<meta property=\"article:modified_time\" content=\"2020-05-22T09:03:28+00:00\" \/>\n<meta name=\"twitter:card\" content=\"summary_large_image\" \/>\n<meta name=\"twitter:site\" content=\"@Bauxt_design\" \/>\n<meta name=\"twitter:label1\" content=\"Dur\u00e9e de lecture estim\u00e9e\" \/>\n\t<meta name=\"twitter:data1\" content=\"10 minutes\" \/>\n<script type=\"application\/ld+json\" class=\"yoast-schema-graph\">{\"@context\":\"https:\\\/\\\/schema.org\",\"@graph\":[{\"@type\":\"WebPage\",\"@id\":\"https:\\\/\\\/www.bauxt.com\\\/fr\\\/cookie-policy\\\/\",\"url\":\"https:\\\/\\\/www.bauxt.com\\\/fr\\\/cookie-policy\\\/\",\"name\":\"Cookie policy - Bauxt - Porte blindate Made in Italy\",\"isPartOf\":{\"@id\":\"https:\\\/\\\/www.bauxt.com\\\/#website\"},\"datePublished\":\"2019-01-18T15:56:53+00:00\",\"dateModified\":\"2020-05-22T09:03:28+00:00\",\"breadcrumb\":{\"@id\":\"https:\\\/\\\/www.bauxt.com\\\/fr\\\/cookie-policy\\\/#breadcrumb\"},\"inLanguage\":\"fr-FR\",\"potentialAction\":[{\"@type\":\"ReadAction\",\"target\":[\"https:\\\/\\\/www.bauxt.com\\\/fr\\\/cookie-policy\\\/\"]}]},{\"@type\":\"BreadcrumbList\",\"@id\":\"https:\\\/\\\/www.bauxt.com\\\/fr\\\/cookie-policy\\\/#breadcrumb\",\"itemListElement\":[{\"@type\":\"ListItem\",\"position\":1,\"name\":\"Home\",\"item\":\"https:\\\/\\\/www.bauxt.com\\\/fr\\\/\"},{\"@type\":\"ListItem\",\"position\":2,\"name\":\"Cookie policy\"}]},{\"@type\":\"WebSite\",\"@id\":\"https:\\\/\\\/www.bauxt.com\\\/#website\",\"url\":\"https:\\\/\\\/www.bauxt.com\\\/\",\"name\":\"Bauxt - Porte blindate Made in Italy\",\"description\":\"Bauxt tiene al sicuro ogni casa e chi la abita\",\"publisher\":{\"@id\":\"https:\\\/\\\/www.bauxt.com\\\/#organization\"},\"potentialAction\":[{\"@type\":\"SearchAction\",\"target\":{\"@type\":\"EntryPoint\",\"urlTemplate\":\"https:\\\/\\\/www.bauxt.com\\\/?s={search_term_string}\"},\"query-input\":{\"@type\":\"PropertyValueSpecification\",\"valueRequired\":true,\"valueName\":\"search_term_string\"}}],\"inLanguage\":\"fr-FR\"},{\"@type\":\"Organization\",\"@id\":\"https:\\\/\\\/www.bauxt.com\\\/#organization\",\"name\":\"Bauxt Spa\",\"url\":\"https:\\\/\\\/www.bauxt.com\\\/\",\"logo\":{\"@type\":\"ImageObject\",\"inLanguage\":\"fr-FR\",\"@id\":\"https:\\\/\\\/www.bauxt.com\\\/#\\\/schema\\\/logo\\\/image\\\/\",\"url\":\"https:\\\/\\\/www.bauxt.com\\\/wp-content\\\/uploads\\\/2017\\\/06\\\/bauxt-logo-retina.png\",\"contentUrl\":\"https:\\\/\\\/www.bauxt.com\\\/wp-content\\\/uploads\\\/2017\\\/06\\\/bauxt-logo-retina.png\",\"width\":288,\"height\":92,\"caption\":\"Bauxt Spa\"},\"image\":{\"@id\":\"https:\\\/\\\/www.bauxt.com\\\/#\\\/schema\\\/logo\\\/image\\\/\"},\"sameAs\":[\"https:\\\/\\\/www.facebook.com\\\/Bauxt.design\\\/\",\"https:\\\/\\\/x.com\\\/Bauxt_design\",\"https:\\\/\\\/www.instagram.com\\\/bauxt_design\\\/\",\"https:\\\/\\\/www.linkedin.com\\\/company-beta\\\/17979933\\\/\",\"https:\\\/\\\/it.pinterest.com\\\/bauxt_design\\\/\",\"https:\\\/\\\/www.youtube.com\\\/channel\\\/UCra8Ed-tqriJSnYFsmULimQ\"]}]}<\/script>\n<!-- \/ Yoast SEO plugin. -->","yoast_head_json":{"title":"Cookie policy - Bauxt - Porte blindate Made in Italy","robots":{"index":"index","follow":"follow","max-snippet":"max-snippet:-1","max-image-preview":"max-image-preview:large","max-video-preview":"max-video-preview:-1"},"canonical":"https:\/\/www.bauxt.com\/fr\/cookie-policy\/","og_locale":"fr_FR","og_type":"article","og_title":"Cookie policy - Bauxt - Porte blindate Made in Italy","og_url":"https:\/\/www.bauxt.com\/fr\/cookie-policy\/","og_site_name":"Bauxt - Porte blindate Made in Italy","article_publisher":"https:\/\/www.facebook.com\/Bauxt.design\/","article_modified_time":"2020-05-22T09:03:28+00:00","twitter_card":"summary_large_image","twitter_site":"@Bauxt_design","twitter_misc":{"Dur\u00e9e de lecture estim\u00e9e":"10 minutes"},"schema":{"@context":"https:\/\/schema.org","@graph":[{"@type":"WebPage","@id":"https:\/\/www.bauxt.com\/fr\/cookie-policy\/","url":"https:\/\/www.bauxt.com\/fr\/cookie-policy\/","name":"Cookie policy - Bauxt - Porte blindate Made in Italy","isPartOf":{"@id":"https:\/\/www.bauxt.com\/#website"},"datePublished":"2019-01-18T15:56:53+00:00","dateModified":"2020-05-22T09:03:28+00:00","breadcrumb":{"@id":"https:\/\/www.bauxt.com\/fr\/cookie-policy\/#breadcrumb"},"inLanguage":"fr-FR","potentialAction":[{"@type":"ReadAction","target":["https:\/\/www.bauxt.com\/fr\/cookie-policy\/"]}]},{"@type":"BreadcrumbList","@id":"https:\/\/www.bauxt.com\/fr\/cookie-policy\/#breadcrumb","itemListElement":[{"@type":"ListItem","position":1,"name":"Home","item":"https:\/\/www.bauxt.com\/fr\/"},{"@type":"ListItem","position":2,"name":"Cookie policy"}]},{"@type":"WebSite","@id":"https:\/\/www.bauxt.com\/#website","url":"https:\/\/www.bauxt.com\/","name":"Bauxt - Porte blindate Made in Italy","description":"Bauxt tiene al sicuro ogni casa e chi la abita","publisher":{"@id":"https:\/\/www.bauxt.com\/#organization"},"potentialAction":[{"@type":"SearchAction","target":{"@type":"EntryPoint","urlTemplate":"https:\/\/www.bauxt.com\/?s={search_term_string}"},"query-input":{"@type":"PropertyValueSpecification","valueRequired":true,"valueName":"search_term_string"}}],"inLanguage":"fr-FR"},{"@type":"Organization","@id":"https:\/\/www.bauxt.com\/#organization","name":"Bauxt Spa","url":"https:\/\/www.bauxt.com\/","logo":{"@type":"ImageObject","inLanguage":"fr-FR","@id":"https:\/\/www.bauxt.com\/#\/schema\/logo\/image\/","url":"https:\/\/www.bauxt.com\/wp-content\/uploads\/2017\/06\/bauxt-logo-retina.png","contentUrl":"https:\/\/www.bauxt.com\/wp-content\/uploads\/2017\/06\/bauxt-logo-retina.png","width":288,"height":92,"caption":"Bauxt Spa"},"image":{"@id":"https:\/\/www.bauxt.com\/#\/schema\/logo\/image\/"},"sameAs":["https:\/\/www.facebook.com\/Bauxt.design\/","https:\/\/x.com\/Bauxt_design","https:\/\/www.instagram.com\/bauxt_design\/","https:\/\/www.linkedin.com\/company-beta\/17979933\/","https:\/\/it.pinterest.com\/bauxt_design\/","https:\/\/www.youtube.com\/channel\/UCra8Ed-tqriJSnYFsmULimQ"]}]}},"_links":{"self":[{"href":"https:\/\/www.bauxt.com\/fr\/wp-json\/wp\/v2\/pages\/11405","targetHints":{"allow":["GET"]}}],"collection":[{"href":"https:\/\/www.bauxt.com\/fr\/wp-json\/wp\/v2\/pages"}],"about":[{"href":"https:\/\/www.bauxt.com\/fr\/wp-json\/wp\/v2\/types\/page"}],"author":[{"embeddable":true,"href":"https:\/\/www.bauxt.com\/fr\/wp-json\/wp\/v2\/users\/1"}],"replies":[{"embeddable":true,"href":"https:\/\/www.bauxt.com\/fr\/wp-json\/wp\/v2\/comments?post=11405"}],"version-history":[{"count":6,"href":"https:\/\/www.bauxt.com\/fr\/wp-json\/wp\/v2\/pages\/11405\/revisions"}],"predecessor-version":[{"id":14110,"href":"https:\/\/www.bauxt.com\/fr\/wp-json\/wp\/v2\/pages\/11405\/revisions\/14110"}],"wp:attachment":[{"href":"https:\/\/www.bauxt.com\/fr\/wp-json\/wp\/v2\/media?parent=11405"}],"curies":[{"name":"wp","href":"https:\/\/api.w.org\/{rel}","templated":true}]}}