{"id":12203,"date":"2019-05-08T11:36:11","date_gmt":"2019-05-08T09:36:11","guid":{"rendered":"https:\/\/www.bauxt.com\/newsletter-information\/"},"modified":"2020-05-22T10:54:51","modified_gmt":"2020-05-22T08:54:51","slug":"newsletter-information","status":"publish","type":"page","link":"https:\/\/www.bauxt.com\/es\/newsletter-information\/","title":{"rendered":"Newsletter Information"},"content":{"rendered":"<div class=\"fusion-fullwidth fullwidth-box fusion-builder-row-1 nonhundred-percent-fullwidth non-hundred-percent-height-scrolling\" style=\"--awb-border-radius-top-left:0px;--awb-border-radius-top-right:0px;--awb-border-radius-bottom-right:0px;--awb-border-radius-bottom-left:0px;--awb-flex-wrap:wrap;\" ><div class=\"fusion-builder-row fusion-row\"><div class=\"fusion-layout-column fusion_builder_column fusion-builder-column-0 fusion_builder_column_1_1 1_1 fusion-one-full fusion-column-first fusion-column-last\" style=\"--awb-bg-size:cover;\"><div class=\"fusion-column-wrapper fusion-flex-column-wrapper-legacy\"><div class=\"fusion-title title fusion-title-1 fusion-sep-none fusion-title-text fusion-title-size-one\" style=\"--awb-margin-top-small:0px;--awb-margin-right-small:0px;--awb-margin-bottom-small:20px;--awb-margin-left-small:0px;\"><h1 class=\"fusion-title-heading title-heading-left\" style=\"margin:0;\"><span style=\"color: #000000;\">Aviso legal Bolet\u00edn de noticias<\/span><\/h1><\/div><div class=\"fusion-title title fusion-title-2 sep-underline sep-solid fusion-title-text fusion-title-size-two\" style=\"--awb-margin-top-small:0px;--awb-margin-right-small:0px;--awb-margin-bottom-small:20px;--awb-margin-left-small:0px;\"><h2 class=\"fusion-title-heading title-heading-left\" style=\"margin:0;\">INFORMACI\u00d3N SOBRE EL TRATAMIENTO DE LOS DATOS PERSONALES<\/h2><\/div><div class=\"fusion-sep-clear\"><\/div><div class=\"fusion-separator fusion-full-width-sep\" style=\"margin-left: auto;margin-right: auto;margin-top:10px;margin-bottom:10px;width:100%;\"><\/div><div class=\"fusion-sep-clear\"><\/div><div class=\"fusion-text fusion-text-1\"><p class=\"p1\"><span class=\"s1\">Esta informaci\u00f3n se proporciona, de conformidad con el art. 13 del Reglamento UE 2016\/679 (RGPD), a los usuarios que interact\u00faan con el sitio web de Bauxt S.r.l., accesible a trav\u00e9s de Internet en la direcci\u00f3n: <a href=\"https:\/\/www.bauxt.com\/\">https:\/\/www.bauxt.com\/<\/a> correspondiente a la p\u00e1gina inicial del sitio.<br \/>\n<\/span>Esta informaci\u00f3n describe los m\u00e9todos de gesti\u00f3n y el suministro de datos en relaci\u00f3n con la suscripci\u00f3n al bolet\u00edn de noticias del \u00fanico sitio web oficial de la empresa.<br \/>\n<span class=\"s1\">A trav\u00e9s de diferentes canales de acceso, subdivididos en funci\u00f3n de los temas tratados, se puede proporcionar informaci\u00f3n adicional. En el sitio se puede proporcionar informaci\u00f3n adicional en relaci\u00f3n con servicios espec\u00edficos<\/span><span class=\"s2\">.<\/span><\/p>\n<p class=\"p1\"><span class=\"s1\"><b>Responsable del tratamiento<\/b><\/span>: <span class=\"s1\">Bauxt S.r.l. Via G. Agnelli,15 33053 Latisana (UD), Italia. <\/span><span class=\"s1\">Datos de contacto<\/span>: <a href=\"mailto:privacy@bauxt.com\">privacy@bauxt.com<\/a><\/p>\n<\/p>\n<div class=\"table-2\">\n<table width=\"100%\">\n<thead>\n<tr style=\"vertical-align: text-top;\">\n<th style=\"width: 40%;\" align=\"left\">\n<p class=\"p1\"><span class=\"s1\"><b>Finalidad del tratamiento<\/b><\/span><\/p>\n<\/th>\n<th style=\"width: 30%;\" align=\"left\">\n<p class=\"p1\"><span class=\"s1\"><b>Fundamento jur\u00eddico del tratamiento<\/b><\/span><\/p>\n<\/th>\n<th style=\"width: 30%;\" align=\"left\">\n<p class=\"p1\"><span class=\"s1\"><b>Per\u00edodo de almacenamiento de los datos<\/b><\/span><\/p>\n<\/th>\n<\/tr>\n<\/thead>\n<tbody>\n<tr style=\"vertical-align: text-top;\">\n<td style=\"width: 40%;\" align=\"left\">\n<p class=\"p1\"><span class=\"s1\">Enviar, por correo electr\u00f3nico, las comunicaciones informativas de la empresa (\u201c<b>Bolet\u00edn de noticias<\/b>\u201d) a quienes lo soliciten de forma expl\u00edcita, introduciendo los datos solicitados en el respectivo formulario de recogida de datos. El registro permitir\u00e1 que Responsable pueda gestionar la informaci\u00f3n y responder a sus eventuales solicitudes, incluso de supresi\u00f3n.<\/span><\/p>\n<\/td>\n<td style=\"width: 30%;\" align=\"left\">\n<p class=\"p1\"><span class=\"s1\">Ejecuci\u00f3n del contrato del cual forma parte el interesado.<\/span><\/p>\n<\/td>\n<td style=\"width: 30%;\" align=\"left\">\n<p class=\"p1\"><span class=\"s1\">Los datos recogidos se almacenar\u00e1n hasta que usted solicite darse de baja del servicio del Bolet\u00edn de noticias. Una vez que tal t\u00e9rmino haya expirado, sus datos ser\u00e1n destruidos o an\u00f3nimos, de acuerdo con los procedimientos t\u00e9cnicos de cancelaci\u00f3n y respaldo.<\/span><\/p>\n<\/td>\n<\/tr>\n<\/tbody>\n<\/table>\n<\/div>\n<p>\n<p class=\"p1\"><span class=\"s1\" style=\"color: #000000;\"><b>Tipo de datos tratados y m\u00e9todos de recogida<\/b><b><\/b><\/span><\/p>\n<p class=\"p1\"><span class=\"s1\"><b><span style=\"color: #000000;\">Datos suministrados voluntariamente por el usuario<br \/>\n<\/span><\/b><\/span>El env\u00edo voluntario y expl\u00edcito de correos electr\u00f3nicos a las direcciones indicadas en los diferentes canales de acceso de este sitio implica la posterior adquisici\u00f3n de la direcci\u00f3n y de los datos del remitente\/usuario, los cuales son necesarios para proporcionar el servicio solicitado. Si embargo, se asegura que dicho tratamiento se basar\u00e1 en los principios de licitud, lealtad y transparencia y de protecci\u00f3n de la confidencialidad como se indica en el RGPD.<\/p>\n<p class=\"p1\"><span class=\"s1\"><b><span style=\"color: #000000;\">Suministro de los datos<\/span><br \/>\n<\/b><\/span><span class=\"s1\">La comunicaci\u00f3n de los datos personales por parte del interesado, para las finalidades descritas en el apartado anterior, se considerar\u00e1 obligatorio. El no comunicarlos puede implicar la imposibilidad de enviarle el bolet\u00edn de noticias.<\/span><\/p>\n<p class=\"p1\"><span class=\"s1\"><b><span style=\"color: #000000;\">Eliminaci\u00f3n del servicio<\/span><br \/>\n<\/b><\/span><span class=\"s1\">Si no desea recibir el bolet\u00edn de noticias, puede hacer clic en el bot\u00f3n para darse de baja, al final de cada bolet\u00edn, o puede comunicarse con nosotros en cualquier momento en la direcci\u00f3n <\/span><a href=\"mailto:privacy@bauxt.com\"><span class=\"s2\">privacy@bauxt.com<\/span><\/a><\/p>\n<p class=\"p1\"><span class=\"s1\"><b><span style=\"color: #000000;\">Comunicaci\u00f3n y\/o difusi\u00f3n de los datos<br \/>\n<\/span><\/b><\/span>Sus datos, objeto del tratamiento, no se divulgar\u00e1n, pero podr\u00e1n ser comunicados a sociedades vinculadas contractualmente a la empresa, de conformidad y dentro de los l\u00edmites del RGPD. Los datos recogidos no ser\u00e1n transferidos al exterior. Los datos podr\u00e1n ser comunicados a terceros pertenecientes a las siguientes categor\u00edas:<\/p>\n<p class=\"p1\"><span class=\"s1\">\u2013 sujetos que prestan servicios de gesti\u00f3n del sistema inform\u00e1tico utilizado por la empresa y de las redes de telecomunicaciones (incluidas las posibles empresas que ofrecen el servicio de env\u00edo de correo electr\u00f3nico);<\/span><\/p>\n<p class=\"p2\"><span class=\"s1\">\u2013 autoridades competentes para cumplir con obligaciones legales y\/o disposiciones de organismos p\u00fablicos, a petici\u00f3n.<\/span><\/p>\n<p class=\"p3\"><span class=\"s1\">Los sujetos que pertenecen a las categor\u00edas anteriores cumplen la funci\u00f3n de Encargado del tratamiento de datos, o act\u00faan de forma independiente como otros Responsables del tratamiento de datos. La lista de los Encargados se actualiza constantemente y est\u00e1 disponible en el domicilio de la empresa. Cualquier comunicaci\u00f3n adicional o difusi\u00f3n estar\u00e1 sujeta al consentimiento expreso del usuario.<\/span><\/p>\n<p class=\"p1\"><span class=\"s1\"><b><span style=\"color: #000000;\">Posible existencia de decisiones automatizadas<\/span><br \/>\n<\/b><\/span>El Responsable comunica al interesado que en este sitio no existen decisiones automatizadas, por lo que en particular no existe una elaboraci\u00f3n de perfiles.<\/p>\n<p class=\"p1\"><span class=\"s1\"><b><span style=\"color: #000000;\">Menores<\/span><br \/>\n<\/b><\/span>Este Sitio y los Servicios del Responsable no est\u00e1n destinados a menores de 16 a\u00f1os y el Responsable no recaba intencionalmente informaci\u00f3n personal sobre menores. En caso de que se llegase a registrar informaci\u00f3n sobre menores involuntariamente, el Responsable la eliminar\u00e1 inmediatamente, a petici\u00f3n de los usuarios.<\/p>\n<p class=\"p1\"><span class=\"s1\"><b><span style=\"color: #000000;\">Derechos del interesado<br \/>\n<\/span><\/b><\/span>Los interesados tienen el derecho de recibir por parte de la Empresa informaci\u00f3n sobre el tratamiento efectuado a la informaci\u00f3n personal mediante correo electr\u00f3nico a<span class=\"s1\">: <\/span><a href=\"mailto:privacy@bauxt.com\"><span class=\"s3\">privacy@bauxt.com<\/span><\/a><\/p>\n<ul>\n<li class=\"li1\"><span class=\"s2\"><b>Derecho de acceso: <\/b>somos transparentes sobre los datos que recogemos y sobre el uso que hacemos de ellos. Puede contactarnos en cualquier momento enviando un correo electr\u00f3nico para acceder a la informaci\u00f3n en nuestro poder.<\/span><\/li>\n<li class=\"li1\"><span class=\"s2\"><b>Derecho de rectificaci\u00f3n:<\/b> usted tiene derecho a obtener la rectificaci\u00f3n de cualquier informaci\u00f3n inexacta o incompleta, as\u00ed como solicitar su actualizaci\u00f3n y\/o modificaci\u00f3n.<\/span><\/li>\n<li class=\"li1\"><span class=\"s2\"><b>Derecho a la supresi\u00f3n: <\/b>env\u00ede una solicitud de supresi\u00f3n de todos los datos que le conciernen y dentro de 30 d\u00edas procesaremos su solicitud.<\/span><\/li>\n<li class=\"li1\"><span class=\"s2\"><b>Derecho a la limitaci\u00f3n:<\/b> usted tiene derecho a solicitar que el responsable de los datos limite el tratamiento de sus datos.<\/span><\/li>\n<li class=\"li1\"><span class=\"s2\"><b>Derecho a la portabilidad: <\/b>si nos lo solicitase, exportaremos sus datos para que puedan ser transferidos a terceros en un formato estructurado, de uso com\u00fan y legible por dispositivo autom\u00e1tico.<\/span><\/li>\n<li class=\"li1\"><span class=\"s2\"><b>Derecho de oposici\u00f3n: <\/b>usted puede darse de baja en cualquier momento de todos los usos espec\u00edficos que hacemos de sus datos (boletines de noticias, correos electr\u00f3nicos autom\u00e1ticos, etc.).<\/span><\/li>\n<li class=\"li1\"><span class=\"s2\"><b>Derecho a presentar una reclamaci\u00f3n: <\/b>si usted considera que no se han respetado sus derechos, puede presentar una reclamaci\u00f3n ante la autoridad competente, de acuerdo con las indicaciones publicadas en el sitio <a href=\"http:\/\/www.garanteprivacy.it\"><span class=\"s4\">www.garanteprivacy.it<\/span><\/a> o mediante un correo electr\u00f3nico a <a href=\"mailto:urp@gpdp.it\">urp@gpdp.it<\/a><\/span><\/li>\n<\/ul>\n<\/div><div class=\"fusion-clearfix\"><\/div><\/div><\/div><\/div><\/div>\n","protected":false},"excerpt":{"rendered":"","protected":false},"author":1,"featured_media":0,"parent":0,"menu_order":0,"comment_status":"closed","ping_status":"closed","template":"","meta":{"footnotes":""},"class_list":["post-12203","page","type-page","status-publish","hentry"],"yoast_head":"<!-- This site is optimized with the Yoast SEO plugin v27.5 - https:\/\/yoast.com\/product\/yoast-seo-wordpress\/ -->\n<title>Newsletter information - Bauxt, armoured doors Made in Italy<\/title>\n<meta name=\"description\" content=\"Newsletter information - Bauxt, armoured doors Made in Italy\" \/>\n<meta name=\"robots\" content=\"index, follow, max-snippet:-1, max-image-preview:large, max-video-preview:-1\" \/>\n<link rel=\"canonical\" href=\"https:\/\/www.bauxt.com\/es\/newsletter-information\/\" \/>\n<meta property=\"og:locale\" content=\"es_ES\" \/>\n<meta property=\"og:type\" content=\"article\" \/>\n<meta property=\"og:title\" content=\"Newsletter information - Bauxt, armoured doors Made in Italy\" \/>\n<meta property=\"og:description\" content=\"Newsletter information - Bauxt, armoured doors Made in Italy\" \/>\n<meta property=\"og:url\" content=\"https:\/\/www.bauxt.com\/es\/newsletter-information\/\" \/>\n<meta property=\"og:site_name\" content=\"Bauxt - Porte blindate Made in Italy\" \/>\n<meta property=\"article:publisher\" content=\"https:\/\/www.facebook.com\/Bauxt.design\/\" \/>\n<meta property=\"article:modified_time\" content=\"2020-05-22T08:54:51+00:00\" \/>\n<meta name=\"twitter:card\" content=\"summary_large_image\" \/>\n<meta name=\"twitter:site\" content=\"@Bauxt_design\" \/>\n<meta name=\"twitter:label1\" content=\"Tiempo de lectura\" \/>\n\t<meta name=\"twitter:data1\" content=\"7 minutos\" \/>\n<script type=\"application\/ld+json\" class=\"yoast-schema-graph\">{\"@context\":\"https:\\\/\\\/schema.org\",\"@graph\":[{\"@type\":\"WebPage\",\"@id\":\"https:\\\/\\\/www.bauxt.com\\\/es\\\/newsletter-information\\\/\",\"url\":\"https:\\\/\\\/www.bauxt.com\\\/es\\\/newsletter-information\\\/\",\"name\":\"Newsletter information - Bauxt, armoured doors Made in Italy\",\"isPartOf\":{\"@id\":\"https:\\\/\\\/www.bauxt.com\\\/#website\"},\"datePublished\":\"2019-05-08T09:36:11+00:00\",\"dateModified\":\"2020-05-22T08:54:51+00:00\",\"description\":\"Newsletter information - Bauxt, armoured doors Made in Italy\",\"breadcrumb\":{\"@id\":\"https:\\\/\\\/www.bauxt.com\\\/es\\\/newsletter-information\\\/#breadcrumb\"},\"inLanguage\":\"es\",\"potentialAction\":[{\"@type\":\"ReadAction\",\"target\":[\"https:\\\/\\\/www.bauxt.com\\\/es\\\/newsletter-information\\\/\"]}]},{\"@type\":\"BreadcrumbList\",\"@id\":\"https:\\\/\\\/www.bauxt.com\\\/es\\\/newsletter-information\\\/#breadcrumb\",\"itemListElement\":[{\"@type\":\"ListItem\",\"position\":1,\"name\":\"Home\",\"item\":\"https:\\\/\\\/www.bauxt.com\\\/es\\\/\"},{\"@type\":\"ListItem\",\"position\":2,\"name\":\"Newsletter Information\"}]},{\"@type\":\"WebSite\",\"@id\":\"https:\\\/\\\/www.bauxt.com\\\/#website\",\"url\":\"https:\\\/\\\/www.bauxt.com\\\/\",\"name\":\"Bauxt - Porte blindate Made in Italy\",\"description\":\"Bauxt tiene al sicuro ogni casa e chi la abita\",\"publisher\":{\"@id\":\"https:\\\/\\\/www.bauxt.com\\\/#organization\"},\"potentialAction\":[{\"@type\":\"SearchAction\",\"target\":{\"@type\":\"EntryPoint\",\"urlTemplate\":\"https:\\\/\\\/www.bauxt.com\\\/?s={search_term_string}\"},\"query-input\":{\"@type\":\"PropertyValueSpecification\",\"valueRequired\":true,\"valueName\":\"search_term_string\"}}],\"inLanguage\":\"es\"},{\"@type\":\"Organization\",\"@id\":\"https:\\\/\\\/www.bauxt.com\\\/#organization\",\"name\":\"Bauxt Spa\",\"url\":\"https:\\\/\\\/www.bauxt.com\\\/\",\"logo\":{\"@type\":\"ImageObject\",\"inLanguage\":\"es\",\"@id\":\"https:\\\/\\\/www.bauxt.com\\\/#\\\/schema\\\/logo\\\/image\\\/\",\"url\":\"https:\\\/\\\/www.bauxt.com\\\/wp-content\\\/uploads\\\/2017\\\/06\\\/bauxt-logo-retina.png\",\"contentUrl\":\"https:\\\/\\\/www.bauxt.com\\\/wp-content\\\/uploads\\\/2017\\\/06\\\/bauxt-logo-retina.png\",\"width\":288,\"height\":92,\"caption\":\"Bauxt Spa\"},\"image\":{\"@id\":\"https:\\\/\\\/www.bauxt.com\\\/#\\\/schema\\\/logo\\\/image\\\/\"},\"sameAs\":[\"https:\\\/\\\/www.facebook.com\\\/Bauxt.design\\\/\",\"https:\\\/\\\/x.com\\\/Bauxt_design\",\"https:\\\/\\\/www.instagram.com\\\/bauxt_design\\\/\",\"https:\\\/\\\/www.linkedin.com\\\/company-beta\\\/17979933\\\/\",\"https:\\\/\\\/it.pinterest.com\\\/bauxt_design\\\/\",\"https:\\\/\\\/www.youtube.com\\\/channel\\\/UCra8Ed-tqriJSnYFsmULimQ\"]}]}<\/script>\n<!-- \/ Yoast SEO plugin. -->","yoast_head_json":{"title":"Newsletter information - Bauxt, armoured doors Made in Italy","description":"Newsletter information - Bauxt, armoured doors Made in Italy","robots":{"index":"index","follow":"follow","max-snippet":"max-snippet:-1","max-image-preview":"max-image-preview:large","max-video-preview":"max-video-preview:-1"},"canonical":"https:\/\/www.bauxt.com\/es\/newsletter-information\/","og_locale":"es_ES","og_type":"article","og_title":"Newsletter information - Bauxt, armoured doors Made in Italy","og_description":"Newsletter information - Bauxt, armoured doors Made in Italy","og_url":"https:\/\/www.bauxt.com\/es\/newsletter-information\/","og_site_name":"Bauxt - Porte blindate Made in Italy","article_publisher":"https:\/\/www.facebook.com\/Bauxt.design\/","article_modified_time":"2020-05-22T08:54:51+00:00","twitter_card":"summary_large_image","twitter_site":"@Bauxt_design","twitter_misc":{"Tiempo de lectura":"7 minutos"},"schema":{"@context":"https:\/\/schema.org","@graph":[{"@type":"WebPage","@id":"https:\/\/www.bauxt.com\/es\/newsletter-information\/","url":"https:\/\/www.bauxt.com\/es\/newsletter-information\/","name":"Newsletter information - Bauxt, armoured doors Made in Italy","isPartOf":{"@id":"https:\/\/www.bauxt.com\/#website"},"datePublished":"2019-05-08T09:36:11+00:00","dateModified":"2020-05-22T08:54:51+00:00","description":"Newsletter information - Bauxt, armoured doors Made in Italy","breadcrumb":{"@id":"https:\/\/www.bauxt.com\/es\/newsletter-information\/#breadcrumb"},"inLanguage":"es","potentialAction":[{"@type":"ReadAction","target":["https:\/\/www.bauxt.com\/es\/newsletter-information\/"]}]},{"@type":"BreadcrumbList","@id":"https:\/\/www.bauxt.com\/es\/newsletter-information\/#breadcrumb","itemListElement":[{"@type":"ListItem","position":1,"name":"Home","item":"https:\/\/www.bauxt.com\/es\/"},{"@type":"ListItem","position":2,"name":"Newsletter Information"}]},{"@type":"WebSite","@id":"https:\/\/www.bauxt.com\/#website","url":"https:\/\/www.bauxt.com\/","name":"Bauxt - Porte blindate Made in Italy","description":"Bauxt tiene al sicuro ogni casa e chi la abita","publisher":{"@id":"https:\/\/www.bauxt.com\/#organization"},"potentialAction":[{"@type":"SearchAction","target":{"@type":"EntryPoint","urlTemplate":"https:\/\/www.bauxt.com\/?s={search_term_string}"},"query-input":{"@type":"PropertyValueSpecification","valueRequired":true,"valueName":"search_term_string"}}],"inLanguage":"es"},{"@type":"Organization","@id":"https:\/\/www.bauxt.com\/#organization","name":"Bauxt Spa","url":"https:\/\/www.bauxt.com\/","logo":{"@type":"ImageObject","inLanguage":"es","@id":"https:\/\/www.bauxt.com\/#\/schema\/logo\/image\/","url":"https:\/\/www.bauxt.com\/wp-content\/uploads\/2017\/06\/bauxt-logo-retina.png","contentUrl":"https:\/\/www.bauxt.com\/wp-content\/uploads\/2017\/06\/bauxt-logo-retina.png","width":288,"height":92,"caption":"Bauxt Spa"},"image":{"@id":"https:\/\/www.bauxt.com\/#\/schema\/logo\/image\/"},"sameAs":["https:\/\/www.facebook.com\/Bauxt.design\/","https:\/\/x.com\/Bauxt_design","https:\/\/www.instagram.com\/bauxt_design\/","https:\/\/www.linkedin.com\/company-beta\/17979933\/","https:\/\/it.pinterest.com\/bauxt_design\/","https:\/\/www.youtube.com\/channel\/UCra8Ed-tqriJSnYFsmULimQ"]}]}},"_links":{"self":[{"href":"https:\/\/www.bauxt.com\/es\/wp-json\/wp\/v2\/pages\/12203","targetHints":{"allow":["GET"]}}],"collection":[{"href":"https:\/\/www.bauxt.com\/es\/wp-json\/wp\/v2\/pages"}],"about":[{"href":"https:\/\/www.bauxt.com\/es\/wp-json\/wp\/v2\/types\/page"}],"author":[{"embeddable":true,"href":"https:\/\/www.bauxt.com\/es\/wp-json\/wp\/v2\/users\/1"}],"replies":[{"embeddable":true,"href":"https:\/\/www.bauxt.com\/es\/wp-json\/wp\/v2\/comments?post=12203"}],"version-history":[{"count":5,"href":"https:\/\/www.bauxt.com\/es\/wp-json\/wp\/v2\/pages\/12203\/revisions"}],"predecessor-version":[{"id":14107,"href":"https:\/\/www.bauxt.com\/es\/wp-json\/wp\/v2\/pages\/12203\/revisions\/14107"}],"wp:attachment":[{"href":"https:\/\/www.bauxt.com\/es\/wp-json\/wp\/v2\/media?parent=12203"}],"curies":[{"name":"wp","href":"https:\/\/api.w.org\/{rel}","templated":true}]}}