{"id":11408,"date":"2019-01-18T16:56:53","date_gmt":"2019-01-18T15:56:53","guid":{"rendered":"https:\/\/www.bauxt.com\/cookie-policy\/"},"modified":"2020-05-22T11:05:40","modified_gmt":"2020-05-22T09:05:40","slug":"cookie-policy","status":"publish","type":"page","link":"https:\/\/www.bauxt.com\/es\/cookie-policy\/","title":{"rendered":"Cookie policy"},"content":{"rendered":"<div class=\"fusion-fullwidth fullwidth-box fusion-builder-row-1 nonhundred-percent-fullwidth non-hundred-percent-height-scrolling\" style=\"--awb-border-radius-top-left:0px;--awb-border-radius-top-right:0px;--awb-border-radius-bottom-right:0px;--awb-border-radius-bottom-left:0px;--awb-flex-wrap:wrap;\" ><div class=\"fusion-builder-row fusion-row\"><div class=\"fusion-layout-column fusion_builder_column fusion-builder-column-0 fusion_builder_column_1_1 1_1 fusion-one-full fusion-column-first fusion-column-last\" style=\"--awb-bg-size:cover;\"><div class=\"fusion-column-wrapper fusion-flex-column-wrapper-legacy\"><div class=\"fusion-title title fusion-title-1 sep-underline sep-solid fusion-title-text fusion-title-size-one\" style=\"--awb-margin-top-small:0px;--awb-margin-right-small:0px;--awb-margin-bottom-small:20px;--awb-margin-left-small:0px;\"><h1 class=\"fusion-title-heading title-heading-left\" style=\"margin:0;\"><span style=\"color: #000000;\">Pol\u00edtica de cookies<\/span><\/h1><\/div><div class=\"fusion-sep-clear\"><\/div><div class=\"fusion-separator fusion-full-width-sep\" style=\"margin-left: auto;margin-right: auto;margin-top:10px;margin-bottom:10px;width:100%;\"><\/div><div class=\"fusion-sep-clear\"><\/div><div class=\"fusion-text fusion-text-1\"><p class=\"p1\"><span class=\"s1\">Esta p\u00e1gina web utiliza <i>cookies<\/i>. Las <i>cookies<\/i> de esta p\u00e1gina web se utilizan para personalizar el contenido y los anuncios, ofrecer funciones de redes sociales y analizar el tr\u00e1fico. Adem\u00e1s, compartimos informaci\u00f3n sobre el uso que haga del sitio web con nuestros socios de an\u00e1lisis web, publicidad y redes sociales, quienes pueden combinarla con otra informaci\u00f3n que les haya proporcionado o que hayan recopilado a partir del uso que haya hecho de sus servicios. Acepte nuestras <i>cookies<\/i> si sigue utilizando nuestra p\u00e1gina web.<br \/>\n<\/span>Las <i>cookies<\/i> son peque\u00f1os archivos de texto que las p\u00e1ginas web pueden utilizar para que la experiencia del usuario sea m\u00e1s eficiente.<br \/>\nLa ley afirma que podemos almacenar <i>cookies<\/i> en su dispositivo si son estrictamente necesarias para el funcionamiento de esta p\u00e1gina. Para todos los dem\u00e1s tipos de <i>cookies<\/i> necesitamos su permiso.<br \/>\nEsta p\u00e1gina utiliza diferentes tipos de <i>cookies<\/i>. Algunas <i>cookies<\/i> son colocadas por servicios de terceros que aparecen en nuestras p\u00e1ginas.<br \/>\nEn cualquier momento puede modificar o revocar su consentimiento de la Declaraci\u00f3n de <i>cookies<\/i> en nuestra p\u00e1gina web.<br \/>\n<span class=\"s1\">Su consentimiento se aplica a las siguientes p\u00e1ginas web: <a href=\"https:\/\/www.bauxt.com\/\">https:\/\/www.bauxt.com\/<\/a>.<\/span><span class=\"s2\"><br \/>\n<\/span><span class=\"s2\">Bauxt S.r.l. <\/span><span class=\"s1\">protege la privacidad de quienes navegan en esta p\u00e1gina, seg\u00fan el RGPD UE 2016\/679. Es necesario que antes de navegar en este sitio lea esta p\u00e1gina y sus actualizaciones con respecto a la protecci\u00f3n de datos personales. Lo aqu\u00ed indicado hace referencia a la p\u00e1gina <a href=\"https:\/\/www.bauxt.com\/\">https:\/\/www.bauxt.com\/<\/a><\/span><span class=\"s2\">, <\/span><span class=\"s1\">para cualquier recurso externo al que se pueda acceder desde el navegador a trav\u00e9s del enlace, consulte los sitios propuestos al usuario.<\/span><\/p>\n<p class=\"p1\"><span class=\"s1\"><b><span style=\"color: #000000;\">1. NAVEGACI\u00d3N<br \/>\n<\/span><\/b><\/span>El sitio web utiliza un software para recabar an\u00e1lisis estad\u00edsticos que nos ayudan a comprender la forma en la que los usuarios lo utilizan, para poder mejorar la interacci\u00f3n entre el usuario y el sitio en actualizaciones posteriores de la p\u00e1gina. Por lo tanto, los datos se recaban con fines estad\u00edsticos, de manera agregada y an\u00f3nima. La navegaci\u00f3n \u201cpasiva\u201d implica el uso de <i>cookies<\/i> (de sesi\u00f3n o permanentes), que el usuario puede desactivar desde su navegador.<\/p>\n<p class=\"p1\"><span class=\"s1\"><b><span style=\"color: #000000;\">2. RECOGIDA DE INFORMACI\u00d3N<\/span><br \/>\n<\/b><\/span>La recogida de informaci\u00f3n se refiere a la solicitud de informaci\u00f3n y a la posible suscripci\u00f3n al bolet\u00edn de noticias de la empresa.<\/p>\n<p class=\"p1\"><span class=\"s1\"><b><i><span style=\"color: #000000;\">Solicitud de informaci\u00f3n<\/span><br \/>\n<\/i><\/b><\/span>El correo electr\u00f3nico y los datos personales proporcionados durante la solicitud de informaci\u00f3n se utilizan solamente para facilitar el contacto entre la empresa y el navegador, o para responder a sus solicitudes.<\/p>\n<p class=\"p1\"><span class=\"s1\"><b><span style=\"color: #000000;\">3. COOKIES<br \/>\n<\/span><\/b><\/span><span class=\"s1\">Nuestra p\u00e1gina utiliza <i>cookies<\/i> para ayudarnos a comprender c\u00f3mo ofrecer a los visitantes una mejor experiencia de navegaci\u00f3n. La cookie es un peque\u00f1o archivo de texto que contiene caracteres alfanum\u00e9ricos y que se guarda en la memoria del navegador, a menos que el visitante no est\u00e9 de acuerdo. Las <i>cookies<\/i> contienen informaci\u00f3n que se transfiere, pero NO es informaci\u00f3n que nos permite identificar al usuario, \u00a1su privacidad est\u00e1 garantizada!<\/span><\/p>\n<p class=\"p1\"><span class=\"s1\">Utilizamos <i>cookies<\/i> de an\u00e1lisis\/de rendimiento que nos permiten contar el n\u00famero de visitantes y observar c\u00f3mo navegan por el sitio. Los datos son agregados y an\u00f3nimos, no individuales. Con estas <i>cookies<\/i> podemos entender c\u00f3mo mejorar el sitio o c\u00f3mo ayudar a los pr\u00f3ximos usuarios a encontrar m\u00e1s r\u00e1pido la informaci\u00f3n que buscan.<\/span><\/p>\n<\/p>\n<div class=\"table-2\">\n<table width=\"100%\">\n<thead>\n<tr style=\"vertical-align: text-top;\">\n<th align=\"left\">\n<p class=\"p1\"><span class=\"s1\"><b>Finalidad del tratamiento<\/b><\/span><\/p>\n<\/th>\n<th align=\"left\">\n<p class=\"p1\"><span class=\"s1\"><b>Fundamentos jur\u00eddicos del tratamiento<\/b><\/span><\/p>\n<\/th>\n<th align=\"left\">\n<p class=\"p1\"><span class=\"s1\"><b>Per\u00edodo de almacenamiento de los datos<\/b><\/span><\/p>\n<\/th>\n<\/tr>\n<\/thead>\n<tbody>\n<tr style=\"vertical-align: text-top;\">\n<td align=\"left\">\n<p class=\"p1\"><span class=\"s1\"><b><i>Cookies<\/i> t\u00e9cnicas de navegaci\u00f3n y funcionales<\/b><\/span><\/p>\n<p class=\"p1\"><span class=\"s1\">El sitio utiliza <i>cookies<\/i> de primera parte, de sesi\u00f3n y persistentes para permitirle navegar y utilizar el sitio de forma segura y eficiente, as\u00ed como para mejorar los servicios prestados por el mismo. <span class=\"Apple-converted-space\">\u00a0 <\/span>Estas <i>cookies<\/i>, al reconocerle cuando vuelve a acceder al sitio, evitan que deba introducir sus datos cada vez. Por \u00faltimo, las <i>cookies<\/i> funcionales mejoran la experiencia de navegaci\u00f3n.<\/span><\/p>\n<\/td>\n<td align=\"left\">\n<p class=\"p1\"><span class=\"s1\">Ejecuci\u00f3n de un contrato del que usted forma parte \u2013 navegaci\u00f3n y uso de la p\u00e1gina web.<\/span><\/p>\n<\/td>\n<td align=\"left\">\n<p class=\"p1\"><span class=\"s1\">Durante toda la sesi\u00f3n de navegaci\u00f3n en el sitio y persistente incluso al final de la misma.<\/span><\/p>\n<\/td>\n<\/tr>\n<tr style=\"vertical-align: text-top;\">\n<td align=\"left\">\n<p class=\"p1\"><span class=\"s1\"><b><i>Cookies<\/i> de an\u00e1lisis<\/b><\/span><\/p>\n<p class=\"p1\"><span class=\"s1\">El sitio utiliza Google Analytics para recabar informaci\u00f3n sobre el uso del sitio. La configuraci\u00f3n de Google Analytics proporciona intercambio de datos con Google para utilizar los siguientes servicios: <b>a)<\/b> Benchmarking, o la participaci\u00f3n en la recogida de datos an\u00f3nimos que ayudan a comprender mejor la tendencia de los datos, <b>b)<\/b> Asistencia t\u00e9cnica para permitir que Google brinde asistencia y <b>c)<\/b> Expertos en cuentas, para permitir que los expertos en marketing de Google brinden sugerencias para mejorar la configuraci\u00f3n y el an\u00e1lisis. <\/span><\/p>\n<p class=\"p1\"><span class=\"s1\">Para m\u00e1s detalles e informaci\u00f3n, visite la p\u00e1gina del proveedor en el siguiente enlace<span class=\"Apple-converted-space\">\u00a0 <\/span>https:\/\/support.google.com\/analytics\/answer\/1011397 Por defecto, las <i>cookies<\/i> anal\u00edticas usan toda la direcci\u00f3n IP de los usuarios del sitio para proporcionar datos geogr\u00e1ficos generales en los informes. Un<a href=\"https:\/\/tools.google.com\/dlpage\/gaoptout?hl=it\"><span class=\"s2\"> m\u00f3dulo complementario<\/span><\/a> le permite <b>desactivar Google Analytics<\/b><\/span><\/p>\n<\/td>\n<td align=\"left\">\n<p class=\"p1\"><span class=\"s1\">Inter\u00e9s leg\u00edtimo.<\/span><\/p>\n<\/td>\n<td align=\"left\">\n<p class=\"p1\"><span class=\"s1\">Durante toda la sesi\u00f3n de navegaci\u00f3n en el sitio y persistentes incluso al final de la misma.<\/span><\/p>\n<\/td>\n<\/tr>\n<tr style=\"vertical-align: text-top;\">\n<td align=\"left\">\n<p class=\"p1\"><span class=\"s1\"><b><i>Cookies<\/i> de redes sociales<\/b><\/span><\/p>\n<p class=\"p1\"><span class=\"s1\">Dentro del sitio se utilizan <i>cookies<\/i> de terceros para permitir a los usuarios interactuar con las redes sociales (Facebook, Twitter, &#8230;) y, en particular, compartir el contenido del sitio a trav\u00e9s de las redes sociales antes mencionadas.<\/span><\/p>\n<\/td>\n<td align=\"left\">\n<p class=\"p1\">\n<\/td>\n<td align=\"left\"><\/td>\n<\/tr>\n<\/tbody>\n<\/table>\n<\/div>\n<p>\n<p class=\"p1\"><span class=\"s1\">Una vez que los t\u00e9rminos de almacenamiento anteriores hayan expirado, sus datos personales ser\u00e1n destruidos, eliminados o an\u00f3nimos, de acuerdo con los procedimientos t\u00e9cnicos de cancelaci\u00f3n y respaldo.<\/span><\/p>\n<p class=\"p1\"><span class=\"s1\"><b><span style=\"color: #000000;\">Suministro de datos<br \/>\n<\/span><\/b><\/span>Al acceder a cualquier p\u00e1gina del sitio, encontrar\u00e1 un banner que contiene un aviso breve. Al cerrar el banner o continuar con la navegaci\u00f3n, accediendo a otra \u00e1rea de la p\u00e1gina web o seleccionando un elemento de la misma (por ejemplo: una imagen o un enlace), usted da su consentimiento para el uso de las <i>cookies<\/i>. El consentimiento para el uso de las <i>cookies<\/i> se registra mediante un \u00abcookie t\u00e9cnico\u00bb.<\/p>\n<p class=\"p1\"><span class=\"s1\"><b><span style=\"color: #000000;\">4. APLICACIONES DE TERCEROS INTEGRADAS EN NUESTRO SITIO<br \/>\n<\/span><\/b><\/span>En nuestro sitio podemos incluir aplicaciones inform\u00e1ticas de terceros, que le permiten compartir los contenidos de nuestro sitio web con otras personas o hacer que dichas personas conozcan su consulta u opini\u00f3n sobre los contenidos de nuestro sitio. Esto es en particular el caso de botones como \u201cCompartir\u201d, \u201cme gusta\u201d, proporcionados por las redes sociales como \u201cFacebook\u201d, \u201cTwitter\u201d, \u201cLinkedIn\u201d, \u201cGoogle+\u201d, etc.<\/p>\n<p class=\"p1\"><span class=\"s1\">La red social que presente uno de los botones mencionados puede identificar al usuario a trav\u00e9s de este bot\u00f3n, incluso si no se utiliza cuando usted visita nuestro sitio web.<\/span><\/p>\n<p class=\"p1\"><span class=\"s1\">De hecho, este tipo de bot\u00f3n puede permitir que la red social en cuesti\u00f3n siga su navegaci\u00f3n en nuestro sitio, simplemente porque su cuenta de la red social en cuesti\u00f3n se ha activado en su terminal (sesi\u00f3n abierta) durante su visita a nuestro sitio.<\/span><\/p>\n<p class=\"p1\"><span class=\"s1\">No podemos controlar el proceso utilizado por la red social para recoger informaci\u00f3n sobre su navegaci\u00f3n en nuestro sitio y relacionarla con los datos personales que tienen.<span class=\"Apple-converted-space\">\u00a0 <\/span>Le invitamos a consultar la pol\u00edtica de privacidad de estas redes sociales para conocer el prop\u00f3sito del uso, incluida la publicidad, la informaci\u00f3n de navegaci\u00f3n que pueden recopilar con estos botones de aplicaci\u00f3n. Estas pol\u00edticas deber\u00edan, en particular, permitirle ejercer sus opciones en dichas redes sociales a trav\u00e9s de la configuraci\u00f3n de sus cuentas para el uso de cada una de ellas.<\/span><\/p>\n<p class=\"p1\"><span class=\"s1\"><b>C\u00f3mo desactivar las <i>cookies<\/i> de servicios de terceros<\/b><\/span><\/p>\n<ul>\n<li class=\"li1\"><span class=\"s1\"><a href=\"http:\/\/www.google.com\/ads\/preferences\/?hl=it\"><span class=\"s2\">Servicios de Google<\/span><\/a><\/span><\/li>\n<li class=\"li1\"><span class=\"s1\"><a href=\"https:\/\/www.facebook.com\/help\/cookies?ref_type=sitefooter\"><span class=\"s2\">Facebook<\/span><\/a><\/span><\/li>\n<li class=\"li1\"><span class=\"s1\"><a href=\"https:\/\/support.twitter.com\/articles\/20170519-uso-dei-cookie-e-di-altre-tecnologie-simili-da-parte-di-twitter\"><span class=\"s2\">Twitter<\/span><\/a><\/span><\/li>\n<\/ul>\n<p class=\"p1\"><span class=\"s1\" style=\"color: #000000;\"><b>5. <\/b><\/span><b><span style=\"color: #000000;\">SUS OPCIONES CON RESPECTO A LAS <\/span><i><span style=\"color: #000000;\">COOKIES<br \/>\n<\/span><\/i><\/b>Usted tiene varias opciones para administrar las <i>cookies<\/i>. Todos los par\u00e1metros que usted puede configurar podr\u00edan determinar modificaciones en su modo de navegaci\u00f3n por Internet y a sus condiciones de acceso a algunos servicios que requieren el uso de <i>cookies<\/i>.<br \/>\nEn cualquier momento puede expresar y modificar sus opciones sobre las <i>cookies<\/i> de la manera que se describe a continuaci\u00f3n.<\/p>\n<p class=\"p1\"><span class=\"s1\"><b><i><span style=\"color: #000000;\">Opciones que ofrece su navegador<\/span><br \/>\n<\/i><\/b><\/span>El navegador se puede configurar para que las <i>cookies<\/i> se memoricen en el equipo o, por el contrario, sean rechazadas, ya sea sistem\u00e1ticamente o seg\u00fan el remitente. Tambi\u00e9n se puede configurar el navegador para que acepte o rechace las <i>cookies<\/i> de inmediato, antes de que una cookie sea probablemente almacenada en el equipo. Para m\u00e1s informaci\u00f3n, v\u00e9ase \u201cC\u00f3mo ejercer su opci\u00f3n de acuerdo con el navegador que utiliza\u201d<\/p>\n<p class=\"p1\"><span class=\"s1\"><b><span style=\"color: #000000;\">\u2013 <\/span><i><span style=\"color: #000000;\">Consentimiento a las cookies<br \/>\n<\/span><\/i><\/b><\/span>El registro de una cookie en un dispositivo est\u00e1 esencialmente sujeto a la voluntad del usuario que se puede expresar y modificar en cualquier momento y de forma gratuita a trav\u00e9s de las opciones que ofrece el navegador. Si ha aceptado el registro de <i>cookies<\/i> en su terminal a trav\u00e9s de su navegador, las <i>cookies<\/i> integradas en las p\u00e1ginas y en los contenidos que ha consultado pueden almacenarse temporalmente en un \u00e1rea espec\u00edfica de su equipo. Estas ser\u00e1n legibles solo por el emisor.<\/p>\n<p class=\"p1\"><span class=\"s1\"><b><span style=\"color: #000000;\">\u2013 <\/span><i><span style=\"color: #000000;\">Rechazo de cookies<\/span><br \/>\n<\/i><\/b><\/span>Si usted rechaza las <i>cookies<\/i> en su terminal, o elimina las que est\u00e1n registradas, es posible que no pueda utilizar todas nuestras funciones interactivas. Este ser\u00e1 el caso si intenta entrar a nuestros contenidos o servicios que requieren la identificaci\u00f3n. Lo mismo suceder\u00e1, si nosotros o nuestros proveedores no logramos reconocer, con fines de compatibilidad t\u00e9cnica, el tipo de navegador que utiliza su equipo, las configuraciones del idioma y de la pantalla o el pa\u00eds desde el que el equipo est\u00e1 conectado a Internet. En tales casos, declinamos cualquier responsabilidad por las consecuencias relacionadas con el mal funcionamiento de nuestros servicios causado por la imposibilidad que tenemos de registrar o leer las <i>cookies<\/i> necesarias para operar y que usted haya rechazado o suprimido.<\/p>\n<p class=\"p1\"><span class=\"s1\"><b><span style=\"color: #000000;\">\u2013 <\/span><i><span style=\"color: #000000;\">C\u00f3mo ejercer su opci\u00f3n de acuerdo con el navegador que utiliza<br \/>\n<\/span><\/i><\/b><\/span>Para administrar las <i>cookies<\/i> y sus opciones, la configuraci\u00f3n de cada navegador es diferente. La misma se describe en el men\u00fa de ayuda de su navegador, que le permitir\u00e1 saber c\u00f3mo cambiar sus opciones con respecto a las <i>cookies<\/i>.<\/p>\n<p class=\"p2\"><span class=\"s2\">Internet Explorer\u2122: <a href=\"http:\/\/windows.microsoft.com\/it-it\/internet-explorer\/delete-manage-cookies#ie=ie-11\"><span class=\"s3\">http:\/\/windows.microsoft.com\/it-it\/internet-explorer\/delete-manage-<i>cookies<\/i>#ie=ie-11<\/span><\/a><\/span><\/p>\n<p class=\"p2\"><span class=\"s2\">Safari\u2122:\u00a0<a href=\"https:\/\/support.apple.com\/it-it\/HT201265\"><span class=\"s3\">https:\/\/support.apple.com\/it-it\/HT201265 <\/span><\/a><\/span><\/p>\n<p class=\"p2\"><span class=\"s2\">Chrome\u2122: <a href=\"https:\/\/support.google.com\/accounts\/answer\/61416?hl=it\"><span class=\"s3\">https:\/\/support.google.com\/accounts\/answer\/61416?hl=it<\/span><\/a><\/span><\/p>\n<p class=\"p2\"><span class=\"s2\">Firefox\u2122:<a href=\"http:\/\/support.mozilla.org\/it\/kb\/Attivare%2520e%2520disattivare%2520i%2520cookie\"><span class=\"s3\">http:\/\/support.mozilla.org\/it\/kb\/Attivare%20e%20disattivare%20i%20cookie <\/span><\/a><\/span><\/p>\n<p class=\"p3\"><span class=\"s2\">Opera\u2122:<a href=\"http:\/\/help.opera.com\/Windows\/10.20\/it\/cookies.html\"><span class=\"s3\">http:\/\/help.opera.com\/Windows\/10.20\/it\/<i>cookies<\/i>.html <\/span><\/a><\/span><\/p>\n<p class=\"p1\"><span class=\"s1\">etc.<\/span><\/p>\n<p class=\"p1\"><span class=\"s1\">Si decide no aceptar el registro de <i>cookies<\/i> en su terminal (incluidas aquellas con fines publicitarios), puede configurarlo con la funci\u00f3n espec\u00edfica del navegador.<\/span><\/p>\n<\/div><div class=\"fusion-clearfix\"><\/div><\/div><\/div><\/div><\/div>\n","protected":false},"excerpt":{"rendered":"","protected":false},"author":1,"featured_media":0,"parent":0,"menu_order":0,"comment_status":"closed","ping_status":"closed","template":"","meta":{"footnotes":""},"class_list":["post-11408","page","type-page","status-publish","hentry"],"yoast_head":"<!-- This site is optimized with the Yoast SEO plugin v27.5 - https:\/\/yoast.com\/product\/yoast-seo-wordpress\/ -->\n<title>Cookie policy - Bauxt - Porte blindate Made in Italy<\/title>\n<meta name=\"robots\" content=\"index, follow, max-snippet:-1, max-image-preview:large, max-video-preview:-1\" \/>\n<link rel=\"canonical\" href=\"https:\/\/www.bauxt.com\/es\/cookie-policy\/\" \/>\n<meta property=\"og:locale\" content=\"es_ES\" \/>\n<meta property=\"og:type\" content=\"article\" \/>\n<meta property=\"og:title\" content=\"Cookie policy - Bauxt - Porte blindate Made in Italy\" \/>\n<meta property=\"og:url\" content=\"https:\/\/www.bauxt.com\/es\/cookie-policy\/\" \/>\n<meta property=\"og:site_name\" content=\"Bauxt - Porte blindate Made in Italy\" \/>\n<meta property=\"article:publisher\" content=\"https:\/\/www.facebook.com\/Bauxt.design\/\" \/>\n<meta property=\"article:modified_time\" content=\"2020-05-22T09:05:40+00:00\" \/>\n<meta name=\"twitter:card\" content=\"summary_large_image\" \/>\n<meta name=\"twitter:site\" content=\"@Bauxt_design\" \/>\n<meta name=\"twitter:label1\" content=\"Tiempo de lectura\" \/>\n\t<meta name=\"twitter:data1\" content=\"11 minutos\" \/>\n<script type=\"application\/ld+json\" class=\"yoast-schema-graph\">{\"@context\":\"https:\\\/\\\/schema.org\",\"@graph\":[{\"@type\":\"WebPage\",\"@id\":\"https:\\\/\\\/www.bauxt.com\\\/es\\\/cookie-policy\\\/\",\"url\":\"https:\\\/\\\/www.bauxt.com\\\/es\\\/cookie-policy\\\/\",\"name\":\"Cookie policy - Bauxt - Porte blindate Made in Italy\",\"isPartOf\":{\"@id\":\"https:\\\/\\\/www.bauxt.com\\\/#website\"},\"datePublished\":\"2019-01-18T15:56:53+00:00\",\"dateModified\":\"2020-05-22T09:05:40+00:00\",\"breadcrumb\":{\"@id\":\"https:\\\/\\\/www.bauxt.com\\\/es\\\/cookie-policy\\\/#breadcrumb\"},\"inLanguage\":\"es\",\"potentialAction\":[{\"@type\":\"ReadAction\",\"target\":[\"https:\\\/\\\/www.bauxt.com\\\/es\\\/cookie-policy\\\/\"]}]},{\"@type\":\"BreadcrumbList\",\"@id\":\"https:\\\/\\\/www.bauxt.com\\\/es\\\/cookie-policy\\\/#breadcrumb\",\"itemListElement\":[{\"@type\":\"ListItem\",\"position\":1,\"name\":\"Home\",\"item\":\"https:\\\/\\\/www.bauxt.com\\\/es\\\/\"},{\"@type\":\"ListItem\",\"position\":2,\"name\":\"Cookie policy\"}]},{\"@type\":\"WebSite\",\"@id\":\"https:\\\/\\\/www.bauxt.com\\\/#website\",\"url\":\"https:\\\/\\\/www.bauxt.com\\\/\",\"name\":\"Bauxt - Porte blindate Made in Italy\",\"description\":\"Bauxt tiene al sicuro ogni casa e chi la abita\",\"publisher\":{\"@id\":\"https:\\\/\\\/www.bauxt.com\\\/#organization\"},\"potentialAction\":[{\"@type\":\"SearchAction\",\"target\":{\"@type\":\"EntryPoint\",\"urlTemplate\":\"https:\\\/\\\/www.bauxt.com\\\/?s={search_term_string}\"},\"query-input\":{\"@type\":\"PropertyValueSpecification\",\"valueRequired\":true,\"valueName\":\"search_term_string\"}}],\"inLanguage\":\"es\"},{\"@type\":\"Organization\",\"@id\":\"https:\\\/\\\/www.bauxt.com\\\/#organization\",\"name\":\"Bauxt Spa\",\"url\":\"https:\\\/\\\/www.bauxt.com\\\/\",\"logo\":{\"@type\":\"ImageObject\",\"inLanguage\":\"es\",\"@id\":\"https:\\\/\\\/www.bauxt.com\\\/#\\\/schema\\\/logo\\\/image\\\/\",\"url\":\"https:\\\/\\\/www.bauxt.com\\\/wp-content\\\/uploads\\\/2017\\\/06\\\/bauxt-logo-retina.png\",\"contentUrl\":\"https:\\\/\\\/www.bauxt.com\\\/wp-content\\\/uploads\\\/2017\\\/06\\\/bauxt-logo-retina.png\",\"width\":288,\"height\":92,\"caption\":\"Bauxt Spa\"},\"image\":{\"@id\":\"https:\\\/\\\/www.bauxt.com\\\/#\\\/schema\\\/logo\\\/image\\\/\"},\"sameAs\":[\"https:\\\/\\\/www.facebook.com\\\/Bauxt.design\\\/\",\"https:\\\/\\\/x.com\\\/Bauxt_design\",\"https:\\\/\\\/www.instagram.com\\\/bauxt_design\\\/\",\"https:\\\/\\\/www.linkedin.com\\\/company-beta\\\/17979933\\\/\",\"https:\\\/\\\/it.pinterest.com\\\/bauxt_design\\\/\",\"https:\\\/\\\/www.youtube.com\\\/channel\\\/UCra8Ed-tqriJSnYFsmULimQ\"]}]}<\/script>\n<!-- \/ Yoast SEO plugin. -->","yoast_head_json":{"title":"Cookie policy - Bauxt - Porte blindate Made in Italy","robots":{"index":"index","follow":"follow","max-snippet":"max-snippet:-1","max-image-preview":"max-image-preview:large","max-video-preview":"max-video-preview:-1"},"canonical":"https:\/\/www.bauxt.com\/es\/cookie-policy\/","og_locale":"es_ES","og_type":"article","og_title":"Cookie policy - Bauxt - Porte blindate Made in Italy","og_url":"https:\/\/www.bauxt.com\/es\/cookie-policy\/","og_site_name":"Bauxt - Porte blindate Made in Italy","article_publisher":"https:\/\/www.facebook.com\/Bauxt.design\/","article_modified_time":"2020-05-22T09:05:40+00:00","twitter_card":"summary_large_image","twitter_site":"@Bauxt_design","twitter_misc":{"Tiempo de lectura":"11 minutos"},"schema":{"@context":"https:\/\/schema.org","@graph":[{"@type":"WebPage","@id":"https:\/\/www.bauxt.com\/es\/cookie-policy\/","url":"https:\/\/www.bauxt.com\/es\/cookie-policy\/","name":"Cookie policy - Bauxt - Porte blindate Made in Italy","isPartOf":{"@id":"https:\/\/www.bauxt.com\/#website"},"datePublished":"2019-01-18T15:56:53+00:00","dateModified":"2020-05-22T09:05:40+00:00","breadcrumb":{"@id":"https:\/\/www.bauxt.com\/es\/cookie-policy\/#breadcrumb"},"inLanguage":"es","potentialAction":[{"@type":"ReadAction","target":["https:\/\/www.bauxt.com\/es\/cookie-policy\/"]}]},{"@type":"BreadcrumbList","@id":"https:\/\/www.bauxt.com\/es\/cookie-policy\/#breadcrumb","itemListElement":[{"@type":"ListItem","position":1,"name":"Home","item":"https:\/\/www.bauxt.com\/es\/"},{"@type":"ListItem","position":2,"name":"Cookie policy"}]},{"@type":"WebSite","@id":"https:\/\/www.bauxt.com\/#website","url":"https:\/\/www.bauxt.com\/","name":"Bauxt - Porte blindate Made in Italy","description":"Bauxt tiene al sicuro ogni casa e chi la abita","publisher":{"@id":"https:\/\/www.bauxt.com\/#organization"},"potentialAction":[{"@type":"SearchAction","target":{"@type":"EntryPoint","urlTemplate":"https:\/\/www.bauxt.com\/?s={search_term_string}"},"query-input":{"@type":"PropertyValueSpecification","valueRequired":true,"valueName":"search_term_string"}}],"inLanguage":"es"},{"@type":"Organization","@id":"https:\/\/www.bauxt.com\/#organization","name":"Bauxt Spa","url":"https:\/\/www.bauxt.com\/","logo":{"@type":"ImageObject","inLanguage":"es","@id":"https:\/\/www.bauxt.com\/#\/schema\/logo\/image\/","url":"https:\/\/www.bauxt.com\/wp-content\/uploads\/2017\/06\/bauxt-logo-retina.png","contentUrl":"https:\/\/www.bauxt.com\/wp-content\/uploads\/2017\/06\/bauxt-logo-retina.png","width":288,"height":92,"caption":"Bauxt Spa"},"image":{"@id":"https:\/\/www.bauxt.com\/#\/schema\/logo\/image\/"},"sameAs":["https:\/\/www.facebook.com\/Bauxt.design\/","https:\/\/x.com\/Bauxt_design","https:\/\/www.instagram.com\/bauxt_design\/","https:\/\/www.linkedin.com\/company-beta\/17979933\/","https:\/\/it.pinterest.com\/bauxt_design\/","https:\/\/www.youtube.com\/channel\/UCra8Ed-tqriJSnYFsmULimQ"]}]}},"_links":{"self":[{"href":"https:\/\/www.bauxt.com\/es\/wp-json\/wp\/v2\/pages\/11408","targetHints":{"allow":["GET"]}}],"collection":[{"href":"https:\/\/www.bauxt.com\/es\/wp-json\/wp\/v2\/pages"}],"about":[{"href":"https:\/\/www.bauxt.com\/es\/wp-json\/wp\/v2\/types\/page"}],"author":[{"embeddable":true,"href":"https:\/\/www.bauxt.com\/es\/wp-json\/wp\/v2\/users\/1"}],"replies":[{"embeddable":true,"href":"https:\/\/www.bauxt.com\/es\/wp-json\/wp\/v2\/comments?post=11408"}],"version-history":[{"count":4,"href":"https:\/\/www.bauxt.com\/es\/wp-json\/wp\/v2\/pages\/11408\/revisions"}],"predecessor-version":[{"id":14112,"href":"https:\/\/www.bauxt.com\/es\/wp-json\/wp\/v2\/pages\/11408\/revisions\/14112"}],"wp:attachment":[{"href":"https:\/\/www.bauxt.com\/es\/wp-json\/wp\/v2\/media?parent=11408"}],"curies":[{"name":"wp","href":"https:\/\/api.w.org\/{rel}","templated":true}]}}