{"id":8500,"date":"2017-06-15T17:09:00","date_gmt":"2017-06-15T15:09:00","guid":{"rendered":"https:\/\/www.bauxt.com\/unternehmen\/customised-solutions\/"},"modified":"2017-10-12T17:57:13","modified_gmt":"2017-10-12T15:57:13","slug":"individuelle-loesungen","status":"publish","type":"page","link":"https:\/\/www.bauxt.com\/de\/unternehmen\/individuelle-loesungen\/","title":{"rendered":"Individuelle L\u00f6sungen"},"content":{"rendered":"<p><div class=\"fusion-fullwidth fullwidth-box fusion-builder-row-1 nonhundred-percent-fullwidth non-hundred-percent-height-scrolling\" style=\"--awb-border-radius-top-left:0px;--awb-border-radius-top-right:0px;--awb-border-radius-bottom-right:0px;--awb-border-radius-bottom-left:0px;--awb-padding-top:80px;--awb-padding-bottom:0px;--awb-margin-top:0px;--awb-margin-bottom:0px;--awb-background-color:#ffffff;--awb-flex-wrap:wrap;\" id=\"bg-soluzioni-flessibili\" ><div class=\"fusion-builder-row fusion-row\"><div class=\"fusion-layout-column fusion_builder_column fusion-builder-column-0 fusion_builder_column_1_1 1_1 fusion-one-full fusion-column-first fusion-column-last\" style=\"--awb-padding-top:0px;--awb-padding-bottom:0px;--awb-bg-size:cover;--awb-margin-bottom:0px;\"><div class=\"fusion-column-wrapper fusion-flex-column-wrapper-legacy\"><div class=\"fusion-title title fusion-title-1 fusion-sep-none fusion-title-text fusion-title-size-one\" style=\"--awb-margin-bottom:20px;--awb-margin-top-small:0px;--awb-margin-right-small:0px;--awb-margin-bottom-small:20px;--awb-margin-left-small:0px;\"><h1 class=\"fusion-title-heading title-heading-left\" style=\"margin:0;\">Flexible, kundenorientierte Lo\u0308sungen entwickeln<\/h1><\/div><div class=\"fusion-clearfix\"><\/div><\/div><\/div><div class=\"fusion-layout-column fusion_builder_column fusion-builder-column-1 fusion_builder_column_1_2 1_2 fusion-one-half fusion-column-first\" style=\"--awb-padding-top:0px;--awb-padding-right:0px;--awb-padding-bottom:0px;--awb-padding-left:0px;--awb-bg-size:cover;--awb-margin-bottom:0px;width:50%;width:calc(50% - ( ( 4% ) * 0.5 ) );margin-right: 4%;\"><div class=\"fusion-column-wrapper fusion-flex-column-wrapper-legacy\"><div class=\"fusion-text fusion-text-1\"><p>Fu\u0308r Bauxt gibt es keine Sicherheit ohne Flexibilita\u0308t bei der Planung und Umsetzung. Sicherheitstu\u0308ren <strong>Bauxt<\/strong> werden \u201ema\u00dfgefertigt\u201c in Struktur, Eigenschaften und Ma\u00dfen, damit sie die beste Wahl fu\u0308r ihren jeweiligen Einsatzbereich sein ko\u0308nnen: klassisch oder modern, traditionell oder zeitgema\u0308\u00df, fu\u0308r Wohn- oder Gescha\u0308ftsgeba\u0308ude.<\/p>\n<\/div><div class=\"fusion-clearfix\"><\/div><\/div><\/div><div class=\"fusion-layout-column fusion_builder_column fusion-builder-column-2 fusion_builder_column_1_2 1_2 fusion-one-half fusion-column-last\" style=\"--awb-padding-top:0px;--awb-padding-right:0px;--awb-padding-bottom:0px;--awb-padding-left:0px;--awb-bg-size:cover;--awb-margin-bottom:0px;width:50%;width:calc(50% - ( ( 4% ) * 0.5 ) );\"><div class=\"fusion-column-wrapper fusion-flex-column-wrapper-legacy\"><div class=\"fusion-text fusion-text-2\"><p>Erfahrung und gro\u00dfe Spezialisierung von <strong>Bauxt<\/strong> ermo\u0308glichen die Herstellung sowohl von Tu\u0308ren im modernen Design und in puristischen Formen und Volumen, als auch von Haus- und Innentu\u0308ren, die in jedem Detail fu\u0308r die Sanierung, Renovierung oder Restaurierung historischer, anspruchsvoller oder denkmalgeschu\u0308tzter Geba\u0308ude geplant werden.<\/p>\n<\/div><div class=\"fusion-clearfix\"><\/div><\/div><\/div><div class=\"fusion-layout-column fusion_builder_column fusion-builder-column-3 fusion_builder_column_1_1 1_1 fusion-one-full fusion-column-first fusion-column-last\" style=\"--awb-padding-top:40px;--awb-padding-bottom:0px;--awb-bg-size:cover;--awb-margin-bottom:0px;\"><div class=\"fusion-column-wrapper fusion-flex-column-wrapper-legacy\"><div class=\"fusion-image-element in-legacy-container\" style=\"--awb-caption-title-font-family:var(--h2_typography-font-family);--awb-caption-title-font-weight:var(--h2_typography-font-weight);--awb-caption-title-font-style:var(--h2_typography-font-style);--awb-caption-title-size:var(--h2_typography-font-size);--awb-caption-title-transform:var(--h2_typography-text-transform);--awb-caption-title-line-height:var(--h2_typography-line-height);--awb-caption-title-letter-spacing:var(--h2_typography-letter-spacing);\"><span class=\" fusion-imageframe imageframe-none imageframe-1 hover-type-none\"><img decoding=\"async\" width=\"1304\" height=\"480\" title=\"home-gusci-opt\" src=\"https:\/\/www.bauxt.com\/wp-content\/uploads\/2017\/06\/home-gusci-opt.jpg\" alt class=\"img-responsive wp-image-2876\" srcset=\"https:\/\/www.bauxt.com\/wp-content\/uploads\/2017\/06\/home-gusci-opt-200x74.jpg 200w, https:\/\/www.bauxt.com\/wp-content\/uploads\/2017\/06\/home-gusci-opt-400x147.jpg 400w, https:\/\/www.bauxt.com\/wp-content\/uploads\/2017\/06\/home-gusci-opt-600x221.jpg 600w, https:\/\/www.bauxt.com\/wp-content\/uploads\/2017\/06\/home-gusci-opt-800x294.jpg 800w, https:\/\/www.bauxt.com\/wp-content\/uploads\/2017\/06\/home-gusci-opt-1200x442.jpg 1200w, https:\/\/www.bauxt.com\/wp-content\/uploads\/2017\/06\/home-gusci-opt.jpg 1304w\" sizes=\"(max-width: 800px) 100vw, 1200px\" \/><\/span><\/div><div class=\"fusion-clearfix\"><\/div><\/div><\/div><\/div><\/div><div class=\"fusion-fullwidth fullwidth-box fusion-builder-row-2 nonhundred-percent-fullwidth non-hundred-percent-height-scrolling\" style=\"--awb-border-radius-top-left:0px;--awb-border-radius-top-right:0px;--awb-border-radius-bottom-right:0px;--awb-border-radius-bottom-left:0px;--awb-padding-top:80px;--awb-padding-bottom:80px;--awb-margin-top:0px;--awb-margin-bottom:0px;--awb-background-color:#e3e5ea;--awb-flex-wrap:wrap;\" ><div class=\"fusion-builder-row fusion-row\"><div class=\"fusion-layout-column fusion_builder_column fusion-builder-column-4 fusion_builder_column_1_3 1_3 fusion-one-third fusion-column-first\" style=\"--awb-bg-size:cover;--awb-margin-bottom:0px;width:33.333333333333%;width:calc(33.333333333333% - ( ( 4% + 4% ) * 0.33333333333333 ) );margin-right: 4%;\"><div class=\"fusion-column-wrapper fusion-flex-column-wrapper-legacy\"><div class=\"fusion-title title fusion-title-2 fusion-sep-none fusion-title-text fusion-title-size-two cms-h2\" style=\"--awb-margin-bottom:10px;--awb-margin-top-small:0px;--awb-margin-right-small:0px;--awb-margin-bottom-small:20px;--awb-margin-left-small:0px;\"><h2 class=\"fusion-title-heading title-heading-left\" style=\"margin:0;\"><span style=\"color: #000000;\">Die Struktur<\/span><\/h2><\/div><div class=\"fusion-text fusion-text-3\"><p>Ein- oder zweiflu\u0308gelige Tu\u0308ren, Glaseinsa\u0308tze, Tu\u0308ren in individuellen Ma\u00dfen, gro\u00dfe oder kleine Verglasungen: Flexibilita\u0308t Bauxt beginnt bei der Struktur der Sicherheitsbauteile, die der Kunde sowohl nach Bedu\u0308rfnissen und Geschmack als auch nach den Merkmalen der Geba\u0308ude wa\u0308hlen kann.<\/p>\n<\/div><div class=\"fusion-clearfix\"><\/div><\/div><\/div><div class=\"fusion-layout-column fusion_builder_column fusion-builder-column-5 fusion_builder_column_1_3 1_3 fusion-one-third\" style=\"--awb-bg-size:cover;--awb-margin-bottom:0px;width:33.333333333333%;width:calc(33.333333333333% - ( ( 4% + 4% ) * 0.33333333333333 ) );margin-right: 4%;\"><div class=\"fusion-column-wrapper fusion-flex-column-wrapper-legacy\"><div class=\"fusion-title title fusion-title-3 fusion-sep-none fusion-title-text fusion-title-size-two cms-h2\" style=\"--awb-margin-bottom:10px;--awb-margin-top-small:0px;--awb-margin-right-small:0px;--awb-margin-bottom-small:20px;--awb-margin-left-small:0px;\"><h2 class=\"fusion-title-heading title-heading-left\" style=\"margin:0;\"><span style=\"color: #000000;\">Materialien und Farben<\/span><\/h2><\/div><div class=\"fusion-text fusion-text-4\"><p>Jeder Sicherheitsbauteil <strong>Bauxt<\/strong> wird \u201ema\u00dfgefertigt\u201c, das Prinzip der Serienfertigung gibt es nicht. Perso\u0308nliche Gestaltung beginnt bei der Auswahl von Materialien und Farben: <strong>Bauxt<\/strong> setzte stets auf Innovation und Experimente, neben lackierten Ausfu\u0308hrungen und vielfa\u0308ltigen Holzarten gibt es innovative und fu\u0308r die Bauindustrie ungewo\u0308hnliche Materialien: von Glasfaserzement und Cortenstahl bis Keramik, die beliebig fu\u0308r Innen- und Au\u00dfenseiten der Tu\u0308ren kombinierbar sind.<\/p>\n<\/div><div class=\"fusion-clearfix\"><\/div><\/div><\/div><div class=\"fusion-layout-column fusion_builder_column fusion-builder-column-6 fusion_builder_column_1_3 1_3 fusion-one-third fusion-column-last\" style=\"--awb-bg-size:cover;--awb-margin-bottom:0px;width:33.333333333333%;width:calc(33.333333333333% - ( ( 4% + 4% ) * 0.33333333333333 ) );\"><div class=\"fusion-column-wrapper fusion-flex-column-wrapper-legacy\"><div class=\"fusion-title title fusion-title-4 fusion-sep-none fusion-title-text fusion-title-size-two cms-h2\" style=\"--awb-margin-bottom:10px;--awb-margin-top-small:0px;--awb-margin-right-small:0px;--awb-margin-bottom-small:20px;--awb-margin-left-small:0px;\"><h2 class=\"fusion-title-heading title-heading-left\" style=\"margin:0;\"><span style=\"color: #000000;\">Glaseinsa\u0308tze<\/span><\/h2><\/div><div class=\"fusion-text fusion-text-5\"><p>Glaseinsa\u0308tze Glaseinsa\u0308tze veredeln die Optik von Sicherheitstu\u0308ren und sind gleichzeitig funktionell fu\u0308r eine bessere Beleuchtung des Innenraums. Die Verglasung kann oberhalb der Tu\u0308r (Oberlicht), seitlich neben einer Holztu\u0308r (Seitenlicht) oder im Tu\u0308rblatt (Verglasung) eingesetzt werden. Um die Sicherheit zu garantieren, setzt Bauxt verschiedene Glastypen ein, die je nach Wunsch einbruchshemmende, kugelsichere, schall- oder wa\u0308rmeisolierende Eigenschaften aufweisen.<\/p>\n<p>Sicherheitsglas wird nach der Norm EN 356 mit zwei Pru\u0308fungen klassifiziert, Widerstand gegen Metallkugel und gegen Axtschla\u0308ge. <strong>Bauxt<\/strong> verwendet serienma\u0308\u00dfig Sicherheitsglas der Klasse P7B, fu\u0308r wa\u0308rmeisolierende Leistung serienma\u0308\u00dfig Sicherheitsglas P5A und P7B auf Anfrage.<\/p>\n<\/div><div class=\"fusion-clearfix\"><\/div><\/div><\/div><\/div><\/div><div class=\"fusion-fullwidth fullwidth-box fusion-builder-row-3 hundred-percent-fullwidth non-hundred-percent-height-scrolling\" style=\"--awb-border-radius-top-left:0px;--awb-border-radius-top-right:0px;--awb-border-radius-bottom-right:0px;--awb-border-radius-bottom-left:0px;--awb-padding-top:80px;--awb-padding-bottom:40px;--awb-background-color:#555759;--awb-flex-wrap:wrap;\" ><div class=\"fusion-builder-row fusion-row\"><div class=\"fusion-layout-column fusion_builder_column fusion-builder-column-7 fusion_builder_column_1_1 1_1 fusion-one-full fusion-column-first fusion-column-last\" style=\"--awb-padding-top:0px;--awb-padding-bottom:0px;--awb-bg-size:cover;--awb-margin-bottom:0px;\"><div class=\"fusion-column-wrapper fusion-flex-column-wrapper-legacy\"><div class=\"fusion-title title fusion-title-5 fusion-sep-none fusion-title-text fusion-title-size-two cms-h2\" style=\"--awb-margin-bottom:10px;--awb-margin-top-small:0px;--awb-margin-right-small:0px;--awb-margin-bottom-small:20px;--awb-margin-left-small:0px;\"><h2 class=\"fusion-title-heading title-heading-left\" style=\"margin:0;\"><p style=\"text-align: center;\"><span style=\"color: #ffffff;\">Mo\u0308gliche Strukturen<\/span><\/p><\/h2><\/div><div class=\"fusion-text fusion-text-6\"><p style=\"text-align: center;\"><span style=\"color: #ffffff;\">Einflu\u0308gelige Tu\u0308r \/ Zweiflu\u0308gelige Tu\u0308r \/ Seitenlicht verglast \/ Oberlicht verglast \/ Verglaste Tu\u0308r mit Bogen<\/span><\/p>\n<\/div><div class=\"fusion-image-element fusion-image-align-center in-legacy-container\" style=\"text-align:center;--awb-caption-title-font-family:var(--h2_typography-font-family);--awb-caption-title-font-weight:var(--h2_typography-font-weight);--awb-caption-title-font-style:var(--h2_typography-font-style);--awb-caption-title-size:var(--h2_typography-font-size);--awb-caption-title-transform:var(--h2_typography-text-transform);--awb-caption-title-line-height:var(--h2_typography-line-height);--awb-caption-title-letter-spacing:var(--h2_typography-letter-spacing);\"><div class=\"imageframe-align-center\"><span class=\" fusion-imageframe imageframe-none imageframe-2 hover-type-none\"><img decoding=\"async\" width=\"1100\" height=\"450\" title=\"soluzione-disegni-01\" src=\"https:\/\/www.bauxt.com\/wp-content\/uploads\/2017\/06\/soluzione-disegni-01.png\" alt class=\"img-responsive wp-image-3104\" srcset=\"https:\/\/www.bauxt.com\/wp-content\/uploads\/2017\/06\/soluzione-disegni-01-200x82.png 200w, https:\/\/www.bauxt.com\/wp-content\/uploads\/2017\/06\/soluzione-disegni-01-400x164.png 400w, https:\/\/www.bauxt.com\/wp-content\/uploads\/2017\/06\/soluzione-disegni-01-600x245.png 600w, https:\/\/www.bauxt.com\/wp-content\/uploads\/2017\/06\/soluzione-disegni-01-800x327.png 800w, https:\/\/www.bauxt.com\/wp-content\/uploads\/2017\/06\/soluzione-disegni-01.png 1100w\" sizes=\"(max-width: 800px) 100vw, 1100px\" \/><\/span><\/div><\/div><div class=\"fusion-clearfix\"><\/div><\/div><\/div><\/div><\/div><div class=\"fusion-fullwidth fullwidth-box fusion-builder-row-4 hundred-percent-fullwidth non-hundred-percent-height-scrolling\" style=\"--awb-border-radius-top-left:0px;--awb-border-radius-top-right:0px;--awb-border-radius-bottom-right:0px;--awb-border-radius-bottom-left:0px;--awb-padding-top:40px;--awb-padding-bottom:80px;--awb-background-color:#3f4142;--awb-flex-wrap:wrap;\" ><div class=\"fusion-builder-row fusion-row\"><div class=\"fusion-layout-column fusion_builder_column fusion-builder-column-8 fusion_builder_column_1_1 1_1 fusion-one-full fusion-column-first fusion-column-last\" style=\"--awb-padding-top:0px;--awb-padding-bottom:0px;--awb-bg-size:cover;--awb-margin-bottom:0px;\"><div class=\"fusion-column-wrapper fusion-flex-column-wrapper-legacy\"><div class=\"fusion-image-element fusion-image-align-center in-legacy-container\" style=\"text-align:center;--awb-caption-title-font-family:var(--h2_typography-font-family);--awb-caption-title-font-weight:var(--h2_typography-font-weight);--awb-caption-title-font-style:var(--h2_typography-font-style);--awb-caption-title-size:var(--h2_typography-font-size);--awb-caption-title-transform:var(--h2_typography-text-transform);--awb-caption-title-line-height:var(--h2_typography-line-height);--awb-caption-title-letter-spacing:var(--h2_typography-letter-spacing);\"><div class=\"imageframe-align-center\"><span class=\" fusion-imageframe imageframe-none imageframe-3 hover-type-none\"><img decoding=\"async\" width=\"1100\" height=\"450\" title=\"soluzione-disegni-02-01\" src=\"https:\/\/www.bauxt.com\/wp-content\/uploads\/2017\/06\/soluzione-disegni-02-01.png\" alt class=\"img-responsive wp-image-3110\" srcset=\"https:\/\/www.bauxt.com\/wp-content\/uploads\/2017\/06\/soluzione-disegni-02-01-200x82.png 200w, https:\/\/www.bauxt.com\/wp-content\/uploads\/2017\/06\/soluzione-disegni-02-01-400x164.png 400w, https:\/\/www.bauxt.com\/wp-content\/uploads\/2017\/06\/soluzione-disegni-02-01-600x245.png 600w, https:\/\/www.bauxt.com\/wp-content\/uploads\/2017\/06\/soluzione-disegni-02-01-800x327.png 800w, https:\/\/www.bauxt.com\/wp-content\/uploads\/2017\/06\/soluzione-disegni-02-01.png 1100w\" sizes=\"(max-width: 800px) 100vw, 1100px\" \/><\/span><\/div><\/div><div class=\"fusion-sep-clear\"><\/div><div class=\"fusion-separator fusion-full-width-sep\" style=\"margin-left: auto;margin-right: auto;margin-top:10px;margin-bottom:10px;width:100%;\"><\/div><div class=\"fusion-sep-clear\"><\/div><div class=\"fusion-button-wrapper fusion-aligncenter\"><a class=\"fusion-button button-flat button-medium button-default fusion-button-default button-1 fusion-button-default-span fusion-button-default-type\" target=\"_self\" href=\"\/de\/ausfu\u0308hrungen\/materialien\/\"><i class=\" fa fa-chevron-circle-right awb-button__icon awb-button__icon--default button-icon-left\" aria-hidden=\"true\"><\/i><span class=\"fusion-button-text awb-button__text awb-button__text--default\">Entdecken Sie die gesamte Kollektion von Farben und Ausf\u00fchrungen<\/span><\/a><\/div><div class=\"fusion-clearfix\"><\/div><\/div><\/div><\/div><\/div><\/p>\n","protected":false},"excerpt":{"rendered":"","protected":false},"author":1,"featured_media":0,"parent":8484,"menu_order":0,"comment_status":"closed","ping_status":"closed","template":"100-width.php","meta":{"footnotes":""},"class_list":["post-8500","page","type-page","status-publish","hentry"],"yoast_head":"<!-- This site is optimized with the Yoast SEO plugin v27.5 - https:\/\/yoast.com\/product\/yoast-seo-wordpress\/ -->\n<title>Flexible und individuelle L\u00f6sungen - Ma\u00dfgerechte Planung - Sicherheitst\u00fcren Made in Italy<\/title>\n<meta name=\"description\" content=\"Bauxt Sicherheitst\u00fcren werden in Struktur, Eigenschaften und Gr\u00f6\u00dfe \u201enach Ma\u00df\u201c gefertigt. Die beste L\u00f6sung f\u00fcr den spezifischen Einsatzort\" \/>\n<meta name=\"robots\" content=\"index, follow, max-snippet:-1, max-image-preview:large, max-video-preview:-1\" \/>\n<link rel=\"canonical\" href=\"https:\/\/www.bauxt.com\/de\/unternehmen\/individuelle-loesungen\/\" \/>\n<meta property=\"og:locale\" content=\"de_DE\" \/>\n<meta property=\"og:type\" content=\"article\" \/>\n<meta property=\"og:title\" content=\"Flexible und individuelle L\u00f6sungen - Ma\u00dfgerechte Planung - Sicherheitst\u00fcren Made in Italy\" \/>\n<meta property=\"og:description\" content=\"Bauxt Sicherheitst\u00fcren werden in Struktur, Eigenschaften und Gr\u00f6\u00dfe \u201enach Ma\u00df\u201c gefertigt. Die beste L\u00f6sung f\u00fcr den spezifischen Einsatzort\" \/>\n<meta property=\"og:url\" content=\"https:\/\/www.bauxt.com\/de\/unternehmen\/individuelle-loesungen\/\" \/>\n<meta property=\"og:site_name\" content=\"Bauxt - Porte blindate Made in Italy\" \/>\n<meta property=\"article:publisher\" content=\"https:\/\/www.facebook.com\/Bauxt.design\/\" \/>\n<meta property=\"article:modified_time\" content=\"2017-10-12T15:57:13+00:00\" \/>\n<meta name=\"twitter:card\" content=\"summary_large_image\" \/>\n<meta name=\"twitter:site\" content=\"@Bauxt_design\" \/>\n<meta name=\"twitter:label1\" content=\"Gesch\u00e4tzte Lesezeit\" \/>\n\t<meta name=\"twitter:data1\" content=\"9\u00a0Minuten\" \/>\n<script type=\"application\/ld+json\" class=\"yoast-schema-graph\">{\"@context\":\"https:\\\/\\\/schema.org\",\"@graph\":[{\"@type\":\"WebPage\",\"@id\":\"https:\\\/\\\/www.bauxt.com\\\/de\\\/unternehmen\\\/individuelle-loesungen\\\/\",\"url\":\"https:\\\/\\\/www.bauxt.com\\\/de\\\/unternehmen\\\/individuelle-loesungen\\\/\",\"name\":\"Flexible und individuelle L\u00f6sungen - Ma\u00dfgerechte Planung - Sicherheitst\u00fcren Made in Italy\",\"isPartOf\":{\"@id\":\"https:\\\/\\\/www.bauxt.com\\\/#website\"},\"datePublished\":\"2017-06-15T15:09:00+00:00\",\"dateModified\":\"2017-10-12T15:57:13+00:00\",\"description\":\"Bauxt Sicherheitst\u00fcren werden in Struktur, Eigenschaften und Gr\u00f6\u00dfe \u201enach Ma\u00df\u201c gefertigt. Die beste L\u00f6sung f\u00fcr den spezifischen Einsatzort\",\"breadcrumb\":{\"@id\":\"https:\\\/\\\/www.bauxt.com\\\/de\\\/unternehmen\\\/individuelle-loesungen\\\/#breadcrumb\"},\"inLanguage\":\"de\",\"potentialAction\":[{\"@type\":\"ReadAction\",\"target\":[\"https:\\\/\\\/www.bauxt.com\\\/de\\\/unternehmen\\\/individuelle-loesungen\\\/\"]}]},{\"@type\":\"BreadcrumbList\",\"@id\":\"https:\\\/\\\/www.bauxt.com\\\/de\\\/unternehmen\\\/individuelle-loesungen\\\/#breadcrumb\",\"itemListElement\":[{\"@type\":\"ListItem\",\"position\":1,\"name\":\"Home\",\"item\":\"https:\\\/\\\/www.bauxt.com\\\/de\\\/\"},{\"@type\":\"ListItem\",\"position\":2,\"name\":\"Unternehmen\",\"item\":\"https:\\\/\\\/www.bauxt.com\\\/de\\\/unternehmen\\\/\"},{\"@type\":\"ListItem\",\"position\":3,\"name\":\"Individuelle L\u00f6sungen\"}]},{\"@type\":\"WebSite\",\"@id\":\"https:\\\/\\\/www.bauxt.com\\\/#website\",\"url\":\"https:\\\/\\\/www.bauxt.com\\\/\",\"name\":\"Bauxt - Porte blindate Made in Italy\",\"description\":\"Bauxt tiene al sicuro ogni casa e chi la abita\",\"publisher\":{\"@id\":\"https:\\\/\\\/www.bauxt.com\\\/#organization\"},\"potentialAction\":[{\"@type\":\"SearchAction\",\"target\":{\"@type\":\"EntryPoint\",\"urlTemplate\":\"https:\\\/\\\/www.bauxt.com\\\/?s={search_term_string}\"},\"query-input\":{\"@type\":\"PropertyValueSpecification\",\"valueRequired\":true,\"valueName\":\"search_term_string\"}}],\"inLanguage\":\"de\"},{\"@type\":\"Organization\",\"@id\":\"https:\\\/\\\/www.bauxt.com\\\/#organization\",\"name\":\"Bauxt Spa\",\"url\":\"https:\\\/\\\/www.bauxt.com\\\/\",\"logo\":{\"@type\":\"ImageObject\",\"inLanguage\":\"de\",\"@id\":\"https:\\\/\\\/www.bauxt.com\\\/#\\\/schema\\\/logo\\\/image\\\/\",\"url\":\"https:\\\/\\\/www.bauxt.com\\\/wp-content\\\/uploads\\\/2017\\\/06\\\/bauxt-logo-retina.png\",\"contentUrl\":\"https:\\\/\\\/www.bauxt.com\\\/wp-content\\\/uploads\\\/2017\\\/06\\\/bauxt-logo-retina.png\",\"width\":288,\"height\":92,\"caption\":\"Bauxt Spa\"},\"image\":{\"@id\":\"https:\\\/\\\/www.bauxt.com\\\/#\\\/schema\\\/logo\\\/image\\\/\"},\"sameAs\":[\"https:\\\/\\\/www.facebook.com\\\/Bauxt.design\\\/\",\"https:\\\/\\\/x.com\\\/Bauxt_design\",\"https:\\\/\\\/www.instagram.com\\\/bauxt_design\\\/\",\"https:\\\/\\\/www.linkedin.com\\\/company-beta\\\/17979933\\\/\",\"https:\\\/\\\/it.pinterest.com\\\/bauxt_design\\\/\",\"https:\\\/\\\/www.youtube.com\\\/channel\\\/UCra8Ed-tqriJSnYFsmULimQ\"]}]}<\/script>\n<!-- \/ Yoast SEO plugin. -->","yoast_head_json":{"title":"Flexible und individuelle L\u00f6sungen - Ma\u00dfgerechte Planung - Sicherheitst\u00fcren Made in Italy","description":"Bauxt Sicherheitst\u00fcren werden in Struktur, Eigenschaften und Gr\u00f6\u00dfe \u201enach Ma\u00df\u201c gefertigt. Die beste L\u00f6sung f\u00fcr den spezifischen Einsatzort","robots":{"index":"index","follow":"follow","max-snippet":"max-snippet:-1","max-image-preview":"max-image-preview:large","max-video-preview":"max-video-preview:-1"},"canonical":"https:\/\/www.bauxt.com\/de\/unternehmen\/individuelle-loesungen\/","og_locale":"de_DE","og_type":"article","og_title":"Flexible und individuelle L\u00f6sungen - Ma\u00dfgerechte Planung - Sicherheitst\u00fcren Made in Italy","og_description":"Bauxt Sicherheitst\u00fcren werden in Struktur, Eigenschaften und Gr\u00f6\u00dfe \u201enach Ma\u00df\u201c gefertigt. Die beste L\u00f6sung f\u00fcr den spezifischen Einsatzort","og_url":"https:\/\/www.bauxt.com\/de\/unternehmen\/individuelle-loesungen\/","og_site_name":"Bauxt - Porte blindate Made in Italy","article_publisher":"https:\/\/www.facebook.com\/Bauxt.design\/","article_modified_time":"2017-10-12T15:57:13+00:00","twitter_card":"summary_large_image","twitter_site":"@Bauxt_design","twitter_misc":{"Gesch\u00e4tzte Lesezeit":"9\u00a0Minuten"},"schema":{"@context":"https:\/\/schema.org","@graph":[{"@type":"WebPage","@id":"https:\/\/www.bauxt.com\/de\/unternehmen\/individuelle-loesungen\/","url":"https:\/\/www.bauxt.com\/de\/unternehmen\/individuelle-loesungen\/","name":"Flexible und individuelle L\u00f6sungen - Ma\u00dfgerechte Planung - Sicherheitst\u00fcren Made in Italy","isPartOf":{"@id":"https:\/\/www.bauxt.com\/#website"},"datePublished":"2017-06-15T15:09:00+00:00","dateModified":"2017-10-12T15:57:13+00:00","description":"Bauxt Sicherheitst\u00fcren werden in Struktur, Eigenschaften und Gr\u00f6\u00dfe \u201enach Ma\u00df\u201c gefertigt. Die beste L\u00f6sung f\u00fcr den spezifischen Einsatzort","breadcrumb":{"@id":"https:\/\/www.bauxt.com\/de\/unternehmen\/individuelle-loesungen\/#breadcrumb"},"inLanguage":"de","potentialAction":[{"@type":"ReadAction","target":["https:\/\/www.bauxt.com\/de\/unternehmen\/individuelle-loesungen\/"]}]},{"@type":"BreadcrumbList","@id":"https:\/\/www.bauxt.com\/de\/unternehmen\/individuelle-loesungen\/#breadcrumb","itemListElement":[{"@type":"ListItem","position":1,"name":"Home","item":"https:\/\/www.bauxt.com\/de\/"},{"@type":"ListItem","position":2,"name":"Unternehmen","item":"https:\/\/www.bauxt.com\/de\/unternehmen\/"},{"@type":"ListItem","position":3,"name":"Individuelle L\u00f6sungen"}]},{"@type":"WebSite","@id":"https:\/\/www.bauxt.com\/#website","url":"https:\/\/www.bauxt.com\/","name":"Bauxt - Porte blindate Made in Italy","description":"Bauxt tiene al sicuro ogni casa e chi la abita","publisher":{"@id":"https:\/\/www.bauxt.com\/#organization"},"potentialAction":[{"@type":"SearchAction","target":{"@type":"EntryPoint","urlTemplate":"https:\/\/www.bauxt.com\/?s={search_term_string}"},"query-input":{"@type":"PropertyValueSpecification","valueRequired":true,"valueName":"search_term_string"}}],"inLanguage":"de"},{"@type":"Organization","@id":"https:\/\/www.bauxt.com\/#organization","name":"Bauxt Spa","url":"https:\/\/www.bauxt.com\/","logo":{"@type":"ImageObject","inLanguage":"de","@id":"https:\/\/www.bauxt.com\/#\/schema\/logo\/image\/","url":"https:\/\/www.bauxt.com\/wp-content\/uploads\/2017\/06\/bauxt-logo-retina.png","contentUrl":"https:\/\/www.bauxt.com\/wp-content\/uploads\/2017\/06\/bauxt-logo-retina.png","width":288,"height":92,"caption":"Bauxt Spa"},"image":{"@id":"https:\/\/www.bauxt.com\/#\/schema\/logo\/image\/"},"sameAs":["https:\/\/www.facebook.com\/Bauxt.design\/","https:\/\/x.com\/Bauxt_design","https:\/\/www.instagram.com\/bauxt_design\/","https:\/\/www.linkedin.com\/company-beta\/17979933\/","https:\/\/it.pinterest.com\/bauxt_design\/","https:\/\/www.youtube.com\/channel\/UCra8Ed-tqriJSnYFsmULimQ"]}]}},"_links":{"self":[{"href":"https:\/\/www.bauxt.com\/de\/wp-json\/wp\/v2\/pages\/8500","targetHints":{"allow":["GET"]}}],"collection":[{"href":"https:\/\/www.bauxt.com\/de\/wp-json\/wp\/v2\/pages"}],"about":[{"href":"https:\/\/www.bauxt.com\/de\/wp-json\/wp\/v2\/types\/page"}],"author":[{"embeddable":true,"href":"https:\/\/www.bauxt.com\/de\/wp-json\/wp\/v2\/users\/1"}],"replies":[{"embeddable":true,"href":"https:\/\/www.bauxt.com\/de\/wp-json\/wp\/v2\/comments?post=8500"}],"version-history":[{"count":7,"href":"https:\/\/www.bauxt.com\/de\/wp-json\/wp\/v2\/pages\/8500\/revisions"}],"predecessor-version":[{"id":9102,"href":"https:\/\/www.bauxt.com\/de\/wp-json\/wp\/v2\/pages\/8500\/revisions\/9102"}],"up":[{"embeddable":true,"href":"https:\/\/www.bauxt.com\/de\/wp-json\/wp\/v2\/pages\/8484"}],"wp:attachment":[{"href":"https:\/\/www.bauxt.com\/de\/wp-json\/wp\/v2\/media?parent=8500"}],"curies":[{"name":"wp","href":"https:\/\/api.w.org\/{rel}","templated":true}]}}