{"id":12199,"date":"2019-05-08T11:36:11","date_gmt":"2019-05-08T09:36:11","guid":{"rendered":"https:\/\/www.bauxt.com\/newsletter-information\/"},"modified":"2020-05-22T10:40:50","modified_gmt":"2020-05-22T08:40:50","slug":"newsletter-information","status":"publish","type":"page","link":"https:\/\/www.bauxt.com\/de\/newsletter-information\/","title":{"rendered":"Newsletter Information"},"content":{"rendered":"<div class=\"fusion-fullwidth fullwidth-box fusion-builder-row-1 nonhundred-percent-fullwidth non-hundred-percent-height-scrolling\" style=\"--awb-border-radius-top-left:0px;--awb-border-radius-top-right:0px;--awb-border-radius-bottom-right:0px;--awb-border-radius-bottom-left:0px;--awb-flex-wrap:wrap;\" ><div class=\"fusion-builder-row fusion-row\"><div class=\"fusion-layout-column fusion_builder_column fusion-builder-column-0 fusion_builder_column_1_1 1_1 fusion-one-full fusion-column-first fusion-column-last\" style=\"--awb-bg-size:cover;\"><div class=\"fusion-column-wrapper fusion-flex-column-wrapper-legacy\"><div class=\"fusion-title title fusion-title-1 fusion-sep-none fusion-title-text fusion-title-size-one\" style=\"--awb-margin-top-small:0px;--awb-margin-right-small:0px;--awb-margin-bottom-small:20px;--awb-margin-left-small:0px;\"><h1 class=\"fusion-title-heading title-heading-left\" style=\"margin:0;\"><span style=\"color: #000000;\">Datenschutzinformationen f\u00fcr Newsletter<\/span><\/h1><\/div><div class=\"fusion-title title fusion-title-2 sep-underline sep-solid fusion-title-text fusion-title-size-two\" style=\"--awb-margin-top-small:0px;--awb-margin-right-small:0px;--awb-margin-bottom-small:20px;--awb-margin-left-small:0px;\"><h2 class=\"fusion-title-heading title-heading-left\" style=\"margin:0;\">INFORMATIONEN \u00dcBER DIE VERARBEITUNG PERSONENBEZOGENER DATEN<\/h2><\/div><div class=\"fusion-sep-clear\"><\/div><div class=\"fusion-separator fusion-full-width-sep\" style=\"margin-left: auto;margin-right: auto;margin-top:10px;margin-bottom:10px;width:100%;\"><\/div><div class=\"fusion-sep-clear\"><\/div><div class=\"fusion-text fusion-text-1\"><p class=\"p1\"><span class=\"s1\">Diese Informationen werden gem\u00e4\u00df Art. 13 der EU-Verordnung 2016\/679 (DSGVO) an Nutzer weitergegeben, die mit der Website der Bauxt S.r.l. interagieren, auf die telematisch von der Adresse https:\/\/www.bauxt.com\/ \u00fcber die Startseite der Homepage zugegriffen werden kann.<\/span><\/p>\n<p class=\"p1\"><span class=\"s1\">Diese Informationen beschreiben nur die Art und Weise der Verwaltung und die Bereitstellung von Daten im Zusammenhang mit der Newsletter-Anmeldung auf der offiziellen Website des Unternehmens.<\/span><\/p>\n<p class=\"p1\"><span class=\"s1\">Zusatzinformationen k\u00f6nnen in den verschiedenen Zugriffskan\u00e4len bereitgestellt werden, die in behandelte Themen untergliedert sind. Auf der Website k\u00f6nnen weitere Informationen zu bestimmten Diensten bereitgestellt werden<\/span><span class=\"s2\">.<\/span><\/p>\n<p class=\"p1\"><span class=\"s1\"><b>Verantwortlicher f\u00fcr die Datenverarbeitung: <\/b><\/span><span class=\"s2\">Bauxt S.r.l. Via G. Agnelli,15 33053 Latisana (UD) <\/span><span class=\"s2\">Kontaktdaten: <a href=\"mailto:privacy@bauxt.com\">privacy@bauxt.com<\/a><\/span><\/p>\n<\/p>\n<div class=\"table-2\">\n<table width=\"100%\">\n<thead>\n<tr style=\"vertical-align: text-top;\">\n<th style=\"width: 40%;\" align=\"left\">\n<p class=\"p1\"><span class=\"s1\"><b>Zweck der Datenverarbeitung<\/b><\/span><\/p>\n<\/th>\n<th style=\"width: 30%;\" align=\"left\">\n<p class=\"p1\"><span class=\"s1\"><b>Rechtsgrundlage der Datenverarbeitung<\/b><\/span><\/p>\n<\/th>\n<th style=\"width: 30%;\" align=\"left\">\n<p class=\"p1\"><span class=\"s1\"><b>Dauer der Datenspeicherung<\/b><\/span><\/p>\n<\/th>\n<\/tr>\n<\/thead>\n<tbody>\n<tr style=\"vertical-align: text-top;\">\n<td style=\"width: 40%;\" align=\"left\">\n<p class=\"p1\"><span class=\"s1\">Per E-Mail die Informationen (\u201e<b>Newsletter<\/b>\u201c) des Unternehmens an diejenigen \u00fcbermitteln, die ausdr\u00fccklich angefragt haben. Zu diesem Zweck die erforderlichen Daten in das entsprechende Datenerfassungsformular eingeben. Durch die Anmeldung kann der Verantwortliche die Informationen verwalten und auf eventuelle Anfragen (auch wenn es um die L\u00f6schung geht) reagieren.<\/span><\/p>\n<\/td>\n<td style=\"width: 30%;\" align=\"left\">\n<p class=\"p1\"><span class=\"s1\">Erf\u00fcllung des Vertrages, an dem die betreffende Person beteiligt ist.<\/span><\/p>\n<\/td>\n<td style=\"width: 30%;\" align=\"left\">\n<p class=\"p1\"><span class=\"s1\">Die erfassten Daten werden so lange gespeichert, bis Sie den Newsletter abbestellen. Nach Ablauf dieser Frist werden Ihre Daten nach den technischen Verfahren der L\u00f6schung und Sicherung vernichtet oder anonymisiert.<\/span><\/p>\n<\/td>\n<\/tr>\n<\/tbody>\n<\/table>\n<\/div>\n<p>\n<p class=\"p1\"><span class=\"s1\" style=\"color: #000000;\"><b>Art der verarbeiteten Daten und Erhebungsmethoden<\/b><b><\/b><\/span><\/p>\n<p class=\"p1\"><span class=\"s1\"><b><span style=\"color: #000000;\">Vom Nutzer freiwillig zur Verf\u00fcgung gestellte Daten<\/span><br \/>\n<\/b><\/span><b><\/b>Das freiwillige und ausdr\u00fcckliche Versenden von elektronischer Post an die in den verschiedenen Zugangskan\u00e4len dieser Website angegebenen Adressen beinhaltet die anschlie\u00dfende Erfassung der Adresse und Daten des Absenders \/ Nutzers, die f\u00fcr die Erbringung der gew\u00fcnschten Dienstleistung erforderlich sind. Es ist jedoch sichergestellt, dass diese Verarbeitung auf den Grunds\u00e4tzen der Verarbeitung nach Treu und Glauben, Rechtm\u00e4\u00dfigkeit, Transparenz und des Schutzes der Vertraulichkeit beruht, so wie dies in der DSGVO vorgesehen ist.<\/p>\n<p class=\"p1\"><span class=\"s1\"><b><span style=\"color: #000000;\">Bereitstellung der Daten<\/span><br \/>\n<\/b><\/span>Die Bereitstellung personenbezogener Daten durch die betroffene Person f\u00fcr die im vorstehenden Absatz beschriebenen Zwecke gilt als verbindlich. Wenn die Daten nicht zur Verf\u00fcgung gestellt werden, k\u00f6nnen Sie m\u00f6glicherweise keine Newsletter mehr erhalten.<\/p>\n<p class=\"p1\"><span class=\"s1\"><b><span style=\"color: #000000;\">L\u00f6schung vom Dienst<\/span><br \/>\n<\/b><\/span><b><\/b><span class=\"s1\">Wenn Sie den Newsletter nicht mehr erhalten m\u00f6chten, klicken Sie auf die Schaltfl\u00e4che zum Abbestellen, die sich am Ende jedes Newsletters befindet oder kontaktieren Sie uns jederzeit unter der Adresse <\/span><a href=\"mailto:privacy@bauxt.com\"><span class=\"s2\">privacy@bauxt.com<\/span><\/a><\/p>\n<p class=\"p1\"><span class=\"s1\"><b><span style=\"color: #000000;\">Bereitstellung und\/oder Offenlegung von Daten<br \/>\n<\/span><\/b><\/span>Ihre Daten, die Gegenstand der Verarbeitung sind, werden nicht offengelegt, aber sie d\u00fcrfen gem\u00e4\u00df und im Rahmen der DSGVO jenen Gesellschaften mitgeteilt werden, die vertraglich an das Unternehmen gebunden sind. Die erhobenen Daten werden nicht ins Ausland \u00fcbertragen. Die Daten k\u00f6nnen an Dritte weitergegeben werden, die den nachfolgenden Kategorien angeh\u00f6ren:<\/p>\n<p class=\"p1\"><span class=\"s1\">\u2013 Personen, die Dienstleistungen f\u00fcr die Verwaltung des vom Unternehmen genutzten Informationssystems und der Telekommunikationsnetze erbringen (gegebenenfalls auch Unternehmen, die E-Mail-Dienste anbieten);<\/span><\/p>\n<p class=\"p2\"><span class=\"s1\">\u2013 zust\u00e4ndige Beh\u00f6rden zur Erf\u00fcllung gesetzlicher Verpflichtungen und\/oder Bestimmungen \u00f6ffentlicher Stellen auf Anfrage.<\/span><\/p>\n<p class=\"p3\"><span class=\"s1\">Die zu den oben genannten Kategorien geh\u00f6renden Personen fungieren als Auftragsverarbeiter oder arbeiten in v\u00f6lliger Autonomie als eigenst\u00e4ndige Verantwortliche. Die Liste der Auftragsverarbeiter wird st\u00e4ndig aktualisiert und ist am Unternehmenssitz verf\u00fcgbar. Jede weitere Offenlegung oder Verbreitung erfolgt nur mit Ihrer ausdr\u00fccklichen Zustimmung.<\/span><\/p>\n<p class=\"p1\"><span class=\"s1\"><b><span style=\"color: #000000;\">Allf\u00e4lliges Bestehen einer automatisierten Entscheidungsfindung<br \/>\n<\/span><\/b><\/span>Der Verantwortliche informiert die betroffene Person, dass es auf dieser Website keine automatisierte Entscheidungsfindung gibt, konkret gibt es kein Profiling-System.<\/p>\n<p class=\"p1\"><span class=\"s1\"><b><span style=\"color: #000000;\">Minderj\u00e4hrige<br \/>\n<\/span><\/b><\/span>Diese Website und die Dienste des Verantwortlichen sind nicht f\u00fcr Personen unter 16 Jahren bestimmt. Der Verantwortliche erhebt bewusst keine personenbezogenen Daten, die sich auf Minderj\u00e4hrige beziehen. Sollten die Informationen \u00fcber Minderj\u00e4hrige unbeabsichtigt gespeichert werden, werden sie vom Verantwortliche auf Anfrage der Nutzer unverz\u00fcglich gel\u00f6scht.<\/p>\n<p class=\"p1\"><span class=\"s1\"><b><span style=\"color: #000000;\">Rechte der betroffenen Person<br \/>\n<\/span><\/b><\/span><span class=\"s1\">Die betroffenen Personen haben das Recht, vom Unternehmen Informationen \u00fcber die Verarbeitung personenbezogener Daten mittels Mail an: <\/span><span class=\"s2\"><a href=\"mailto:privacy@bauxt.com\">privacy@bauxt.com<\/a> zu erhalten.<\/span><\/p>\n<ul>\n<li class=\"li1\"><span class=\"s2\"><b>Auskunftsrecht: <\/b>Wir sind transparent in Bezug auf die von uns erfassten Daten und deren Verwendung. Sie k\u00f6nnen uns jederzeit per E-Mail kontaktieren, um Auskunft \u00fcber die in unserem Besitz befindlichen Informationen zu erhalten. <\/span><\/li>\n<li class=\"li1\"><span class=\"s2\"><b>Recht auf Berichtigung:<\/b> Sie haben das Recht, die Berichtigung ungenauer oder unvollst\u00e4ndiger Informationen und deren Aktualisierung und \/ oder \u00c4nderung zu verlangen.<\/span><\/li>\n<li class=\"li1\"><span class=\"s2\"><b>Recht auf L\u00f6schung:<\/b><span class=\"Apple-converted-space\">\u00a0 <\/span>Wenn Sie eine Anfrage zur L\u00f6schung aller Sie betreffenden Daten \u00fcbermitteln, werden wir Ihre Anfrage innerhalb von 30 Tagen bearbeiten.<\/span><\/li>\n<li class=\"li1\"><span class=\"s2\"><b>Recht auf Einschr\u00e4nkung:<\/b> Sie haben das Recht, vom Verantwortlichen die Einschr\u00e4nkung der Verarbeitung Ihrer Daten zu verlangen.<\/span><\/li>\n<li class=\"li1\"><span class=\"s2\"><b>Recht auf Daten\u00fcbertragbarkeit: <\/b>Auf Ihren Wunsch exportieren wir Ihre Daten so, dass sie in einem strukturierten, g\u00e4ngigen und maschinenlesbaren Format an Dritte weitergegeben werden k\u00f6nnen.<\/span><\/li>\n<li class=\"li1\"><span class=\"s2\"><b>Widerspruchsrecht: <\/b>Sie k\u00f6nnen sich jederzeit von allen spezifischen Nutzungen Ihrer Daten (Newsletter, automatische E-Mails usw.) abmelden.<\/span><\/li>\n<li class=\"li1\"><span class=\"s2\"><b>Recht auf Beschwerde: <\/b>Wenn Sie der Ansicht sind, dass Ihre Rechte nicht gewahrt wurden, k\u00f6nnen Sie eine Beschwerde bei der zust\u00e4ndigen Beh\u00f6rde gem\u00e4\u00df den Anweisungen auf der Website:\u00a0<a href=\"http:\/\/www.garanteprivacy.it\">www.garanteprivacy.it<\/a> oder per E-Mail an <a href=\"mailto:urp@gpdp.it\">urp@gpdp.it<\/a> einreichen.\u2028<\/span><\/li>\n<\/ul>\n<\/div><div class=\"fusion-clearfix\"><\/div><\/div><\/div><\/div><\/div>\n","protected":false},"excerpt":{"rendered":"","protected":false},"author":1,"featured_media":0,"parent":0,"menu_order":0,"comment_status":"closed","ping_status":"closed","template":"","meta":{"footnotes":""},"class_list":["post-12199","page","type-page","status-publish","hentry"],"yoast_head":"<!-- This site is optimized with the Yoast SEO plugin v27.5 - https:\/\/yoast.com\/product\/yoast-seo-wordpress\/ -->\n<title>Newsletter information - Bauxt, armoured doors Made in Italy<\/title>\n<meta name=\"description\" content=\"Newsletter information - Bauxt, armoured doors Made in Italy\" \/>\n<meta name=\"robots\" content=\"index, follow, max-snippet:-1, max-image-preview:large, max-video-preview:-1\" \/>\n<link rel=\"canonical\" href=\"https:\/\/www.bauxt.com\/de\/newsletter-information\/\" \/>\n<meta property=\"og:locale\" content=\"de_DE\" \/>\n<meta property=\"og:type\" content=\"article\" \/>\n<meta property=\"og:title\" content=\"Newsletter information - Bauxt, armoured doors Made in Italy\" \/>\n<meta property=\"og:description\" content=\"Newsletter information - Bauxt, armoured doors Made in Italy\" \/>\n<meta property=\"og:url\" content=\"https:\/\/www.bauxt.com\/de\/newsletter-information\/\" \/>\n<meta property=\"og:site_name\" content=\"Bauxt - Porte blindate Made in Italy\" \/>\n<meta property=\"article:publisher\" content=\"https:\/\/www.facebook.com\/Bauxt.design\/\" \/>\n<meta property=\"article:modified_time\" content=\"2020-05-22T08:40:50+00:00\" \/>\n<meta name=\"twitter:card\" content=\"summary_large_image\" \/>\n<meta name=\"twitter:site\" content=\"@Bauxt_design\" \/>\n<meta name=\"twitter:label1\" content=\"Gesch\u00e4tzte Lesezeit\" \/>\n\t<meta name=\"twitter:data1\" content=\"6\u00a0Minuten\" \/>\n<script type=\"application\/ld+json\" class=\"yoast-schema-graph\">{\"@context\":\"https:\\\/\\\/schema.org\",\"@graph\":[{\"@type\":\"WebPage\",\"@id\":\"https:\\\/\\\/www.bauxt.com\\\/de\\\/newsletter-information\\\/\",\"url\":\"https:\\\/\\\/www.bauxt.com\\\/de\\\/newsletter-information\\\/\",\"name\":\"Newsletter information - Bauxt, armoured doors Made in Italy\",\"isPartOf\":{\"@id\":\"https:\\\/\\\/www.bauxt.com\\\/#website\"},\"datePublished\":\"2019-05-08T09:36:11+00:00\",\"dateModified\":\"2020-05-22T08:40:50+00:00\",\"description\":\"Newsletter information - Bauxt, armoured doors Made in Italy\",\"breadcrumb\":{\"@id\":\"https:\\\/\\\/www.bauxt.com\\\/de\\\/newsletter-information\\\/#breadcrumb\"},\"inLanguage\":\"de\",\"potentialAction\":[{\"@type\":\"ReadAction\",\"target\":[\"https:\\\/\\\/www.bauxt.com\\\/de\\\/newsletter-information\\\/\"]}]},{\"@type\":\"BreadcrumbList\",\"@id\":\"https:\\\/\\\/www.bauxt.com\\\/de\\\/newsletter-information\\\/#breadcrumb\",\"itemListElement\":[{\"@type\":\"ListItem\",\"position\":1,\"name\":\"Home\",\"item\":\"https:\\\/\\\/www.bauxt.com\\\/de\\\/\"},{\"@type\":\"ListItem\",\"position\":2,\"name\":\"Newsletter Information\"}]},{\"@type\":\"WebSite\",\"@id\":\"https:\\\/\\\/www.bauxt.com\\\/#website\",\"url\":\"https:\\\/\\\/www.bauxt.com\\\/\",\"name\":\"Bauxt - Porte blindate Made in Italy\",\"description\":\"Bauxt tiene al sicuro ogni casa e chi la abita\",\"publisher\":{\"@id\":\"https:\\\/\\\/www.bauxt.com\\\/#organization\"},\"potentialAction\":[{\"@type\":\"SearchAction\",\"target\":{\"@type\":\"EntryPoint\",\"urlTemplate\":\"https:\\\/\\\/www.bauxt.com\\\/?s={search_term_string}\"},\"query-input\":{\"@type\":\"PropertyValueSpecification\",\"valueRequired\":true,\"valueName\":\"search_term_string\"}}],\"inLanguage\":\"de\"},{\"@type\":\"Organization\",\"@id\":\"https:\\\/\\\/www.bauxt.com\\\/#organization\",\"name\":\"Bauxt Spa\",\"url\":\"https:\\\/\\\/www.bauxt.com\\\/\",\"logo\":{\"@type\":\"ImageObject\",\"inLanguage\":\"de\",\"@id\":\"https:\\\/\\\/www.bauxt.com\\\/#\\\/schema\\\/logo\\\/image\\\/\",\"url\":\"https:\\\/\\\/www.bauxt.com\\\/wp-content\\\/uploads\\\/2017\\\/06\\\/bauxt-logo-retina.png\",\"contentUrl\":\"https:\\\/\\\/www.bauxt.com\\\/wp-content\\\/uploads\\\/2017\\\/06\\\/bauxt-logo-retina.png\",\"width\":288,\"height\":92,\"caption\":\"Bauxt Spa\"},\"image\":{\"@id\":\"https:\\\/\\\/www.bauxt.com\\\/#\\\/schema\\\/logo\\\/image\\\/\"},\"sameAs\":[\"https:\\\/\\\/www.facebook.com\\\/Bauxt.design\\\/\",\"https:\\\/\\\/x.com\\\/Bauxt_design\",\"https:\\\/\\\/www.instagram.com\\\/bauxt_design\\\/\",\"https:\\\/\\\/www.linkedin.com\\\/company-beta\\\/17979933\\\/\",\"https:\\\/\\\/it.pinterest.com\\\/bauxt_design\\\/\",\"https:\\\/\\\/www.youtube.com\\\/channel\\\/UCra8Ed-tqriJSnYFsmULimQ\"]}]}<\/script>\n<!-- \/ Yoast SEO plugin. -->","yoast_head_json":{"title":"Newsletter information - Bauxt, armoured doors Made in Italy","description":"Newsletter information - Bauxt, armoured doors Made in Italy","robots":{"index":"index","follow":"follow","max-snippet":"max-snippet:-1","max-image-preview":"max-image-preview:large","max-video-preview":"max-video-preview:-1"},"canonical":"https:\/\/www.bauxt.com\/de\/newsletter-information\/","og_locale":"de_DE","og_type":"article","og_title":"Newsletter information - Bauxt, armoured doors Made in Italy","og_description":"Newsletter information - Bauxt, armoured doors Made in Italy","og_url":"https:\/\/www.bauxt.com\/de\/newsletter-information\/","og_site_name":"Bauxt - Porte blindate Made in Italy","article_publisher":"https:\/\/www.facebook.com\/Bauxt.design\/","article_modified_time":"2020-05-22T08:40:50+00:00","twitter_card":"summary_large_image","twitter_site":"@Bauxt_design","twitter_misc":{"Gesch\u00e4tzte Lesezeit":"6\u00a0Minuten"},"schema":{"@context":"https:\/\/schema.org","@graph":[{"@type":"WebPage","@id":"https:\/\/www.bauxt.com\/de\/newsletter-information\/","url":"https:\/\/www.bauxt.com\/de\/newsletter-information\/","name":"Newsletter information - Bauxt, armoured doors Made in Italy","isPartOf":{"@id":"https:\/\/www.bauxt.com\/#website"},"datePublished":"2019-05-08T09:36:11+00:00","dateModified":"2020-05-22T08:40:50+00:00","description":"Newsletter information - Bauxt, armoured doors Made in Italy","breadcrumb":{"@id":"https:\/\/www.bauxt.com\/de\/newsletter-information\/#breadcrumb"},"inLanguage":"de","potentialAction":[{"@type":"ReadAction","target":["https:\/\/www.bauxt.com\/de\/newsletter-information\/"]}]},{"@type":"BreadcrumbList","@id":"https:\/\/www.bauxt.com\/de\/newsletter-information\/#breadcrumb","itemListElement":[{"@type":"ListItem","position":1,"name":"Home","item":"https:\/\/www.bauxt.com\/de\/"},{"@type":"ListItem","position":2,"name":"Newsletter Information"}]},{"@type":"WebSite","@id":"https:\/\/www.bauxt.com\/#website","url":"https:\/\/www.bauxt.com\/","name":"Bauxt - Porte blindate Made in Italy","description":"Bauxt tiene al sicuro ogni casa e chi la abita","publisher":{"@id":"https:\/\/www.bauxt.com\/#organization"},"potentialAction":[{"@type":"SearchAction","target":{"@type":"EntryPoint","urlTemplate":"https:\/\/www.bauxt.com\/?s={search_term_string}"},"query-input":{"@type":"PropertyValueSpecification","valueRequired":true,"valueName":"search_term_string"}}],"inLanguage":"de"},{"@type":"Organization","@id":"https:\/\/www.bauxt.com\/#organization","name":"Bauxt Spa","url":"https:\/\/www.bauxt.com\/","logo":{"@type":"ImageObject","inLanguage":"de","@id":"https:\/\/www.bauxt.com\/#\/schema\/logo\/image\/","url":"https:\/\/www.bauxt.com\/wp-content\/uploads\/2017\/06\/bauxt-logo-retina.png","contentUrl":"https:\/\/www.bauxt.com\/wp-content\/uploads\/2017\/06\/bauxt-logo-retina.png","width":288,"height":92,"caption":"Bauxt Spa"},"image":{"@id":"https:\/\/www.bauxt.com\/#\/schema\/logo\/image\/"},"sameAs":["https:\/\/www.facebook.com\/Bauxt.design\/","https:\/\/x.com\/Bauxt_design","https:\/\/www.instagram.com\/bauxt_design\/","https:\/\/www.linkedin.com\/company-beta\/17979933\/","https:\/\/it.pinterest.com\/bauxt_design\/","https:\/\/www.youtube.com\/channel\/UCra8Ed-tqriJSnYFsmULimQ"]}]}},"_links":{"self":[{"href":"https:\/\/www.bauxt.com\/de\/wp-json\/wp\/v2\/pages\/12199","targetHints":{"allow":["GET"]}}],"collection":[{"href":"https:\/\/www.bauxt.com\/de\/wp-json\/wp\/v2\/pages"}],"about":[{"href":"https:\/\/www.bauxt.com\/de\/wp-json\/wp\/v2\/types\/page"}],"author":[{"embeddable":true,"href":"https:\/\/www.bauxt.com\/de\/wp-json\/wp\/v2\/users\/1"}],"replies":[{"embeddable":true,"href":"https:\/\/www.bauxt.com\/de\/wp-json\/wp\/v2\/comments?post=12199"}],"version-history":[{"count":6,"href":"https:\/\/www.bauxt.com\/de\/wp-json\/wp\/v2\/pages\/12199\/revisions"}],"predecessor-version":[{"id":14097,"href":"https:\/\/www.bauxt.com\/de\/wp-json\/wp\/v2\/pages\/12199\/revisions\/14097"}],"wp:attachment":[{"href":"https:\/\/www.bauxt.com\/de\/wp-json\/wp\/v2\/media?parent=12199"}],"curies":[{"name":"wp","href":"https:\/\/api.w.org\/{rel}","templated":true}]}}