{"id":11402,"date":"2019-01-18T16:56:53","date_gmt":"2019-01-18T15:56:53","guid":{"rendered":"https:\/\/www.bauxt.com\/cookie-policy\/"},"modified":"2020-05-22T11:04:27","modified_gmt":"2020-05-22T09:04:27","slug":"cookie-policy","status":"publish","type":"page","link":"https:\/\/www.bauxt.com\/de\/cookie-policy\/","title":{"rendered":"Cookie policy"},"content":{"rendered":"<div class=\"fusion-fullwidth fullwidth-box fusion-builder-row-1 nonhundred-percent-fullwidth non-hundred-percent-height-scrolling\" style=\"--awb-border-radius-top-left:0px;--awb-border-radius-top-right:0px;--awb-border-radius-bottom-right:0px;--awb-border-radius-bottom-left:0px;--awb-flex-wrap:wrap;\" ><div class=\"fusion-builder-row fusion-row\"><div class=\"fusion-layout-column fusion_builder_column fusion-builder-column-0 fusion_builder_column_1_1 1_1 fusion-one-full fusion-column-first fusion-column-last\" style=\"--awb-bg-size:cover;\"><div class=\"fusion-column-wrapper fusion-flex-column-wrapper-legacy\"><div class=\"fusion-title title fusion-title-1 sep-underline sep-solid fusion-title-text fusion-title-size-one\" style=\"--awb-margin-top-small:0px;--awb-margin-right-small:0px;--awb-margin-bottom-small:20px;--awb-margin-left-small:0px;\"><h1 class=\"fusion-title-heading title-heading-left\" style=\"margin:0;\"><span style=\"color: #000000;\">Cookie-Richtlinie<\/span><\/h1><\/div><div class=\"fusion-sep-clear\"><\/div><div class=\"fusion-separator fusion-full-width-sep\" style=\"margin-left: auto;margin-right: auto;margin-top:10px;margin-bottom:10px;width:100%;\"><\/div><div class=\"fusion-sep-clear\"><\/div><div class=\"fusion-text fusion-text-1\"><p class=\"p1\"><span class=\"s1\">Diese Website benutzt Cookies. Wir verwenden Cookies, um Inhalte und Anzeigen zu personalisieren, Social-Media-Funktionen bereitzustellen und unseren Datenverkehr zu analysieren. Wir teilen auch Informationen dar\u00fcber, wie Sie unsere Website mit unseren Partnern nutzen k\u00f6nnen, die sich mit Webdatenanalyse, Werbung und Social Media befassen, die diese mit anderen Informationen kombinieren k\u00f6nnen, die Sie ihnen zur Verf\u00fcgung gestellt haben oder die sie aufgrund Ihrer Nutzung ihrer Dienste erfasst haben. Sie stimmen unseren Cookies zu, wenn Sie unsere Website weiterhin nutzen.<br \/>\n<\/span>Cookies sind kleine Textdateien, die von Websites verwendet werden k\u00f6nnen, um die Nutzerfreundlichkeit zu verbessern.<br \/>\nDas Gesetz schreibt vor, dass wir Cookies auf Ihrem Ger\u00e4t speichern k\u00f6nnen, wenn sie f\u00fcr das Funktionieren dieser Website unbedingt erforderlich sind. Alle anderen Arten von Cookies erfordern Ihre Zustimmung.<br \/>\nDiese Seite verwendet verschiedene Arten von Cookies. Einige Cookies werden von Drittanbieterdiensten gesetzt, die auf unseren Seiten erscheinen.<br \/>\nEs ist jederzeit m\u00f6glich, Ihre Zustimmung zur Cookie-Erkl\u00e4rung auf unserer Website zu \u00e4ndern oder zu widerrufen.<br \/>\n<span class=\"s1\">Ihre Zustimmung gilt f\u00fcr die folgenden Websites:<\/span> <a href=\"https:\/\/www.bauxt.com\/\">https:\/\/www.bauxt.com\/<\/a><\/p>\n<p class=\"p1\"><span class=\"s1\">Bauxt S.r.l. <\/span><span class=\"s2\">sch\u00fctzt die Privatsph\u00e4re der Nutzer dieser Website gem\u00e4\u00df der DSGVO (EU) 2016\/679. Wir ersuchen den Nutzer der Website, vor dem Navigieren auf der Website diese Seite und ggf. die nachfolgenden Erg\u00e4nzungen zum Schutz personenbezogener Daten zu lesen. Diese Erkl\u00e4rung bezieht sich auf die Website <a href=\"https:\/\/www.bauxt.com\/\"><span class=\"s3\">https:\/\/www.bauxt.com\/<\/span><\/a><\/span><span class=\"s1\">. <\/span><span class=\"s2\">F\u00fcr alle externen Ressourcen, die vom Nutzer \u00fcber Links erreicht werden k\u00f6nnen, verweisen wir auf die Zust\u00e4ndigkeit der Websites, die dem Nutzer vorgeschlagen werden.<\/span><\/p>\n<p class=\"p1\"><span class=\"s1\"><b><span style=\"color: #000000;\">1. NAVIGATION<br \/>\n<\/span><\/b><\/span><span class=\"s1\">Auf der Website wird eine Software verwendet, um statistische Analysen zu erfassen, die uns verstehen helfen, wie Nutzer die Website verwenden, sodass die Interaktion zwischen Website und Nutzer bei sp\u00e4teren Aktualisierungen der Website verbessert werden kann: Daten werden dann f\u00fcr statistische Zwecke zusammengefasst und anonymisiert. Die \u201epassive\u201c Navigation sieht die Verwendung von Cookies (Session-Cookies oder permanente Cookies) vor, die der Nutzer auch in seinem Browser deaktivieren kann. <\/span><\/p>\n<p class=\"p1\"><span class=\"s1\"><b><span style=\"color: #000000;\">2. ERFASSUNG VON INFORMATIONEN<br \/>\n<\/span><\/b><\/span>Die Erfassung von Informationen betrifft die Informationsanfrage, die m\u00f6gliche Anmeldung f\u00fcr den Newsletter des Unternehmens.<\/p>\n<p class=\"p1\"><span class=\"s1\"><b><i><span style=\"color: #000000;\">Informationsanfrage<br \/>\n<\/span><\/i><\/b><\/span>Die im Zuge der Informationsanfrage angegebenen E-Mail-Adressen und pers\u00f6nlichen Daten werden ausschlie\u00dflich dazu verwendet, den Kontakt zwischen dem Unternehmen und dem Nutzer zu erleichtern bzw. um auf dessen Anfragen zu antworten.<\/p>\n<p class=\"p1\"><span class=\"s1\"><b><span style=\"color: #000000;\">3. COOKIES<br \/>\n<\/span><\/b><\/span>Unsere Website verwendet Cookies um zu verstehen, wie wir Besuchern ein besseres Surferlebnis bieten k\u00f6nnen. Ein Cookie ist eine kleine Textdatei mit alphanumerischen Zeichen, die im Browser gespeichert wird, sofern der Besucher einverstanden ist. Cookies enthalten Informationen, die \u00fcbertragen werden, aber es handelt sich NICHT um Informationen, die es uns erm\u00f6glichen, den Nutzer zu identifizieren, womit Ihre Privatsph\u00e4re gew\u00e4hrleistet ist!<\/p>\n<p class=\"p1\"><span class=\"s1\">Wir verwenden Analyse-\/Leistungs-Cookies, die es uns gestatten, die Anzahl der Besucher zu z\u00e4hlen und festzustellen, wie sie sich auf der Website bewegen. Die Daten werden zusammengefasst und anonymisiert, es sind keine Einzeldaten. Mit diesen Cookies k\u00f6nnen wir verstehen, wie wir die Website verbessern k\u00f6nnen oder wie wir k\u00fcnftigen Nutzern helfen k\u00f6nnen, noch schneller die gesuchten Informationen zu finden.<\/span><\/p>\n<\/p>\n<div class=\"table-2\">\n<table width=\"100%\">\n<thead>\n<tr style=\"vertical-align: text-top;\">\n<th align=\"left\">\n<p class=\"p1\"><span class=\"s1\"><b>Zweck der Datenverarbeitung<\/b><\/span><\/p>\n<\/th>\n<th align=\"left\">\n<p class=\"p1\"><span class=\"s1\"><b>Rechtsgrundlagen der Datenverarbeitung<\/b><\/span><\/p>\n<\/th>\n<th align=\"left\">\n<p class=\"p1\"><span class=\"s1\"><b>Dauer der Datenspeicherung <\/b><\/span><\/p>\n<\/th>\n<\/tr>\n<\/thead>\n<tbody>\n<tr style=\"vertical-align: text-top;\">\n<td align=\"left\">\n<p class=\"p1\"><span class=\"s1\"><b>Technische Navigations- und Funktions-Cookies<\/b><\/span><\/p>\n<p class=\"p1\"><span class=\"s1\">Die Website verwendet Erstanbieter-, Sitzungs- und persistente Cookies, damit Sie die Website sicher und effizient durchsuchen und verwenden und um die von der Website erbrachten Dienstleistungen zu verbessern.<b> <\/b>Diese Cookies, die Sie bei einem erneuten Zugriff auf die Website wiedererkennen, verhindern, dass Sie Ihre Daten jedes Mal neu eingeben m\u00fcssen.<span class=\"Apple-converted-space\">\u00a0 <\/span>Schlie\u00dflich verbessern Funktions-Cookies das Surferlebnis.<\/span><\/p>\n<\/td>\n<td align=\"left\">\n<p class=\"p1\"><span class=\"s1\">Erf\u00fcllung eines Vertrages, an dem Sie beteiligt sind &#8211; Navigation und Nutzung der Website<\/span><\/p>\n<\/td>\n<td align=\"left\">\n<p class=\"p1\"><span class=\"s1\">w\u00e4hrend der Gesamtdauer der Internetsitzung auf der Website und persistent auch am Ende der Sitzung.<\/span><\/p>\n<\/td>\n<\/tr>\n<tr style=\"vertical-align: text-top;\">\n<td align=\"left\">\n<p class=\"p1\"><span class=\"s1\"><b>Analyse-Cookies<\/b><\/span><\/p>\n<p class=\"p1\"><span class=\"s1\">Die Website verwendet Google Analytics, um Informationen \u00fcber die Nutzung der Website zu erfassen. Zu den Einstellungen von Google Analytics geh\u00f6rt die gemeinsame Nutzung von Daten mit Google, um die folgenden Dienste zu nutzen: <b>a)<\/b> Benchmarking bzw. Teilnahme an der Erhebung anonymer Daten, um den Trend der Daten besser zu verstehen, <b>b)<\/b> technische Unterst\u00fctzung, damit Google Hilfe leisten kann und <b>c)<\/b> Account-Experten, damit Google Marketing-Experten Vorschl\u00e4ge zur Verbesserung der Konfiguration und Analyse unterbreiten k\u00f6nnen.\u00a0<\/span><\/p>\n<p class=\"p1\"><span class=\"s1\">Weitere Details und Informationen finden Sie auf der Anbieterseite unter dem folgenden Link: https:\/\/support.google.com\/analytics\/answer\/1011397. In der Regel verwenden Analyse-Cookies die gesamte IP-Adresse der Website-Nutzer, um allgemeine geografische Daten in Berichten bereitzustellen. Ein<a href=\"https:\/\/tools.google.com\/dlpage\/gaoptout?hl=it\"><span class=\"s2\"> Zusatzmodul<\/span><\/a> erm\u00f6glicht es Ihnen, <b>Google Analytics zu deaktivieren.<\/b><\/span><\/p>\n<\/td>\n<td align=\"left\">\n<p class=\"p1\"><span class=\"s1\">Berechtigtes Interesse<\/span><\/p>\n<\/td>\n<td align=\"left\">\n<p class=\"p1\"><span class=\"s1\">f\u00fcr die Gesamtdauer der Internetsitzung auf der Website und persistent auch am Ende der Sitzung.<\/span><\/p>\n<\/td>\n<\/tr>\n<tr style=\"vertical-align: text-top;\">\n<td align=\"left\">\n<p class=\"p1\"><span class=\"s1\"><b> Social cookies<\/b><\/span><\/p>\n<p class=\"p1\"><span class=\"s1\">Die Website verwendet Cookies von Drittanbietern, um Nutzern die Interaktion mit sozialen Netzwerken (Facebook, Twitter, &#8230;) und insbesondere die Weitergabe von Website-Inhalten \u00fcber die oben genannten sozialen Netzwerke zu erm\u00f6glichen.<\/span><\/p>\n<\/td>\n<td align=\"left\">\n<p class=\"p1\">\n<\/td>\n<td align=\"left\"><\/td>\n<\/tr>\n<\/tbody>\n<\/table>\n<\/div>\n<p>\n<p class=\"p1\"><span class=\"s1\">Nach Ablauf der vorgenannten Aufbewahrungsfristen werden Ihre personenbezogenen Daten gem\u00e4\u00df den technischen Verfahren f\u00fcr die L\u00f6schung und Sicherung vernichtet, gel\u00f6scht oder anonymisiert.<\/span><\/p>\n<p class=\"p1\"><span class=\"s1\"><b><span style=\"color: #000000;\">Bereitstellung von Daten<br \/>\n<\/span><\/b><\/span>Wenn Sie auf eine beliebige Seite der Website zugreifen, wird ein Banner angezeigt, das kurze Informationen enth\u00e4lt. Durch Schlie\u00dfen des Banners oder weiteres Durchsuchen der Website stimme ich durch Zugriff auf andere Bereiche der Website oder Auswahl eines Elements der Website (z.B. eines Bildes oder Links) der Verwendung von Cookies zu. Die Zustimmung zur Verwendung von Cookies wird mit einem \u201etechnischen Cookie\u201c gespeichert.<\/p>\n<p class=\"p1\"><span class=\"s1\"><b><span style=\"color: #000000;\">4. DRITTANBIETERANWENDUNGEN, DIE IN UNSERE WEBSITE EINGEBUNDEN SIND<br \/>\n<\/span><\/b><\/span>Wir k\u00f6nnen Computeranwendungen von Drittanbietern auf unserer Website einbinden, die es Ihnen erm\u00f6glichen, die Inhalte unserer Website mit anderen Personen zu teilen oder diese anderen Personen \u00fcber Ihre Abfrage oder Ihre Meinung \u00fcber die Inhalte unserer Website zu informieren. Dies gilt insbesondere f\u00fcr Schaltfl\u00e4chen wie \u201eTeilen\u201c, \u201eGef\u00e4llt mir\u201c, die von sozialen Netzwerken wie \u201eFacebook\u201c, \u201eTwitter\u201c, \u201eLinkedIn\u201c, \u201eGoogle+\u201c usw. angeboten werden.<\/p>\n<p class=\"p1\"><span class=\"s1\">Das soziale Netzwerk, das eine dieser genannten Schaltfl\u00e4chen aufweist, kann den Nutzer \u00fcber diese Schaltfl\u00e4che identifizieren, auch wenn diese beim Besuch unserer Website nicht verwendet wird.<\/span><\/p>\n<p class=\"p1\"><span class=\"s1\">Diese Art von Schaltfl\u00e4che kann n\u00e4mlich dem betreffenden sozialen Netzwerk erm\u00f6glichen, Ihrer Navigation auf unserer Website zu folgen, weil Ihr Account des betreffenden sozialen Netzwerks auf Ihrem Terminal (offene Sitzung) w\u00e4hrend Ihres Besuchs auf unserer Website aktiviert wurde.<\/span><\/p>\n<p class=\"p1\"><span class=\"s1\">Wir haben keine Kontrolle \u00fcber den Vorgang, der vom sozialen Netzwerk verwendet wird, um Informationen \u00fcber Ihre Navigation auf unserer Website zu erfassen, die mit den pers\u00f6nlichen Daten, \u00fcber die es verf\u00fcgt, verkn\u00fcpft sind. Wir ersuchen Sie, die Datenschutzrichtlinien dieser sozialen Netzwerke zu konsultieren, um mehr \u00fcber den Verwendungszweck, einschlie\u00dflich Werbung, Navigationsinformationen zu erfahren, die sich mit diesen Anwendungsschaltfl\u00e4chen erfassen lassen. Diese Richtlinien sollten es Ihnen insbesondere erm\u00f6glichen, Ihre Auswahl in diesen sozialen Netzwerken \u00fcber die Einstellungen Ihrer Accounts f\u00fcr die Nutzung jedes einzelnen Netzwerks zu treffen.<\/span><\/p>\n<p class=\"p1\"><span class=\"s1\" style=\"color: #000000;\"><b>Wie man die Cookies von Drittanbietern deaktiviert<\/b><\/span><\/p>\n<ul>\n<li class=\"li2\"><span class=\"s2\"><a href=\"http:\/\/www.google.com\/ads\/preferences\/?hl=it\"><span class=\"s3\">Google-Dienste<\/span><\/a><\/span><\/li>\n<li class=\"li2\"><span class=\"s2\"><a href=\"https:\/\/www.facebook.com\/help\/cookies?ref_type=sitefooter\"><span class=\"s3\">Facebook<\/span><\/a><\/span><\/li>\n<li class=\"li2\"><span class=\"s2\"><a href=\"https:\/\/support.twitter.com\/articles\/20170519-uso-dei-cookie-e-di-altre-tecnologie-simili-da-parte-di-twitter\"><span class=\"s3\">Twitter<\/span><\/a><\/span><\/li>\n<\/ul>\n<p class=\"p1\"><span class=\"s1\"><b><span style=\"color: #000000;\">5. IHRE COOKIES-AUSWAHL<br \/>\n<\/span><\/b><\/span>Sie haben mehrere M\u00f6glichkeiten, Cookies zu verwalten. Alle von Ihnen einstellbaren Parameter k\u00f6nnen zu \u00c4nderungen Ihrer Internet-Navigations-Methoden und Ihrer Zugangsbedingungen zu bestimmten Diensten f\u00fchren, die die Verwendung von Cookies erfordern.<\/p>\n<p class=\"p1\"><span class=\"s1\">Sie k\u00f6nnen jederzeit Ihre Auswahl in Bezug auf Cookies in der nachstehend beschriebenen Art und Weise ausdr\u00fccken und \u00e4ndern.<\/span><\/p>\n<p class=\"p1\"><span class=\"s1\"><b><i><span style=\"color: #000000;\">Von Ihrem Browser angebotene Optionen<br \/>\n<\/span><\/i><\/b><\/span>Man kann den Browser so konfigurieren, dass die Cookies auf dem Ger\u00e4t gespeichert oder, im Gegenteil, entweder systematisch oder je nach Aussteller abgelehnt werden. Man kann den Browser auch so einstellen, dass die Annahme oder Ablehnung von Cookies rechtzeitig angefordert wird, bevor ein Cookie m\u00f6glicherweise auf dem Ger\u00e4t gespeichert wird. F\u00fcr weitere Informationen siehe unter \u201eWie Sie Ihre Auswahl je nach verwendetem Browser treffen k\u00f6nnen\u201c.<\/p>\n<p class=\"p1\"><span class=\"s1\"><b><span style=\"color: #000000;\">&#8211;<\/span><i><span style=\"color: #000000;\"> Zustimmung zu Cookies<br \/>\n<\/span><\/i><\/b><\/span>Das Speichern eines Cookies auf einem Ger\u00e4t unterliegt im Wesentlichen dem Ermessen des Nutzers und kann jederzeit und kostenlos durch die vom Browser angebotenen Optionen ausgedr\u00fcckt und ge\u00e4ndert werden. Wenn Sie die Speicherung von Cookies auf Ihrem Terminal \u00fcber Ihren Browser akzeptiert haben, k\u00f6nnen die in den von Ihnen aufgerufenen Seiten und Inhalten integrierten Cookies vor\u00fcbergehend in einem speziellen Bereich Ihres Ger\u00e4ts aufbewahrt werden. Diese sind nur f\u00fcr den Aussteller lesbar.<\/p>\n<p class=\"p1\"><span class=\"s1\"><b><span style=\"color: #000000;\">&#8211; <\/span><i><span style=\"color: #000000;\"> Die Ablehnung von Cookies<br \/>\n<\/span><\/i><\/b><\/span>Wenn Sie Cookies auf Ihrem Terminal ablehnen oder bereits gespeicherte Cookies entfernen, k\u00f6nnen Sie m\u00f6glicherweise nicht alle unsere interaktiven Funktionen nutzen. Dies ist der Fall, wenn Sie versuchen, auf unsere Inhalte oder Dienste zuzugreifen, die eine Identifizierung erfordern. Gleiches gilt, wenn wir oder unsere Lieferanten aus Gr\u00fcnden der technischen Kompatibilit\u00e4t den Browsertyp Ihres Ger\u00e4tes, die Sprach- und Displayeinstellungen oder das Land, aus dem das Terminal mit dem Internet verbunden ist, nicht erkennen k\u00f6nnen. In solchen F\u00e4llen lehnen wir jede Verantwortung f\u00fcr die Folgen der Funktionsst\u00f6rung unserer Dienste ab, die dadurch verursacht wird, dass wir die f\u00fcr den Betrieb erforderlichen Cookies nicht speichern oder lesen k\u00f6nnen und dass Sie diese abgelehnt oder gel\u00f6scht haben.<\/p>\n<p class=\"p1\"><span class=\"s1\"><b><span style=\"color: #000000;\">\u2013 <\/span><i><span style=\"color: #000000;\">Wie k\u00f6nnen Sie Ihre Auswahl je nach Browser, den Sie verwenden, treffen?<\/span><br \/>\n<\/i><\/b><\/span>F\u00fcr die Verwaltung von Cookies und Ihre Optionen ist die Konfiguration jedes Browsers unterschiedlich. Diese wird im Hilfemen\u00fc Ihres Browsers beschrieben, in dem Sie erfahren, wie Sie Ihre Cookies-Auswahl \u00e4ndern k\u00f6nnen.<\/p>\n<p class=\"p2\"><span class=\"s2\">Internet Explorer\u2122: <a href=\"http:\/\/windows.microsoft.com\/it-it\/internet-explorer\/delete-manage-cookies#ie=ie-11\"><span class=\"s3\">http:\/\/windows.microsoft.com\/it-it\/internet-explorer\/delete-manage-cookies#ie=ie-11<\/span><\/a><\/span><\/p>\n<p class=\"p2\"><span class=\"s2\">Safari\u2122:\u00a0<a href=\"https:\/\/support.apple.com\/it-it\/HT201265\"><span class=\"s3\">https:\/\/support.apple.com\/it-it\/HT201265 <\/span><\/a><\/span><\/p>\n<p class=\"p2\"><span class=\"s2\">Chrome\u2122: <a href=\"https:\/\/support.google.com\/accounts\/answer\/61416?hl=it\"><span class=\"s3\">https:\/\/support.google.com\/accounts\/answer\/61416?hl=it<\/span><\/a><\/span><\/p>\n<p class=\"p2\"><span class=\"s2\">Firefox\u2122:<a href=\"http:\/\/support.mozilla.org\/it\/kb\/Attivare%2520e%2520disattivare%2520i%2520cookie\"><span class=\"s3\">http:\/\/support.mozilla.org\/it\/kb\/Attivare%20e%20disattivare%20i%20cookie <\/span><\/a><\/span><\/p>\n<p class=\"p3\"><span class=\"s2\">Opera\u2122:<a href=\"http:\/\/help.opera.com\/Windows\/10.20\/it\/cookies.html\"><span class=\"s3\">http:\/\/help.opera.com\/Windows\/10.20\/it\/cookies.html <\/span><\/a><\/span><\/p>\n<p class=\"p1\"><span class=\"s1\">usw.<\/span><\/p>\n<p class=\"p1\"><span class=\"s1\">Wenn Sie der Speicherung von Cookies auf Ihrem Terminal (auch f\u00fcr Werbezwecke) nicht zustimmen m\u00f6chten, k\u00f6nnen Sie diese f\u00fcr diesen Zweck \u00fcber die entsprechende Browserfunktion konfigurieren. <\/span><\/p>\n<\/div><div class=\"fusion-clearfix\"><\/div><\/div><\/div><\/div><\/div>\n","protected":false},"excerpt":{"rendered":"","protected":false},"author":1,"featured_media":0,"parent":0,"menu_order":0,"comment_status":"closed","ping_status":"closed","template":"","meta":{"footnotes":""},"class_list":["post-11402","page","type-page","status-publish","hentry"],"yoast_head":"<!-- This site is optimized with the Yoast SEO plugin v27.5 - https:\/\/yoast.com\/product\/yoast-seo-wordpress\/ -->\n<title>Cookie policy - Bauxt - Porte blindate Made in Italy<\/title>\n<meta name=\"robots\" content=\"index, follow, max-snippet:-1, max-image-preview:large, max-video-preview:-1\" \/>\n<link rel=\"canonical\" href=\"https:\/\/www.bauxt.com\/de\/cookie-policy\/\" \/>\n<meta property=\"og:locale\" content=\"de_DE\" \/>\n<meta property=\"og:type\" content=\"article\" \/>\n<meta property=\"og:title\" content=\"Cookie policy - Bauxt - Porte blindate Made in Italy\" \/>\n<meta property=\"og:url\" content=\"https:\/\/www.bauxt.com\/de\/cookie-policy\/\" \/>\n<meta property=\"og:site_name\" content=\"Bauxt - Porte blindate Made in Italy\" \/>\n<meta property=\"article:publisher\" content=\"https:\/\/www.facebook.com\/Bauxt.design\/\" \/>\n<meta property=\"article:modified_time\" content=\"2020-05-22T09:04:27+00:00\" \/>\n<meta name=\"twitter:card\" content=\"summary_large_image\" \/>\n<meta name=\"twitter:site\" content=\"@Bauxt_design\" \/>\n<meta name=\"twitter:label1\" content=\"Gesch\u00e4tzte Lesezeit\" \/>\n\t<meta name=\"twitter:data1\" content=\"10\u00a0Minuten\" \/>\n<script type=\"application\/ld+json\" class=\"yoast-schema-graph\">{\"@context\":\"https:\\\/\\\/schema.org\",\"@graph\":[{\"@type\":\"WebPage\",\"@id\":\"https:\\\/\\\/www.bauxt.com\\\/de\\\/cookie-policy\\\/\",\"url\":\"https:\\\/\\\/www.bauxt.com\\\/de\\\/cookie-policy\\\/\",\"name\":\"Cookie policy - Bauxt - Porte blindate Made in Italy\",\"isPartOf\":{\"@id\":\"https:\\\/\\\/www.bauxt.com\\\/#website\"},\"datePublished\":\"2019-01-18T15:56:53+00:00\",\"dateModified\":\"2020-05-22T09:04:27+00:00\",\"breadcrumb\":{\"@id\":\"https:\\\/\\\/www.bauxt.com\\\/de\\\/cookie-policy\\\/#breadcrumb\"},\"inLanguage\":\"de\",\"potentialAction\":[{\"@type\":\"ReadAction\",\"target\":[\"https:\\\/\\\/www.bauxt.com\\\/de\\\/cookie-policy\\\/\"]}]},{\"@type\":\"BreadcrumbList\",\"@id\":\"https:\\\/\\\/www.bauxt.com\\\/de\\\/cookie-policy\\\/#breadcrumb\",\"itemListElement\":[{\"@type\":\"ListItem\",\"position\":1,\"name\":\"Home\",\"item\":\"https:\\\/\\\/www.bauxt.com\\\/de\\\/\"},{\"@type\":\"ListItem\",\"position\":2,\"name\":\"Cookie policy\"}]},{\"@type\":\"WebSite\",\"@id\":\"https:\\\/\\\/www.bauxt.com\\\/#website\",\"url\":\"https:\\\/\\\/www.bauxt.com\\\/\",\"name\":\"Bauxt - Porte blindate Made in Italy\",\"description\":\"Bauxt tiene al sicuro ogni casa e chi la abita\",\"publisher\":{\"@id\":\"https:\\\/\\\/www.bauxt.com\\\/#organization\"},\"potentialAction\":[{\"@type\":\"SearchAction\",\"target\":{\"@type\":\"EntryPoint\",\"urlTemplate\":\"https:\\\/\\\/www.bauxt.com\\\/?s={search_term_string}\"},\"query-input\":{\"@type\":\"PropertyValueSpecification\",\"valueRequired\":true,\"valueName\":\"search_term_string\"}}],\"inLanguage\":\"de\"},{\"@type\":\"Organization\",\"@id\":\"https:\\\/\\\/www.bauxt.com\\\/#organization\",\"name\":\"Bauxt Spa\",\"url\":\"https:\\\/\\\/www.bauxt.com\\\/\",\"logo\":{\"@type\":\"ImageObject\",\"inLanguage\":\"de\",\"@id\":\"https:\\\/\\\/www.bauxt.com\\\/#\\\/schema\\\/logo\\\/image\\\/\",\"url\":\"https:\\\/\\\/www.bauxt.com\\\/wp-content\\\/uploads\\\/2017\\\/06\\\/bauxt-logo-retina.png\",\"contentUrl\":\"https:\\\/\\\/www.bauxt.com\\\/wp-content\\\/uploads\\\/2017\\\/06\\\/bauxt-logo-retina.png\",\"width\":288,\"height\":92,\"caption\":\"Bauxt Spa\"},\"image\":{\"@id\":\"https:\\\/\\\/www.bauxt.com\\\/#\\\/schema\\\/logo\\\/image\\\/\"},\"sameAs\":[\"https:\\\/\\\/www.facebook.com\\\/Bauxt.design\\\/\",\"https:\\\/\\\/x.com\\\/Bauxt_design\",\"https:\\\/\\\/www.instagram.com\\\/bauxt_design\\\/\",\"https:\\\/\\\/www.linkedin.com\\\/company-beta\\\/17979933\\\/\",\"https:\\\/\\\/it.pinterest.com\\\/bauxt_design\\\/\",\"https:\\\/\\\/www.youtube.com\\\/channel\\\/UCra8Ed-tqriJSnYFsmULimQ\"]}]}<\/script>\n<!-- \/ Yoast SEO plugin. -->","yoast_head_json":{"title":"Cookie policy - Bauxt - Porte blindate Made in Italy","robots":{"index":"index","follow":"follow","max-snippet":"max-snippet:-1","max-image-preview":"max-image-preview:large","max-video-preview":"max-video-preview:-1"},"canonical":"https:\/\/www.bauxt.com\/de\/cookie-policy\/","og_locale":"de_DE","og_type":"article","og_title":"Cookie policy - Bauxt - Porte blindate Made in Italy","og_url":"https:\/\/www.bauxt.com\/de\/cookie-policy\/","og_site_name":"Bauxt - Porte blindate Made in Italy","article_publisher":"https:\/\/www.facebook.com\/Bauxt.design\/","article_modified_time":"2020-05-22T09:04:27+00:00","twitter_card":"summary_large_image","twitter_site":"@Bauxt_design","twitter_misc":{"Gesch\u00e4tzte Lesezeit":"10\u00a0Minuten"},"schema":{"@context":"https:\/\/schema.org","@graph":[{"@type":"WebPage","@id":"https:\/\/www.bauxt.com\/de\/cookie-policy\/","url":"https:\/\/www.bauxt.com\/de\/cookie-policy\/","name":"Cookie policy - Bauxt - Porte blindate Made in Italy","isPartOf":{"@id":"https:\/\/www.bauxt.com\/#website"},"datePublished":"2019-01-18T15:56:53+00:00","dateModified":"2020-05-22T09:04:27+00:00","breadcrumb":{"@id":"https:\/\/www.bauxt.com\/de\/cookie-policy\/#breadcrumb"},"inLanguage":"de","potentialAction":[{"@type":"ReadAction","target":["https:\/\/www.bauxt.com\/de\/cookie-policy\/"]}]},{"@type":"BreadcrumbList","@id":"https:\/\/www.bauxt.com\/de\/cookie-policy\/#breadcrumb","itemListElement":[{"@type":"ListItem","position":1,"name":"Home","item":"https:\/\/www.bauxt.com\/de\/"},{"@type":"ListItem","position":2,"name":"Cookie policy"}]},{"@type":"WebSite","@id":"https:\/\/www.bauxt.com\/#website","url":"https:\/\/www.bauxt.com\/","name":"Bauxt - Porte blindate Made in Italy","description":"Bauxt tiene al sicuro ogni casa e chi la abita","publisher":{"@id":"https:\/\/www.bauxt.com\/#organization"},"potentialAction":[{"@type":"SearchAction","target":{"@type":"EntryPoint","urlTemplate":"https:\/\/www.bauxt.com\/?s={search_term_string}"},"query-input":{"@type":"PropertyValueSpecification","valueRequired":true,"valueName":"search_term_string"}}],"inLanguage":"de"},{"@type":"Organization","@id":"https:\/\/www.bauxt.com\/#organization","name":"Bauxt Spa","url":"https:\/\/www.bauxt.com\/","logo":{"@type":"ImageObject","inLanguage":"de","@id":"https:\/\/www.bauxt.com\/#\/schema\/logo\/image\/","url":"https:\/\/www.bauxt.com\/wp-content\/uploads\/2017\/06\/bauxt-logo-retina.png","contentUrl":"https:\/\/www.bauxt.com\/wp-content\/uploads\/2017\/06\/bauxt-logo-retina.png","width":288,"height":92,"caption":"Bauxt Spa"},"image":{"@id":"https:\/\/www.bauxt.com\/#\/schema\/logo\/image\/"},"sameAs":["https:\/\/www.facebook.com\/Bauxt.design\/","https:\/\/x.com\/Bauxt_design","https:\/\/www.instagram.com\/bauxt_design\/","https:\/\/www.linkedin.com\/company-beta\/17979933\/","https:\/\/it.pinterest.com\/bauxt_design\/","https:\/\/www.youtube.com\/channel\/UCra8Ed-tqriJSnYFsmULimQ"]}]}},"_links":{"self":[{"href":"https:\/\/www.bauxt.com\/de\/wp-json\/wp\/v2\/pages\/11402","targetHints":{"allow":["GET"]}}],"collection":[{"href":"https:\/\/www.bauxt.com\/de\/wp-json\/wp\/v2\/pages"}],"about":[{"href":"https:\/\/www.bauxt.com\/de\/wp-json\/wp\/v2\/types\/page"}],"author":[{"embeddable":true,"href":"https:\/\/www.bauxt.com\/de\/wp-json\/wp\/v2\/users\/1"}],"replies":[{"embeddable":true,"href":"https:\/\/www.bauxt.com\/de\/wp-json\/wp\/v2\/comments?post=11402"}],"version-history":[{"count":4,"href":"https:\/\/www.bauxt.com\/de\/wp-json\/wp\/v2\/pages\/11402\/revisions"}],"predecessor-version":[{"id":14111,"href":"https:\/\/www.bauxt.com\/de\/wp-json\/wp\/v2\/pages\/11402\/revisions\/14111"}],"wp:attachment":[{"href":"https:\/\/www.bauxt.com\/de\/wp-json\/wp\/v2\/media?parent=11402"}],"curies":[{"name":"wp","href":"https:\/\/api.w.org\/{rel}","templated":true}]}}